{"id":25345,"date":"2021-05-31T15:33:53","date_gmt":"2021-05-31T12:33:53","guid":{"rendered":"https:\/\/www.silikotek.fi\/?post_type=product&#038;p=25345"},"modified":"2023-01-04T23:26:33","modified_gmt":"2023-01-04T21:26:33","slug":"kstools-515-1003-1-2-iskuruuvitalttasarja-11-os","status":"publish","type":"product","link":"https:\/\/silikotek.sapartners.site\/index.php\/tuote\/kstools-515-1003-1-2-iskuruuvitalttasarja-11-os\/","title":{"rendered":"Kstools 515.1003 1\/2&#8243; iskuruuvitalttasarja 11-os"},"content":{"rendered":"<ul>\n<li class=\"liste\">vaihdettavat iskup\u00e4\u00e4t, mukana 1\/4&#8243; sovitin voimak\u00e4rjille<\/li>\n<li class=\"liste\">nelikulmav\u00e4\u00e4nti\u00f6, DIN 3120 \/ ISO 1174, pallolukitus<\/li>\n<li class=\"liste\">ruuvaimen 1\/4-k\u00e4\u00e4nt\u00f6 vasaraniskulla (parabelimekanismi)<\/li>\n<li class=\"liste\">ihanteellinen ly\u00f6ntip\u00e4\u00e4<\/li>\n<li class=\"liste\">k\u00e4rkiter\u00e4 ei p\u00e4\u00e4se luiskahtamaan ulos<\/li>\n<li class=\"liste\">kiinnijumittuneiden ruuviliitosten irrottamiseen<\/li>\n<li class=\"liste\">ihanteellinen k\u00e4ytett\u00e4v\u00e4ksi moottoriajoneuvot\u00f6iss\u00e4<\/li>\n<li class=\"liste\">sis\u00e4lt\u00e4\u00e4 yleisimm\u00e4t voimak\u00e4rjet ja voimak\u00e4rkisovittimet<\/li>\n<li class=\"liste\">erikoisty\u00f6kaluter\u00e4st\u00e4<\/li>\n<li class=\"liste\">vankassa muovilaukussa\n<div class=\"container\">\n<div class=\"detail-middle--properties\">\n<div class=\"product--properties panel\">\n<table class=\"product--properties-table\">\n<tbody>\n<tr class=\"product--properties-item\">\n<td class=\"product--properties-label\">Pakkaus:<\/td>\n<td><span class=\"product--properties-value\">Muovilaukku, eritt\u00e4in tukeva<\/span><\/td>\n<\/tr>\n<tr class=\"product--properties-item\">\n<td class=\"product--properties-label\">Nelikantav\u00e4\u00e4nti\u00f6, tuuma:<\/td>\n<td><span class=\"product--properties-value\">1\/2&#8243;<\/span><\/td>\n<\/tr>\n<tr class=\"product--properties-item\">\n<td class=\"product--properties-label\">Standardi:<\/td>\n<td><span class=\"product--properties-value\">DIN 3120, ISO 1174<\/span><\/td>\n<\/tr>\n<tr class=\"product--properties-item\">\n<td class=\"product--properties-label\">Vierint\u00e4suoja:<\/td>\n<td><span class=\"product--properties-value\">Ei<\/span><\/td>\n<\/tr>\n<tr class=\"product--properties-item\">\n<td class=\"product--properties-label\">Pakkauksen sis\u00e4lt\u00f6:<\/td>\n<td><span class=\"product--properties-value\">1<\/span><\/td>\n<\/tr>\n<tr class=\"product--properties-item\">\n<td class=\"product--properties-label\">Osia sarjassa:<\/td>\n<td><span class=\"product--properties-value\">11<\/span><\/td>\n<\/tr>\n<tr class=\"product--properties-item\">\n<td class=\"product--properties-label\">Toimintoattribuutti 1:<\/td>\n<td><span class=\"product--properties-value\">Vaihdettava<\/span><\/td>\n<\/tr>\n<tr class=\"product--properties-item\">\n<td class=\"product--properties-label\">Unboxing-linkki:<\/td>\n<td><span class=\"product--properties-value\"><a href=\"http:\/\/view.vzaar.com\/16096835\/video\" target=\"_blank\" rel=\"nofollow noopener\">Video<\/a><\/span><\/td>\n<\/tr>\n<tr class=\"product--properties-item\">\n<td class=\"product--properties-label\">Paino g:<\/td>\n<td><span class=\"product--properties-value\">1000<\/span><\/td>\n<\/tr>\n<tr class=\"product--properties-item\">\n<td class=\"product--properties-label\">Materiaali1:<\/td>\n<td><span class=\"product--properties-value\">Erikoisty\u00f6kaluter\u00e4st\u00e4<\/span><\/td>\n<\/tr>\n<tr class=\"product--properties-item\">\n<td class=\"product--properties-label\">Videolinkki k\u00e4ytt\u00f6:<\/td>\n<td><span class=\"product--properties-value\"><a href=\"https:\/\/youtu.be\/hp0rdnT67lk\" target=\"_blank\" rel=\"nofollow noopener\">Video<\/a><\/span><\/td>\n<\/tr>\n<\/tbody>\n<\/table>\n<\/div>\n<\/div>\n<\/div>\n<div class=\"toggle-overlay\">\n<div class=\"toggle-hint\"><\/div>\n<\/div>\n<\/li>\n<\/ul>\n","protected":false},"excerpt":{"rendered":"<p>Tehokas iskumeisseli, mukana laaja valkikoima erilaisia p\u00e4it\u00e4<\/p>\n","protected":false},"featured_media":25346,"template":"","meta":{"_et_pb_use_builder":"","_et_pb_old_content":"","_et_gb_content_width":""},"pwb-brand":[1454],"product_brand":[],"product_cat":[768],"product_tag":[1759],"class_list":{"0":"post-25345","1":"product","2":"type-product","3":"status-publish","4":"has-post-thumbnail","6":"pwb-brand-kstools","7":"product_cat-ruuvimeisselit","8":"product_tag-iskumeisseli","10":"first","11":"instock","12":"taxable","13":"shipping-taxable","14":"purchasable","15":"product-type-simple"},"brands":[{"id":1454,"name":"Kstools","slug":"kstools"}],"_links":{"self":[{"href":"https:\/\/silikotek.sapartners.site\/index.php\/wp-json\/wp\/v2\/product\/25345","targetHints":{"allow":["GET"]}}],"collection":[{"href":"https:\/\/silikotek.sapartners.site\/index.php\/wp-json\/wp\/v2\/product"}],"about":[{"href":"https:\/\/silikotek.sapartners.site\/index.php\/wp-json\/wp\/v2\/types\/product"}],"wp:featuredmedia":[{"embeddable":true,"href":"https:\/\/silikotek.sapartners.site\/index.php\/wp-json\/wp\/v2\/media\/25346"}],"wp:attachment":[{"href":"https:\/\/silikotek.sapartners.site\/index.php\/wp-json\/wp\/v2\/media?parent=25345"}],"wp:term":[{"taxonomy":"pwb-brand","embeddable":true,"href":"https:\/\/silikotek.sapartners.site\/index.php\/wp-json\/wp\/v2\/pwb-brand?post=25345"},{"taxonomy":"product_brand","embeddable":true,"href":"https:\/\/silikotek.sapartners.site\/index.php\/wp-json\/wp\/v2\/product_brand?post=25345"},{"taxonomy":"product_cat","embeddable":true,"href":"https:\/\/silikotek.sapartners.site\/index.php\/wp-json\/wp\/v2\/product_cat?post=25345"},{"taxonomy":"product_tag","embeddable":true,"href":"https:\/\/silikotek.sapartners.site\/index.php\/wp-json\/wp\/v2\/product_tag?post=25345"}],"curies":[{"name":"wp","href":"https:\/\/api.w.org\/{rel}","templated":true}]}}