{"id":25252,"date":"2021-05-20T14:26:15","date_gmt":"2021-05-20T11:26:15","guid":{"rendered":"https:\/\/www.silikotek.fi\/?post_type=product&#038;p=25252"},"modified":"2021-05-20T14:26:21","modified_gmt":"2021-05-20T11:26:21","slug":"milwaukee-m18-akkupaketti-2x-5-0-ah-redlithium-ion-akkua-ja-laturi","status":"publish","type":"product","link":"https:\/\/silikotek.sapartners.site\/index.php\/tuote\/milwaukee-m18-akkupaketti-2x-5-0-ah-redlithium-ion-akkua-ja-laturi\/","title":{"rendered":"Milwaukee M18 Akkupaketti 2x 5.0 Ah REDLITHIUM-ION akkua ja laturi"},"content":{"rendered":"","protected":false},"excerpt":{"rendered":"<p>M18 \u2013 5,0Ah REDLITHIUM-ION akku tarjoaa maksimaalista suorituskyky\u00e4. Enemm\u00e4n k\u00e4yntiaikaa, enemm\u00e4n voimaa ja pidempi k\u00e4ytt\u00f6ik\u00e4! K\u00e4y jopa 20% viile\u00e4mp\u00e4n\u00e4 p\u00e4ivitetyn ylikuumenemissuojan ansiosta joka my\u00f6s pident\u00e4\u00e4 akun k\u00e4ytt\u00f6ik\u00e4\u00e4 ja takaa sille enemm\u00e4n latauskertoja. Markkinoiden edistyksellisin elektroniikka sek\u00e4 vankka rakenne. Virtamittari ilmaisee j\u00e4ljell\u00e4 olevan varauksen. Sopii\u00a0 M18 koneisiin<\/p>\n<form class=\"cart\" action=\"https:\/\/www.silikotek.fi\/index.php\/tuote\/akku-m18-b5-50ah-li-ion\/\" enctype=\"multipart\/form-data\" method=\"post\">\n<div class=\"quantity\"><label class=\"screen-reader-text\" for=\"quantity_60a63b3ff01ad\">Pakkaus sis\u00e4lt\u00e4\u00e4 2 x akkua ja laturin.<br \/>\n<\/label><\/div>\n<\/form>\n","protected":false},"featured_media":25253,"template":"","meta":{"_et_pb_use_builder":"","_et_pb_old_content":"","_et_gb_content_width":""},"pwb-brand":[1452],"product_brand":[],"product_cat":[744],"product_tag":[],"class_list":{"0":"post-25252","1":"product","2":"type-product","3":"status-publish","4":"has-post-thumbnail","6":"pwb-brand-milwaukee","7":"product_cat-akut-ja-laturit","9":"first","10":"instock","11":"taxable","12":"shipping-taxable","13":"purchasable","14":"product-type-simple"},"brands":[{"id":1452,"name":"Milwaukee","slug":"milwaukee"}],"_links":{"self":[{"href":"https:\/\/silikotek.sapartners.site\/index.php\/wp-json\/wp\/v2\/product\/25252","targetHints":{"allow":["GET"]}}],"collection":[{"href":"https:\/\/silikotek.sapartners.site\/index.php\/wp-json\/wp\/v2\/product"}],"about":[{"href":"https:\/\/silikotek.sapartners.site\/index.php\/wp-json\/wp\/v2\/types\/product"}],"wp:featuredmedia":[{"embeddable":true,"href":"https:\/\/silikotek.sapartners.site\/index.php\/wp-json\/wp\/v2\/media\/25253"}],"wp:attachment":[{"href":"https:\/\/silikotek.sapartners.site\/index.php\/wp-json\/wp\/v2\/media?parent=25252"}],"wp:term":[{"taxonomy":"pwb-brand","embeddable":true,"href":"https:\/\/silikotek.sapartners.site\/index.php\/wp-json\/wp\/v2\/pwb-brand?post=25252"},{"taxonomy":"product_brand","embeddable":true,"href":"https:\/\/silikotek.sapartners.site\/index.php\/wp-json\/wp\/v2\/product_brand?post=25252"},{"taxonomy":"product_cat","embeddable":true,"href":"https:\/\/silikotek.sapartners.site\/index.php\/wp-json\/wp\/v2\/product_cat?post=25252"},{"taxonomy":"product_tag","embeddable":true,"href":"https:\/\/silikotek.sapartners.site\/index.php\/wp-json\/wp\/v2\/product_tag?post=25252"}],"curies":[{"name":"wp","href":"https:\/\/api.w.org\/{rel}","templated":true}]}}