{"id":24916,"date":"2021-03-23T12:24:11","date_gmt":"2021-03-23T10:24:11","guid":{"rendered":"https:\/\/www.silikotek.fi\/?post_type=product&#038;p=24916"},"modified":"2021-03-23T12:24:12","modified_gmt":"2021-03-23T10:24:12","slug":"fein-multimaster-mm-700-max-top-set","status":"publish","type":"product","link":"https:\/\/silikotek.sapartners.site\/index.php\/tuote\/fein-multimaster-mm-700-max-top-set\/","title":{"rendered":"FEIN MULTIMASTER MM 700 Max Top set"},"content":{"rendered":"<div data-jsmorebtn-show=\"5\" data-jsmorebtn-on=\"xs\" data-jsmorebtn=\"Lue lis\u00e4\u00e4\">\n<ul class=\"list-unstyled list-style-arrow card-columns cd2col\">\n<li class=\"card\">T\u00e4rin\u00e4nvaimennusj\u00e4rjestelm\u00e4: ty\u00f6skentely on jatkuvasti turvallista ja miellytt\u00e4v\u00e4\u00e4 eritt\u00e4in v\u00e4h\u00e4isen t\u00e4rin\u00e4n ja erinomaisen \u00e4\u00e4nenvaimennuksen ansiosta.<\/li>\n<li class=\"card\">StarlockMax -ty\u00f6kalukiinnitys: ty\u00f6n nopeampi edistyminen ja suurempi tarkkuus 100 % h\u00e4vi\u00f6tt\u00f6m\u00e4n voimansiirron ansiosta.<\/li>\n<li class=\"card\">QuickIN: ty\u00f6kalunvaihto alle 3 sekunnissa FEINin patentoidulla ty\u00f6kaluttomalla pikakiinnitysj\u00e4rjestelm\u00e4ll\u00e4.<\/li>\n<li class=\"card\">StarlockMax-ty\u00f6kalukiinnityksen ansiosta voit k\u00e4ytt\u00e4\u00e4 noin 180 FEIN-tarviketta Starlock-, Starlock Plus- ja Starlock Max -teholuokissa.<\/li>\n<li class=\"card\">450 W:n FEIN-suurtehomoottori: jatkuvan kuormituksen ja ylikuormituksen kest\u00e4v\u00e4 suurtehomoottori, jossa suuri kupariosuus, takaa parhaan leikkuunopeuden ja nopeimman ty\u00f6n etenemisen.<\/li>\n<li class=\"card\">Takogeneraattori: vakaat kierrosluvut my\u00f6s kuormituksessa ja portaaton elektroninen kierrosluvun s\u00e4\u00e4t\u00f6.<\/li>\n<li class=\"card\">Metallinen voimansiirtokoneisto: Ssuuri kuormitettavuus ja maksimaalinen k\u00e4ytt\u00f6ik\u00e4, koska kaikki voimansiirron osat on valmistettu metallista.<\/li>\n<li class=\"card\">Mekaaninen liit\u00e4nt\u00e4: kiinte\u00e4\u00e4n k\u00e4ytt\u00f6\u00f6n p\u00f6yt\u00e4- tai poratelinepidikkeess\u00e4 tai syvyysrajoittimen kiinnitt\u00e4miseen.<\/li>\n<li class=\"card\">Teollisuuskaapeli: suuri toimintas\u00e4de teollisuuslaatuisen 5-metrisen, hienojohtimisen kumikaapelin ansiosta.\n<div class=\"card\">\n<div>Ottoteho 450 W<\/div>\n<\/div>\n<div class=\"card\">\n<div>Antoteho 250 W<\/div>\n<\/div>\n<div class=\"card\">\n<div>V\u00e4r\u00e4htelynopeus 10 000 &#8211; 19 500 r\/min<\/div>\n<\/div>\n<div class=\"card\">\n<div>Ty\u00f6kalunkiinnitin StarlockMax<\/div>\n<\/div>\n<div class=\"card\">\n<div>Ty\u00f6kalun vaihto QuickIN<\/div>\n<\/div>\n<div class=\"card\">\n<div>Amplitudi 2 x 2,0\u00b0<\/div>\n<\/div>\n<div class=\"card\">\n<div>Johto pistokkeineen 5 m<\/div>\n<\/div>\n<div class=\"card\">Paino EPTA:n mukaan 1,60 kg<\/p>\n<div class=\"card mb-0\">\n<div class=\"pb-0\">Melupainetaso LpA 85 dB<\/div>\n<\/div>\n<div class=\"card small\">\n<div>Mittausarvon mittausep\u00e4varmuus KpA 3 dB<\/div>\n<\/div>\n<div class=\"card mb-0\">\n<div class=\"pb-0\">\u00c4\u00e4nitehotaso LWA 96 dB<\/div>\n<\/div>\n<div class=\"card small\">\n<div>Mittausarvon mittausep\u00e4varmuus KWA 3 dB<\/div>\n<\/div>\n<div class=\"card mb-0\">\n<div class=\"pb-0\">Melun huippuarvo LpCpeak 97 dB<\/div>\n<\/div>\n<div class=\"card small\">\n<div>Mittausarvon mittausep\u00e4varmuus KpCpeak 3 dB<br \/>\nToimitussis\u00e4lt\u00f6<\/p>\n<div class=\"container section\">\n<div data-jsmorebtn-show=\"5\" data-jsmorebtn-on=\"xs\" data-jsmorebtn=\"Lue lis\u00e4\u00e4\">\n<ul class=\"list-unstyled list-style-check card-deck cd4col\">\n<li class=\"card mb-0\">2 E-Cut Standard -sahanter\u00e4\u00e4, kaareva (35 mm)<\/li>\n<li class=\"card mb-0\">2 E-Cut Standard -sahanter\u00e4\u00e4, kaareva (65 mm)<\/li>\n<li class=\"card mb-0\">1 E-Cut Precision BIM -sahanter\u00e4 (35 mm)<\/li>\n<li class=\"card mb-0\">1 E-Cut Precision BIM -sahanter\u00e4 (35 mm)<\/li>\n<li class=\"card mb-0\">1 E-Cut Long-Life -sahanter\u00e4 (10 mm)<\/li>\n<li class=\"card mb-0\">2 E-Cut Long-Life -sahanter\u00e4\u00e4 (35 mm)<\/li>\n<li class=\"card mb-0\">1 E-Cut Long-Life -sahanter\u00e4 (32 mm)<\/li>\n<li class=\"card mb-0\">1 E-Cut Long-Life -sahanter\u00e4 (42 mm)<\/li>\n<li class=\"card mb-0\">1 E-Cut Carbide Pro -sahanter\u00e4 (32 mm)<\/li>\n<li class=\"card mb-0\">1 sahanter\u00e4, segmentoitu (\u00d8 85 mm)<\/li>\n<li class=\"card mb-0\">1 HM-sahanter\u00e4 (\u00d8 75 mm)<\/li>\n<li class=\"card mb-0\">1 kovametalli-raspi (kolmionmuotoinen)<\/li>\n<li class=\"card mb-0\">1 lasta<\/li>\n<li class=\"card mb-0\">1 sienenmuotoinen leikkuuter\u00e4<\/li>\n<li class=\"card mb-0\">1 moniter\u00e4<\/li>\n<li class=\"card mb-0\">1 hiomalevy rei&#8217;itetty<\/li>\n<li class=\"card mb-0\">10 rei&#8217;itetty\u00e4 hiomapaperia kutakin karkeutta (K 60, 80, 120, 180)<\/li>\n<li class=\"card mb-0\">1 imulaitteisto<\/li>\n<li class=\"card mb-0\">1 muovinen ty\u00f6kalulaukku<\/li>\n<\/ul>\n<\/div>\n<\/div>\n<div class=\"container\">\n<hr class=\"mb\" \/>\n<\/div>\n<\/div>\n<\/div>\n<\/div>\n<\/li>\n<\/ul>\n<\/div>\n","protected":false},"excerpt":{"rendered":"<div class=\"d-none d-md-block\">\n<h2>FEIN Monitoimikone &#8211; MM 700<\/h2>\n<\/div>\n<p class=\"lead\">Paras vahva monity\u00f6kalumme mahdollistaa nopeimman ty\u00f6n edistymisen rakennettaessa ja remontoitaessa ja sis\u00e4lt\u00e4\u00e4 60 tarviketta \u2013 puun, metallin ja muovien sahaukseen, laattojen irrotukseen, silikonisaumojen ja kokolattiamattojen leikkaamiseen, liimaj\u00e4\u00e4mien poistamiseen ja laattaliiman levitt\u00e4miseen<\/p>\n","protected":false},"featured_media":24914,"template":"","meta":{"_et_pb_use_builder":"","_et_pb_old_content":"","_et_gb_content_width":""},"pwb-brand":[1710],"product_brand":[],"product_cat":[1711],"product_tag":[1714],"class_list":{"0":"post-24916","1":"product","2":"type-product","3":"status-publish","4":"has-post-thumbnail","6":"pwb-brand-fein","7":"product_cat-monitoimikoneet","8":"product_tag-tehokas-multimaster","10":"first","11":"instock","12":"taxable","13":"shipping-taxable","14":"purchasable","15":"product-type-simple"},"brands":[{"id":1710,"name":"Fein","slug":"fein"}],"_links":{"self":[{"href":"https:\/\/silikotek.sapartners.site\/index.php\/wp-json\/wp\/v2\/product\/24916","targetHints":{"allow":["GET"]}}],"collection":[{"href":"https:\/\/silikotek.sapartners.site\/index.php\/wp-json\/wp\/v2\/product"}],"about":[{"href":"https:\/\/silikotek.sapartners.site\/index.php\/wp-json\/wp\/v2\/types\/product"}],"wp:featuredmedia":[{"embeddable":true,"href":"https:\/\/silikotek.sapartners.site\/index.php\/wp-json\/wp\/v2\/media\/24914"}],"wp:attachment":[{"href":"https:\/\/silikotek.sapartners.site\/index.php\/wp-json\/wp\/v2\/media?parent=24916"}],"wp:term":[{"taxonomy":"pwb-brand","embeddable":true,"href":"https:\/\/silikotek.sapartners.site\/index.php\/wp-json\/wp\/v2\/pwb-brand?post=24916"},{"taxonomy":"product_brand","embeddable":true,"href":"https:\/\/silikotek.sapartners.site\/index.php\/wp-json\/wp\/v2\/product_brand?post=24916"},{"taxonomy":"product_cat","embeddable":true,"href":"https:\/\/silikotek.sapartners.site\/index.php\/wp-json\/wp\/v2\/product_cat?post=24916"},{"taxonomy":"product_tag","embeddable":true,"href":"https:\/\/silikotek.sapartners.site\/index.php\/wp-json\/wp\/v2\/product_tag?post=24916"}],"curies":[{"name":"wp","href":"https:\/\/api.w.org\/{rel}","templated":true}]}}