{"id":24900,"date":"2021-03-22T14:51:25","date_gmt":"2021-03-22T12:51:25","guid":{"rendered":"https:\/\/www.silikotek.fi\/?post_type=product&#038;p=24900"},"modified":"2021-03-23T12:31:46","modified_gmt":"2021-03-23T10:31:46","slug":"fein-akku-multimaster-amm-300-plus-start","status":"publish","type":"product","link":"https:\/\/silikotek.sapartners.site\/index.php\/tuote\/fein-akku-multimaster-amm-300-plus-start\/","title":{"rendered":"FEIN AKKU MULTIMASTER AMM 300 PLUS START"},"content":{"rendered":"<div class=\"card head\">\n<div>\n<ul class=\"list-unstyled list-style-arrow card-columns cd2col\">\n<li class=\"card\">T\u00e4rin\u00e4nvaimennusj\u00e4rjestelm\u00e4: ty\u00f6skentely on jatkuvasti turvallista ja miellytt\u00e4v\u00e4\u00e4 eritt\u00e4in v\u00e4h\u00e4isen t\u00e4rin\u00e4n ja erinomaisen \u00e4\u00e4nenvaimennuksen ansiosta.<\/li>\n<li class=\"card\">StarlockPlus -ty\u00f6kalukiinnitys: ty\u00f6n nopeampi edistyminen ja suurempi tarkkuus 100 % h\u00e4vi\u00f6tt\u00f6m\u00e4n voimansiirron ansiosta.<\/li>\n<li class=\"card\">QuickIN: ty\u00f6kalunvaihto alle 3 sekunnissa FEINin patentoidulla ty\u00f6kaluttomalla pikakiinnitysj\u00e4rjestelm\u00e4ll\u00e4.<\/li>\n<li class=\"card\">StarlockPlus -ty\u00f6kalukiinnityksen ansiosta voit k\u00e4ytt\u00e4\u00e4 noin 100 FEIN-tarviketta Starlock- ja StarlockPlus -teholuokissa.<\/li>\n<li class=\"card\">DC-moottori: tehokas ja v\u00e4\u00e4nt\u00f6momenttivahva moottoriteknologia tarjoaa l\u00e4hes saman tehon kuin verkkomalli.<\/li>\n<li class=\"card\">Portaaton elektroninen kierrosluvuns\u00e4\u00e4t\u00f6.<\/li>\n<li class=\"card\">Metallinen voimansiirtokoneisto: Ssuuri kuormitettavuus ja maksimaalinen k\u00e4ytt\u00f6ik\u00e4, koska kaikki voimansiirron osat on valmistettu metallista.<\/li>\n<li class=\"card\">SafetyCell-teknologia: t\u00e4ydellinen suojaus ylikuormitusta, ylikuumenemista ja syv\u00e4purkautumista vastaan kennojen erillisvalvonnalla varustetuilla litiumioniakuilla.<\/li>\n<li class=\"card\">Akun lataustila voidaan lukea suoraan akusta.<\/li>\n<\/ul>\n<p>YLEISET VAATIMUKSET<\/p>\n<\/div>\n<\/div>\n<div class=\"card w-0\"><\/div>\n<div class=\"card\">\n<div>Akun j\u00e4nnite 12 V<\/div>\n<\/div>\n<div class=\"card\">\n<div>Akun kapasiteetti 3 Ah<\/div>\n<\/div>\n<div class=\"card\">\n<div>Akkuyhteensopivuus Litiumioni<\/div>\n<\/div>\n<div class=\"card\">\n<div>Akkuliit\u00e4nt\u00e4 12 V<\/div>\n<\/div>\n<div class=\"card\">\n<div>V\u00e4r\u00e4htelynopeus11 500 &#8211; 18 000 r\/min<\/div>\n<\/div>\n<div class=\"card\">\n<div>Ty\u00f6kalunkiinnitin StarlockPlus<\/div>\n<\/div>\n<div class=\"card\">\n<div>Ty\u00f6kalun vaihto QuickIN Amplitudi 2 x 1,6\u00b0<\/div>\n<\/div>\n<div class=\"card\">\n<div>Paino akun kanssa 1,50 kg<\/div>\n<\/div>\n<div class=\"card\">\n<div>Paino ilman akkua 1,20 kg<\/div>\n<\/div>\n<div class=\"card\">\n<div class=\"card mb-0\">\n<div class=\"pb-0\">Melupainetaso LpA 70 dB<\/div>\n<\/div>\n<div class=\"card small\">\n<div>Mittausarvon mittausep\u00e4varmuus KpA 3 dB<\/div>\n<\/div>\n<div class=\"card mb-0\">\n<div class=\"pb-0\">\u00c4\u00e4nitehotaso LWA 81 dB<\/div>\n<\/div>\n<div class=\"card small\">\n<div>Mittausarvon mittausep\u00e4varmuus KWA 3 dB<\/div>\n<\/div>\n<div class=\"card mb-0\">\n<div class=\"pb-0\">Melun huippuarvo LpCpeak 83 dB<\/div>\n<\/div>\n<div class=\"card small\">\n<div>Mittausarvon mittausep\u00e4varmuus KpCpeak 3 dB<\/div>\n<\/div>\n<\/div>\n","protected":false},"excerpt":{"rendered":"<div class=\"d-none d-md-block\">\n<h2>Akkumonitoimikone<\/h2>\n<\/div>\n<p class=\"lead\">Tehokas akkuk\u00e4ytt\u00f6inen monity\u00f6kalu rakentamiseen ja remontointiin, mukana perusvarustus puun, metallien, kipsilevyn ja muovien sahaukseen.<\/p>\n","protected":false},"featured_media":24901,"template":"","meta":{"_et_pb_use_builder":"","_et_pb_old_content":"","_et_gb_content_width":""},"pwb-brand":[1710],"product_brand":[],"product_cat":[1715],"product_tag":[],"class_list":{"0":"post-24900","1":"product","2":"type-product","3":"status-publish","4":"has-post-thumbnail","6":"pwb-brand-fein","7":"product_cat-akkumonitoimikoneet","9":"first","10":"instock","11":"taxable","12":"shipping-taxable","13":"purchasable","14":"product-type-simple"},"brands":[{"id":1710,"name":"Fein","slug":"fein"}],"_links":{"self":[{"href":"https:\/\/silikotek.sapartners.site\/index.php\/wp-json\/wp\/v2\/product\/24900","targetHints":{"allow":["GET"]}}],"collection":[{"href":"https:\/\/silikotek.sapartners.site\/index.php\/wp-json\/wp\/v2\/product"}],"about":[{"href":"https:\/\/silikotek.sapartners.site\/index.php\/wp-json\/wp\/v2\/types\/product"}],"wp:featuredmedia":[{"embeddable":true,"href":"https:\/\/silikotek.sapartners.site\/index.php\/wp-json\/wp\/v2\/media\/24901"}],"wp:attachment":[{"href":"https:\/\/silikotek.sapartners.site\/index.php\/wp-json\/wp\/v2\/media?parent=24900"}],"wp:term":[{"taxonomy":"pwb-brand","embeddable":true,"href":"https:\/\/silikotek.sapartners.site\/index.php\/wp-json\/wp\/v2\/pwb-brand?post=24900"},{"taxonomy":"product_brand","embeddable":true,"href":"https:\/\/silikotek.sapartners.site\/index.php\/wp-json\/wp\/v2\/product_brand?post=24900"},{"taxonomy":"product_cat","embeddable":true,"href":"https:\/\/silikotek.sapartners.site\/index.php\/wp-json\/wp\/v2\/product_cat?post=24900"},{"taxonomy":"product_tag","embeddable":true,"href":"https:\/\/silikotek.sapartners.site\/index.php\/wp-json\/wp\/v2\/product_tag?post=24900"}],"curies":[{"name":"wp","href":"https:\/\/api.w.org\/{rel}","templated":true}]}}