{"id":24891,"date":"2021-03-19T16:06:29","date_gmt":"2021-03-19T14:06:29","guid":{"rendered":"https:\/\/www.silikotek.fi\/?post_type=product&#038;p=24891"},"modified":"2021-03-23T08:36:28","modified_gmt":"2021-03-23T06:36:28","slug":"fein-monitoimikone-multimaster-mm-300-plus-start","status":"publish","type":"product","link":"https:\/\/silikotek.sapartners.site\/index.php\/tuote\/fein-monitoimikone-multimaster-mm-300-plus-start\/","title":{"rendered":"FEIN MONITOIMIKONE MULTIMASTER MM 300 PLUS START"},"content":{"rendered":"<div class=\"card\">\n<div>Ottoteho 250 W V\u00e4r\u00e4htelynopeus 11 000 &#8211; 20 000 r\/min<\/div>\n<\/div>\n<div class=\"card\">\n<div>Ty\u00f6kalunkiinnitin StarlockPlus<\/div>\n<\/div>\n<div class=\"card\">\n<div>Ty\u00f6kalun vaihto QuickIN<\/div>\n<\/div>\n<div class=\"card\">\n<div>Amplitudi 2 x 1,6\u00b0<\/div>\n<\/div>\n<div class=\"card\">\n<div>Johto pistokkeineen 5 m<\/div>\n<\/div>\n<div class=\"card\">\n<div>\n<p>Paino EPTA:n mukaan 1,40 kg<\/p>\n<ul class=\"list-unstyled list-style-arrow card-columns cd2col\">\n<li class=\"card\">StarlockPlus -ty\u00f6kalukiinnitys: ty\u00f6n nopeampi edistyminen ja suurempi tarkkuus 100 % h\u00e4vi\u00f6tt\u00f6m\u00e4n voimansiirron ansiosta.<\/li>\n<li class=\"card\">QuickIN: ty\u00f6kalunvaihto alle 3 sekunnissa FEINin patentoidulla ty\u00f6kaluttomalla pikakiinnitysj\u00e4rjestelm\u00e4ll\u00e4.<\/li>\n<li class=\"card\">StarlockPlus -ty\u00f6kalukiinnityksen ansiosta voit k\u00e4ytt\u00e4\u00e4 noin 100 FEIN-tarviketta Starlock- ja StarlockPlus -teholuokissa.<\/li>\n<li class=\"card\">250 W:n FEIN-moottori: ylikuormituksen kest\u00e4v\u00e4 moottori, jossa suuri kupariosuus takaa suuremman tehon ja tehokkaan ty\u00f6skentelyn.<\/li>\n<li class=\"card\">Portaaton elektroninen kierrosluvuns\u00e4\u00e4t\u00f6.<\/li>\n<li class=\"card\">Metallinen voimansiirtokoneisto: Ssuuri kuormitettavuus ja maksimaalinen k\u00e4ytt\u00f6ik\u00e4, koska kaikki voimansiirron osat on valmistettu metallista.<\/li>\n<li class=\"card\">Kuppirakenne takaa maksimaalisen tukevuuden.<\/li>\n<li class=\"card\">Teollisuuskaapeli: suuri toimintas\u00e4de teollisuuslaatuisen 5-metrisen, hienojohtimisen kumikaapelin ansiosta<\/li>\n<\/ul>\n<\/div>\n<\/div>\n","protected":false},"excerpt":{"rendered":"<div class=\"d-none d-md-block\">\n<h2>Monitoimikone &#8211; MM 300<\/h2>\n<\/div>\n<p class=\"lead\">Aito alkuper\u00e4inen. Tehokas monity\u00f6kalu rakentamiseen ja remontointiin, mukana perusvarustus puun, metallien, kipsilevyn ja muovien sahaukseen.<\/p>\n","protected":false},"featured_media":24892,"template":"","meta":{"_et_pb_use_builder":"","_et_pb_old_content":"","_et_gb_content_width":""},"pwb-brand":[1710],"product_brand":[],"product_cat":[1711,381],"product_tag":[],"class_list":{"0":"post-24891","1":"product","2":"type-product","3":"status-publish","4":"has-post-thumbnail","6":"pwb-brand-fein","7":"product_cat-monitoimikoneet","8":"product_cat-pistosahat","10":"first","11":"instock","12":"taxable","13":"shipping-taxable","14":"purchasable","15":"product-type-simple"},"brands":[{"id":1710,"name":"Fein","slug":"fein"}],"_links":{"self":[{"href":"https:\/\/silikotek.sapartners.site\/index.php\/wp-json\/wp\/v2\/product\/24891","targetHints":{"allow":["GET"]}}],"collection":[{"href":"https:\/\/silikotek.sapartners.site\/index.php\/wp-json\/wp\/v2\/product"}],"about":[{"href":"https:\/\/silikotek.sapartners.site\/index.php\/wp-json\/wp\/v2\/types\/product"}],"wp:featuredmedia":[{"embeddable":true,"href":"https:\/\/silikotek.sapartners.site\/index.php\/wp-json\/wp\/v2\/media\/24892"}],"wp:attachment":[{"href":"https:\/\/silikotek.sapartners.site\/index.php\/wp-json\/wp\/v2\/media?parent=24891"}],"wp:term":[{"taxonomy":"pwb-brand","embeddable":true,"href":"https:\/\/silikotek.sapartners.site\/index.php\/wp-json\/wp\/v2\/pwb-brand?post=24891"},{"taxonomy":"product_brand","embeddable":true,"href":"https:\/\/silikotek.sapartners.site\/index.php\/wp-json\/wp\/v2\/product_brand?post=24891"},{"taxonomy":"product_cat","embeddable":true,"href":"https:\/\/silikotek.sapartners.site\/index.php\/wp-json\/wp\/v2\/product_cat?post=24891"},{"taxonomy":"product_tag","embeddable":true,"href":"https:\/\/silikotek.sapartners.site\/index.php\/wp-json\/wp\/v2\/product_tag?post=24891"}],"curies":[{"name":"wp","href":"https:\/\/api.w.org\/{rel}","templated":true}]}}