{"id":24847,"date":"2021-03-12T15:51:52","date_gmt":"2021-03-12T13:51:52","guid":{"rendered":"https:\/\/www.silikotek.fi\/?post_type=product&#038;p=24847"},"modified":"2021-03-12T16:23:49","modified_gmt":"2021-03-12T14:23:49","slug":"bgs-8604-auton-siirtovaunut-600-kg-kpl","status":"publish","type":"product","link":"https:\/\/silikotek.sapartners.site\/index.php\/tuote\/bgs-8604-auton-siirtovaunut-600-kg-kpl\/","title":{"rendered":"BGS-8604 Auton siirtovaunut 600 kg\/kpl"},"content":{"rendered":"<h3 id=\"tw-target-text\" class=\"tw-data-text tw-text-large XcVN5d tw-ta\" dir=\"ltr\" data-placeholder=\"K\u00e4\u00e4nn\u00f6s\"><span lang=\"fi\">N\u00e4ill\u00e4 siirtovaunuilla on helppo siirt\u00e4\u00e4 autoa pieniss\u00e4 ahtaissa tiloissa ihanteellinen n\u00e4yttelyihin, ty\u00f6pajoille ja hinausyrityksille kuormitettavuus 600 kg per siirtovaunu renkaan leveys max. 330 mm maavara: 160 mm enint. nostotelojen et\u00e4isyys: 360 mm (sis\u00e4\u00e4nvedettyn\u00e4) min. nostotelojen et\u00e4isyys: 660 mm (jatkettuna) mitat (sis\u00e4\u00e4nvedettyn\u00e4): 630 x 650 mm mitat (jatkettuna): 900 x 650 mm<br \/>\nPaino 24 kg \/ kpl<\/span><\/h3>\n","protected":false},"excerpt":{"rendered":"<p>Siirtovaunut myyd\u00e4\u00e4n kappaleittain<\/p>\n","protected":false},"featured_media":24848,"template":"","meta":{"_et_pb_use_builder":"","_et_pb_old_content":"","_et_gb_content_width":""},"pwb-brand":[1451],"product_brand":[],"product_cat":[766],"product_tag":[1708],"class_list":{"0":"post-24847","1":"product","2":"type-product","3":"status-publish","4":"has-post-thumbnail","6":"pwb-brand-bgs","7":"product_cat-hallitunkit-ja-nostimet","8":"product_tag-gojack-siirtovaunu","10":"first","11":"instock","12":"taxable","13":"shipping-taxable","14":"purchasable","15":"product-type-simple"},"brands":[{"id":1451,"name":"BGS","slug":"bgs"}],"_links":{"self":[{"href":"https:\/\/silikotek.sapartners.site\/index.php\/wp-json\/wp\/v2\/product\/24847","targetHints":{"allow":["GET"]}}],"collection":[{"href":"https:\/\/silikotek.sapartners.site\/index.php\/wp-json\/wp\/v2\/product"}],"about":[{"href":"https:\/\/silikotek.sapartners.site\/index.php\/wp-json\/wp\/v2\/types\/product"}],"wp:featuredmedia":[{"embeddable":true,"href":"https:\/\/silikotek.sapartners.site\/index.php\/wp-json\/wp\/v2\/media\/24848"}],"wp:attachment":[{"href":"https:\/\/silikotek.sapartners.site\/index.php\/wp-json\/wp\/v2\/media?parent=24847"}],"wp:term":[{"taxonomy":"pwb-brand","embeddable":true,"href":"https:\/\/silikotek.sapartners.site\/index.php\/wp-json\/wp\/v2\/pwb-brand?post=24847"},{"taxonomy":"product_brand","embeddable":true,"href":"https:\/\/silikotek.sapartners.site\/index.php\/wp-json\/wp\/v2\/product_brand?post=24847"},{"taxonomy":"product_cat","embeddable":true,"href":"https:\/\/silikotek.sapartners.site\/index.php\/wp-json\/wp\/v2\/product_cat?post=24847"},{"taxonomy":"product_tag","embeddable":true,"href":"https:\/\/silikotek.sapartners.site\/index.php\/wp-json\/wp\/v2\/product_tag?post=24847"}],"curies":[{"name":"wp","href":"https:\/\/api.w.org\/{rel}","templated":true}]}}