{"id":24773,"date":"2021-03-08T15:05:57","date_gmt":"2021-03-08T13:05:57","guid":{"rendered":"https:\/\/www.silikotek.fi\/?post_type=product&#038;p=24773"},"modified":"2021-03-08T15:55:42","modified_gmt":"2021-03-08T13:55:42","slug":"milwaukee-akkuvetoniittipihti-m12-bprt-0","status":"publish","type":"product","link":"https:\/\/silikotek.sapartners.site\/index.php\/tuote\/milwaukee-akkuvetoniittipihti-m12-bprt-0\/","title":{"rendered":"MILWAUKEE AKKUVETONIITTIPIHTI M12 BPRT-0"},"content":{"rendered":"<p>Niittaa yhdell\u00e4 latauksella jopa 325 x 4,8 mm ruostumattomia ter\u00e4sniittej\u00e4 2,0 Ah akulla<br \/>\nNiittaa alumiiniin, ter\u00e4kseen, ruostumattomaan ter\u00e4kseen ja kupariin jopa 4,8 mm asti<br \/>\nNiittej\u00e4 yhdell\u00e4 iskulla 20,32 mm iskunpituudella. Suutinkappale pit\u00e4\u00e4 niitit paikoillaanLeukojen<br \/>\npuhdistaminen onnistuu helposti ilman ty\u00f6kaluja. S\u00e4ilytyspaikka suuttimelle ja irrotusty\u00f6kalulle.<br \/>\nVirtamittari ja LED-ty\u00f6valo. Ergonominen suunnittelu 273 mm x 66,8 mm x 165 mm ilman karanker\u00e4\u00e4j\u00e4\u00e4.<br \/>\nVy\u00f6pidin ja paikka sidottavalle nauhalle. REDLITHIUM&#x2122;-akun ylivoimainen rakenne, elektroniikka ja jatkuva suorituskyky takaavat pidemm\u00e4n k\u00e4ytt\u00f6ajan ja -i\u00e4n<br \/>\nToimii kaikilla MILWAUKEE\u00ae M12&#x2122; -akuilla. Mukana toimitetaan 4 x suutinkappale 2.4 &#8211; 4.8<\/p>\n<table class=\"table product__detail-table js-responsive-table\">\n<tbody>\n<tr>\n<th class=\"product__detail-table--no-border table-area-heading\">TEKNISET TIEDOT<\/th>\n<th class=\"product__detail-table--no-border product__detail-table--centered\"><img decoding=\"async\" class=\"js-disable-right-click\" src=\"https:\/\/dgvcw7pll0qa8.cloudfront.net\/remote.axd\/milwaukee-media-images.s3.amazonaws.com\/hi\/M12_BPRT-201X--Hero_1.jpg?v=18C0DA1BB97BC137CE53D99A59C874DC&amp;width=174\" alt=\"M12 BPRT-201X\" \/>M12 BPRT-201X<\/th>\n<th class=\"product__detail-table--no-border product__detail-table--centered\"><img decoding=\"async\" class=\"js-disable-right-click\" src=\"https:\/\/dgvcw7pll0qa8.cloudfront.net\/remote.axd\/milwaukee-media-images.s3.amazonaws.com\/hi\/M12_BPRT-0--Hero_1.jpg?v=098D143BA36670C46DB47AD9FC9955E7&amp;width=174\" alt=\"M12 BPRT-0\" \/>M12 BPRT-0<\/th>\n<\/tr>\n<tr>\n<th>Akkutyyppi<\/th>\n<td data-th=\"Akkutyyppi\">Li-ion<\/td>\n<td data-th=\"Akkutyyppi\">\u2212<\/td>\n<\/tr>\n<tr>\n<th>Akun kapasiteetti (Ah)<\/th>\n<td data-th=\"Akun kapasiteetti (Ah)\">2.0<\/td>\n<td data-th=\"Akun kapasiteetti (Ah)\">Ei akkuja<\/td>\n<\/tr>\n<tr>\n<th>Iskun pituus (mm)<\/th>\n<td data-th=\"Iskun pituus (mm)\">20.32<\/td>\n<td data-th=\"Iskun pituus (mm)\">20.32<\/td>\n<\/tr>\n<tr>\n<th>Maks. niittaukset yhdell\u00e4 M12 B2 akulla (mm)<\/th>\n<td data-th=\"Maks. niittaukset yhdell\u00e4 M12 B2 akulla (mm)\">325 x 4.8<\/td>\n<td data-th=\"Maks. niittaukset yhdell\u00e4 M12 B2 akulla (mm)\">325 x 4.8<\/td>\n<\/tr>\n<tr>\n<th>Maks. vetovoima (N)<\/th>\n<td data-th=\"Maks. vetovoima (N)\">9000<\/td>\n<td data-th=\"Maks. vetovoima (N)\">9000<\/td>\n<\/tr>\n<tr>\n<th>Mitat (mm)<\/th>\n<td data-th=\"Mitat (mm)\">273 x 66 x 8 x 230<\/td>\n<td data-th=\"Mitat (mm)\">273 x 66 x 8 x 230<\/td>\n<\/tr>\n<tr>\n<th>Mukana tulevien akkujen m\u00e4\u00e4r\u00e4<\/th>\n<td data-th=\"Mukana tulevien akkujen m\u00e4\u00e4r\u00e4\">1<\/td>\n<td data-th=\"Mukana tulevien akkujen m\u00e4\u00e4r\u00e4\">0<\/td>\n<\/tr>\n<tr>\n<th>Niittausv\u00e4li (mm)<\/th>\n<td data-th=\"Niittausv\u00e4li (mm)\">2.4 &#8211; 4.8<\/td>\n<td data-th=\"Niittausv\u00e4li (mm)\">2.4 &#8211; 4.8<\/td>\n<\/tr>\n<tr>\n<th>Paino akun kanssa (kg)<\/th>\n<td data-th=\"Paino akun kanssa (kg)\">2.1<\/td>\n<td data-th=\"Paino akun kanssa (kg)\">&#8211;<\/td>\n<\/tr>\n<tr>\n<th>Sis\u00e4lt\u00e4\u00e4<\/th>\n<td data-th=\"Sis\u00e4lt\u00e4\u00e4\">1 x M12 B2 Akku, C12\u00a0C Laturi, HD Box<\/td>\n<td data-th=\"Sis\u00e4lt\u00e4\u00e4\">\u2212<\/td>\n<\/tr>\n<tr>\n<th>Sis. suutinkappaleet<\/th>\n<td data-th=\"Sis. suutinkappaleet\">2.4, 3.2, 4.0, 4.8<\/td>\n<td data-th=\"Sis. suutinkappaleet\">2.4, 3.2, 4.0, 4.8<\/td>\n<\/tr>\n<tr>\n<th>Toimitetaan<\/th>\n<td data-th=\"Toimitetaan\">HD Box<\/td>\n<td data-th=\"Toimitetaan\">Toimitetaan ilman laatikkoa<\/td>\n<\/tr>\n<tr>\n<th>Tuotenumero<\/th>\n<td data-th=\"Tuotenumero\">4933464405<\/td>\n<td data-th=\"Tuotenumero\">4933464404<\/td>\n<\/tr>\n<tr>\n<th>Voltit (DC) (V)<\/th>\n<td data-th=\"Voltit (DC) (V)\">12<\/td>\n<td data-th=\"Voltit (DC) (V)\">12<\/td>\n<\/tr>\n<tr>\n<th>Voltit (V)<\/th>\n<td data-th=\"Voltit (V)\">12<\/td>\n<td data-th=\"Voltit (V)\">12<\/td>\n<\/tr>\n<\/tbody>\n<\/table>\n","protected":false},"excerpt":{"rendered":"<p>N\u00e4pp\u00e4r\u00e4 vetoniittipihti p\u00e4ivitt\u00e4iseen k\u00e4ytt\u00f6\u00f6n.<\/p>\n","protected":false},"featured_media":24785,"template":"","meta":{"_et_pb_use_builder":"","_et_pb_old_content":"","_et_gb_content_width":""},"pwb-brand":[1452],"product_brand":[],"product_cat":[901],"product_tag":[1705],"class_list":{"0":"post-24773","1":"product","2":"type-product","3":"status-publish","4":"has-post-thumbnail","6":"pwb-brand-milwaukee","7":"product_cat-akkutoimiset-niittipihdit","8":"product_tag-popniittipihti-akkukayttoinen","10":"first","11":"instock","12":"taxable","13":"shipping-taxable","14":"purchasable","15":"product-type-simple"},"brands":[{"id":1452,"name":"Milwaukee","slug":"milwaukee"}],"_links":{"self":[{"href":"https:\/\/silikotek.sapartners.site\/index.php\/wp-json\/wp\/v2\/product\/24773","targetHints":{"allow":["GET"]}}],"collection":[{"href":"https:\/\/silikotek.sapartners.site\/index.php\/wp-json\/wp\/v2\/product"}],"about":[{"href":"https:\/\/silikotek.sapartners.site\/index.php\/wp-json\/wp\/v2\/types\/product"}],"wp:featuredmedia":[{"embeddable":true,"href":"https:\/\/silikotek.sapartners.site\/index.php\/wp-json\/wp\/v2\/media\/24785"}],"wp:attachment":[{"href":"https:\/\/silikotek.sapartners.site\/index.php\/wp-json\/wp\/v2\/media?parent=24773"}],"wp:term":[{"taxonomy":"pwb-brand","embeddable":true,"href":"https:\/\/silikotek.sapartners.site\/index.php\/wp-json\/wp\/v2\/pwb-brand?post=24773"},{"taxonomy":"product_brand","embeddable":true,"href":"https:\/\/silikotek.sapartners.site\/index.php\/wp-json\/wp\/v2\/product_brand?post=24773"},{"taxonomy":"product_cat","embeddable":true,"href":"https:\/\/silikotek.sapartners.site\/index.php\/wp-json\/wp\/v2\/product_cat?post=24773"},{"taxonomy":"product_tag","embeddable":true,"href":"https:\/\/silikotek.sapartners.site\/index.php\/wp-json\/wp\/v2\/product_tag?post=24773"}],"curies":[{"name":"wp","href":"https:\/\/api.w.org\/{rel}","templated":true}]}}