{"id":24769,"date":"2021-03-08T13:52:30","date_gmt":"2021-03-08T11:52:30","guid":{"rendered":"https:\/\/www.silikotek.fi\/?post_type=product&#038;p=24769"},"modified":"2021-03-10T13:32:55","modified_gmt":"2021-03-10T11:32:55","slug":"akkuyhdistelmaporavasara-sds-plus-m18-ch-0x-milwaukee","status":"publish","type":"product","link":"https:\/\/silikotek.sapartners.site\/index.php\/tuote\/akkuyhdistelmaporavasara-sds-plus-m18-ch-0x-milwaukee\/","title":{"rendered":"Milwaukee Akkuyhdistelm\u00e4poravasara SDS-PLUS M18 CH-0X"},"content":{"rendered":"<div class=\"product__description-content js-product-content\">\n<table class=\"table product__detail-table js-responsive-table\">\n<tbody>\n<tr>\n<th class=\"product__detail-table--no-border table-area-heading\">TEKNISET TIEDOT<\/th>\n<th class=\"product__detail-table--no-border product__detail-table--centered\">M18 CH-0X<\/th>\n<\/tr>\n<tr>\n<th>Akkutyyppi<\/th>\n<td data-th=\"Akkutyyppi\">\u2212<\/td>\n<\/tr>\n<tr>\n<th>Akun kapasiteetti (Ah)<\/th>\n<td data-th=\"Akun kapasiteetti (Ah)\">Ei akkuja<\/td>\n<\/tr>\n<tr>\n<th>Iskuenergia (EPTA) (J)<\/th>\n<td data-th=\"Iskuenergia (EPTA) (J)\">2.5<\/td>\n<\/tr>\n<tr>\n<th>Kuormittamaton nopeus (kierr.\/min)<\/th>\n<td data-th=\"Kuormittamaton nopeus (kierr.\/min)\">0 &#8211; 1400<\/td>\n<\/tr>\n<tr>\n<th>Maks. iskuluku (iskua\/min)<\/th>\n<td data-th=\"Maks. iskuluku (iskua\/min)\">0 &#8211; 4900<\/td>\n<\/tr>\n<tr>\n<th>Maks. poraus betoniin (mm)<\/th>\n<td data-th=\"Maks. poraus betoniin (mm)\">26<\/td>\n<\/tr>\n<tr>\n<th>Maks. poraus puuhun (mm)<\/th>\n<td data-th=\"Maks. poraus puuhun (mm)\">30<\/td>\n<\/tr>\n<tr>\n<th>Maks. poraus ter\u00e4kseen (mm)<\/th>\n<td data-th=\"Maks. poraus ter\u00e4kseen (mm)\">13<\/td>\n<\/tr>\n<tr>\n<th>Maks. porauskapasiteetti puuhun\/ter\u00e4kseen\/betoniin (mm)<\/th>\n<td data-th=\"Maks. porauskapasiteetti puuhun\/ter\u00e4kseen\/betoniin (mm)\">30\/ 13\/ 26<\/td>\n<\/tr>\n<tr>\n<th>Mukana tulevien akkujen m\u00e4\u00e4r\u00e4<\/th>\n<td data-th=\"Mukana tulevien akkujen m\u00e4\u00e4r\u00e4\">0<\/td>\n<\/tr>\n<tr>\n<th>Paino akun kanssa (kg)<\/th>\n<td data-th=\"Paino akun kanssa (kg)\">&#8211;<\/td>\n<\/tr>\n<tr>\n<th>Poraust\u00e4r\u00e4htely (m\/s\u00b2)<\/th>\n<td data-th=\"Poraust\u00e4r\u00e4htely (m\/s\u00b2)\">8.9<\/td>\n<\/tr>\n<tr>\n<th>T\u00e4rin\u00e4taso poraaminen: ep\u00e4varmuus (m\/s\u00b2)<\/th>\n<td data-th=\"T\u00e4rin\u00e4taso poraaminen: ep\u00e4varmuus (m\/s\u00b2)\">1.5<\/td>\n<\/tr>\n<tr>\n<th>T\u00e4rin\u00e4taso talttaaminen (m\/s\u00b2)<\/th>\n<td data-th=\"T\u00e4rin\u00e4taso talttaaminen (m\/s\u00b2)\">9.5<\/td>\n<\/tr>\n<tr>\n<th>T\u00e4rin\u00e4taso talttaaminen: ep\u00e4varmuus (m\/s\u00b2)<\/th>\n<td data-th=\"T\u00e4rin\u00e4taso talttaaminen: ep\u00e4varmuus (m\/s\u00b2)\">1.5<\/td>\n<\/tr>\n<tr>\n<th>Toimitetaan<\/th>\n<td data-th=\"Toimitetaan\">HD Box<\/td>\n<\/tr>\n<tr>\n<th>Tuotenumero<\/th>\n<td data-th=\"Tuotenumero\">4933471275<\/td>\n<\/tr>\n<tr>\n<th>Ty\u00f6kalun kiinnitys<\/th>\n<td data-th=\"Ty\u00f6kalun kiinnitys\">SDS-Plus<\/td>\n<\/tr>\n<tr>\n<th>Vakiovarustus<\/th>\n<td data-th=\"Vakiovarustus\">Sivukahva, syvyysrajoitin, voiteluaine<\/td>\n<\/tr>\n<tr>\n<th>Voltit (V)<\/th>\n<td data-th=\"Voltit (V)\">18<\/td>\n<\/tr>\n<\/tbody>\n<\/table>\n<p><iframe loading=\"lazy\" title=\"Milwaukee\u00ae M18\u2122 System: Overview\" width=\"1080\" height=\"608\" src=\"https:\/\/www.youtube.com\/embed\/NiJUqDhuRzs?feature=oembed\"  allow=\"accelerometer; autoplay; clipboard-write; encrypted-media; gyroscope; picture-in-picture\" allowfullscreen><\/iframe><\/p>\n<\/div>\n","protected":false},"excerpt":{"rendered":"<p>Hiiliharjaton POWERSTATE-moottori kest\u00e4\u00e4 jopa 2x pidemp\u00e4\u00e4n ja on jopa 25 % enemm\u00e4n voimakkaampi. \u00c4lyk\u00e4s digitaalinen REDLINK PLUS&#x2122; -j\u00e4rjestelm\u00e4 suojaa ty\u00f6kalua ja akkua ylikuormitukselta sek\u00e4 optimoi tehoa kuormituksen mukaan. REDLITHIUM-akku tuottaa jopa 2,5x pidemm\u00e4n k\u00e4ytt\u00f6ajan, 20 % enemm\u00e4n tehoa, 2x pidemm\u00e4n akun k\u00e4ytt\u00f6i\u00e4n ja toimii jopa -20\u00b0C l\u00e4mp\u00f6tilassa paremmin kuin muut litiumioniteknologiaan perustuvat akut.<\/p>\n<p>Luokkansa toiseksi voimakkaimmin iskev\u00e4 SDS-poravasara. Tehokas vasarointimekanismi. tuottaa 2,5 joulen iskuenergian ja matalan 8,9 m\/s\u00b2 t\u00e4rin\u00e4tason. Pieni koko ja ergonominen muotoilu parantavat k\u00e4ytt\u00f6mukavuutta.<br \/>\nKokometallinen vaihteisto: vaihteiden oikea asettelu pident\u00e4\u00e4 k\u00e4ytt\u00f6ik\u00e4\u00e4. 4 toimintatilaa: poraus, iskuporaus, vasarointi, monik\u00e4ytt\u00f6inen Variolock. Yksitt\u00e4isten akun kennojen valvonta optimoi ty\u00f6kalun k\u00e4ytt\u00f6ajan ja varmistaa akun kest\u00e4vyyden.<br \/>\nVirtamittari ilmaisee j\u00e4ljell\u00e4 olevan varauksen. Yhteensopiva\u00a0<a href=\"https:\/\/fi.milwaukeetool.eu\/fi-fi\/m18-fuel-sds-plus-polynimuri-poravasaralle\/m18-cdex\/\">M18 CDEX<\/a> -p\u00f6lynimurin kanssa. Toimitetaan ilman akkua ja laturia.<\/p>\n","protected":false},"featured_media":24822,"template":"","meta":{"_et_pb_use_builder":"","_et_pb_old_content":"","_et_gb_content_width":""},"pwb-brand":[1452],"product_brand":[],"product_cat":[740],"product_tag":[1704,1703],"class_list":{"0":"post-24769","1":"product","2":"type-product","3":"status-publish","4":"has-post-thumbnail","6":"pwb-brand-milwaukee","7":"product_cat-akkuporavasarat","8":"product_tag-piikkausvasara-akkukayttoinenn","9":"product_tag-pora","11":"first","12":"instock","13":"taxable","14":"shipping-taxable","15":"purchasable","16":"product-type-simple"},"brands":[{"id":1452,"name":"Milwaukee","slug":"milwaukee"}],"_links":{"self":[{"href":"https:\/\/silikotek.sapartners.site\/index.php\/wp-json\/wp\/v2\/product\/24769","targetHints":{"allow":["GET"]}}],"collection":[{"href":"https:\/\/silikotek.sapartners.site\/index.php\/wp-json\/wp\/v2\/product"}],"about":[{"href":"https:\/\/silikotek.sapartners.site\/index.php\/wp-json\/wp\/v2\/types\/product"}],"wp:featuredmedia":[{"embeddable":true,"href":"https:\/\/silikotek.sapartners.site\/index.php\/wp-json\/wp\/v2\/media\/24822"}],"wp:attachment":[{"href":"https:\/\/silikotek.sapartners.site\/index.php\/wp-json\/wp\/v2\/media?parent=24769"}],"wp:term":[{"taxonomy":"pwb-brand","embeddable":true,"href":"https:\/\/silikotek.sapartners.site\/index.php\/wp-json\/wp\/v2\/pwb-brand?post=24769"},{"taxonomy":"product_brand","embeddable":true,"href":"https:\/\/silikotek.sapartners.site\/index.php\/wp-json\/wp\/v2\/product_brand?post=24769"},{"taxonomy":"product_cat","embeddable":true,"href":"https:\/\/silikotek.sapartners.site\/index.php\/wp-json\/wp\/v2\/product_cat?post=24769"},{"taxonomy":"product_tag","embeddable":true,"href":"https:\/\/silikotek.sapartners.site\/index.php\/wp-json\/wp\/v2\/product_tag?post=24769"}],"curies":[{"name":"wp","href":"https:\/\/api.w.org\/{rel}","templated":true}]}}