{"id":24753,"date":"2021-03-08T11:27:23","date_gmt":"2021-03-08T09:27:23","guid":{"rendered":"https:\/\/www.silikotek.fi\/?post_type=product&#038;p=24753"},"modified":"2022-03-03T08:20:51","modified_gmt":"2022-03-03T06:20:51","slug":"flex-turvallisuusimuri-vce-44-h-ac-kit-230-cee","status":"publish","type":"product","link":"https:\/\/silikotek.sapartners.site\/index.php\/tuote\/flex-turvallisuusimuri-vce-44-h-ac-kit-230-cee\/","title":{"rendered":"Flex turvallisuus-imuri VCE 44 H AC -Kit 230\/CEE"},"content":{"rendered":"<div class=\"tuotekortticontainer\">\n<ul class=\"contentlist productDetail__featureList js-toggle-list\">\n<li class=\"productDetail__featureListItem \">Ilman ty\u00f6kaluja asennettava adapteri, jonka avulla L-BOXX ja Tanos systainer voidaan kiinnitt\u00e4\u00e4 imurin p\u00e4\u00e4lle<\/li>\n<li class=\"productDetail__featureListItem \">Vahva moottori varmistaa tehokkaan imukyvyn. Tuloksena erinomainen p\u00f6lynpoisto<\/li>\n<li class=\"productDetail__featureListItem \">Jatkuva ja automaattinen suodattimen puhdistus pit\u00e4\u00e4 imutehon vakiona<\/li>\n<li class=\"productDetail__featureListItem fadeInDown\">Tasosuodattimen Teflon pinnoite \/ nano pinnoite mahdollistaa s\u00e4ili\u00f6n optimaalisen k\u00e4yt\u00f6n<\/li>\n<li class=\"productDetail__featureListItem fadeInDown\">Integroitu pistoke sek\u00e4 automaattinen p\u00e4\u00e4lle\/pois-toiminto<\/li>\n<li class=\"productDetail__featureListItem fadeInDown\">Virtausanturitekniikka valvoo virtausnopeutta ja ilmoittaa valolla ja \u00e4\u00e4nell\u00e4 mik\u00e4li arvo tippuu alle lakis\u00e4\u00e4teisen minimin \u2264 20m\/s<\/li>\n<li class=\"productDetail__featureListItem fadeInDown\">Valo- ja \u00e4\u00e4nisignaali HEPA-suodattimen tarkkailuun<\/li>\n<li class=\"productDetail__featureListItem fadeInDown\">Imunopeuden s\u00e4\u00e4t\u00f6 kytkimell\u00e4 helpottaa alipaineen hallintaa hiottaessa tasomaisia pintoja<\/li>\n<li class=\"productDetail__featureListItem fadeInDown\">Imuletkun halkaisijan s\u00e4\u00e4t\u00f6<\/li>\n<li class=\"productDetail__featureListItem fadeInDown\">M\u00e4rk\u00e4imurointiin: Elektroninen kosteuden valvonta<\/li>\n<li class=\"productDetail__featureListItem fadeInDown\">K\u00e4ynnistysviive h\u00e4vitt\u00e4\u00e4 J\u00e4nnitepiikit k\u00e4ynnistett\u00e4ess\u00e4 ja sammutusviive tyhjent\u00e4\u00e4 imuletkuun mahdollisesti j\u00e4\u00e4neen p\u00f6lyn.<\/li>\n<li class=\"productDetail__featureListItem fadeInDown\">Vankka s\u00e4ili\u00f6 kaksinkertaisella kuorella. Helppo tyhjent\u00e4\u00e4 integroidun kahvan ansiosta<\/li>\n<li class=\"productDetail__featureListItem fadeInDown\">Antistaattiseksi k\u00e4sitelty imuletku<\/li>\n<li class=\"productDetail__featureListItem fadeInDown\">Varustettu suurilla renkailla sek\u00e4 kahdella k\u00e4\u00e4ntyv\u00e4ll\u00e4 metallisella ohjausrullalla<\/li>\n<li class=\"productDetail__featureListItem fadeInDown\">Erillinen moottorin j\u00e4\u00e4hdytysilmaputki jossa karkean lian suodatin, puhdistaa j\u00e4\u00e4hdytysilman moottorin suojelemiseksi, mink\u00e4 ansiosta huoltov\u00e4li pitenee. (Hienop\u00f6lyn suodatin PES saatavilla lis\u00e4varusteena)<\/li>\n<li class=\"productDetail__featureListItem fadeInDown\">Yksinkertainen suodattimen vaihto irrottamatta imurunkoa<\/li>\n<li class=\"productDetail__featureListItem fadeInDown\">Letkunpidike ja s\u00e4ilytysteline virtajohdolle<\/li>\n<li class=\"productDetail__featureListItem fadeInDown\">4 kiristyslenkki\u00e4 (2 kummallakin puolella) hihnojen ja kirahvin pidikkeen kiinnitt\u00e4miseen<\/li>\n<li class=\"productDetail__featureListItem fadeInDown\">Turva-teollisuusimuri, luokka H: soveltuu AGW arvoille &lt; 0.1 mg\/m\u00b3<\/li>\n<li class=\"productDetail__featureListItem fadeInDown\">Sopii kuivalle, ei-helposti syttyv\u00e4lle p\u00f6lylle, joka on haitallista terveydelle sek\u00e4 sy\u00f6p\u00e4\u00e4 aiheuttaville aineille<\/li>\n<li class=\"productDetail__featureListItem fadeInDown\">Soveltuu homeen poistoon, mineraalivillalla eristettyjen kattojen ja seinien remontointiin. Hiomap\u00f6lyn poistoon pinnoilta jotka on kyll\u00e4stetty haitallisilla aineilla, sek\u00e4 hiomap\u00f6lyn poistoon pinnoilta joissa on lyijy\u00e4, nikkeli\u00e4, kadiumia, kromia, sinkki\u00e4 jne. sis\u00e4lt\u00e4v\u00e4\u00e4 maalia<\/li>\n<\/ul>\n<p>VCE 44 H AC -Kit 230\/CEE<\/p>\n<div class=\"tuotekortticontainer\">\n<p>EAN:4030293196216<\/p>\n<p>Tuotekoodi:446025<\/p>\n<\/div>\n<\/div>\n","protected":false},"excerpt":{"rendered":"<p><span class=\"productDetail__subheader\"><span class=\"productDetail__teaser\">Turvallisuus-imuri automaattinen suodattimen puhdistus, 42 l, H-luokka<\/span><\/span>. Sis. siivousv\u00e4linesetin 445053. Antistaattinen imuletku. Automaattinen suodattimen puhdistus.<\/p>\n<p>Ottoteho max. 1400W, max. alipaine 25 000 Pa, s\u00e4hk\u00f6ty\u00f6kaluliitin 100-2400W, s\u00e4ili\u00f6 42L, nestekapasiteetti 26L, johdon pituus 7,5m, paino 17,6 kg.<\/p>\n<p>Tarkoitettu kuivalle, ei-helposti syttyv\u00e4lle p\u00f6lylle, joka on haitallista terveydelle sek\u00e4 sy\u00f6p\u00e4\u00e4 aiheuttaville aineille. P\u00f6lyn AGW- arvot &lt; 0,1 mg\/m3.<\/p>\n","protected":false},"featured_media":24812,"template":"","meta":{"_et_pb_use_builder":"","_et_pb_old_content":"","_et_gb_content_width":""},"pwb-brand":[1458],"product_brand":[],"product_cat":[834],"product_tag":[],"class_list":{"0":"post-24753","1":"product","2":"type-product","3":"status-publish","4":"has-post-thumbnail","6":"pwb-brand-flex","7":"product_cat-imurit","9":"first","10":"instock","11":"taxable","12":"shipping-taxable","13":"purchasable","14":"product-type-simple"},"brands":[{"id":1458,"name":"Flex","slug":"flex"}],"_links":{"self":[{"href":"https:\/\/silikotek.sapartners.site\/index.php\/wp-json\/wp\/v2\/product\/24753","targetHints":{"allow":["GET"]}}],"collection":[{"href":"https:\/\/silikotek.sapartners.site\/index.php\/wp-json\/wp\/v2\/product"}],"about":[{"href":"https:\/\/silikotek.sapartners.site\/index.php\/wp-json\/wp\/v2\/types\/product"}],"wp:featuredmedia":[{"embeddable":true,"href":"https:\/\/silikotek.sapartners.site\/index.php\/wp-json\/wp\/v2\/media\/24812"}],"wp:attachment":[{"href":"https:\/\/silikotek.sapartners.site\/index.php\/wp-json\/wp\/v2\/media?parent=24753"}],"wp:term":[{"taxonomy":"pwb-brand","embeddable":true,"href":"https:\/\/silikotek.sapartners.site\/index.php\/wp-json\/wp\/v2\/pwb-brand?post=24753"},{"taxonomy":"product_brand","embeddable":true,"href":"https:\/\/silikotek.sapartners.site\/index.php\/wp-json\/wp\/v2\/product_brand?post=24753"},{"taxonomy":"product_cat","embeddable":true,"href":"https:\/\/silikotek.sapartners.site\/index.php\/wp-json\/wp\/v2\/product_cat?post=24753"},{"taxonomy":"product_tag","embeddable":true,"href":"https:\/\/silikotek.sapartners.site\/index.php\/wp-json\/wp\/v2\/product_tag?post=24753"}],"curies":[{"name":"wp","href":"https:\/\/api.w.org\/{rel}","templated":true}]}}