{"id":24660,"date":"2021-02-19T11:20:23","date_gmt":"2021-02-19T09:20:23","guid":{"rendered":"https:\/\/www.silikotek.fi\/?post_type=product&#038;p=24660"},"modified":"2021-03-10T09:45:25","modified_gmt":"2021-03-10T07:45:25","slug":"proglass-kojelautasuoja-60x30-cm-dbp-6030","status":"publish","type":"product","link":"https:\/\/silikotek.sapartners.site\/index.php\/tuote\/proglass-kojelautasuoja-60x30-cm-dbp-6030\/","title":{"rendered":"ProGlass kojelautasuoja 60&#215;30 cm DBP-6030"},"content":{"rendered":"","protected":false},"excerpt":{"rendered":"<p><span lang=\"fi\">Kojelaudan suoja on valmistettu 2 mm: n muovista. Joustava ja pehme\u00e4 muovi sopeutuu kaiken muotoisiin kojelautoihin ja on samalla eritt\u00e4in kest\u00e4v\u00e4 ja vahva. T\u00e4ll\u00e4 ty\u00f6kalulla suojaat kojelautaa ja verhouksia tuulilasia irroitettaessa. Erityisen muodon ansiosta sit\u00e4 voidaan k\u00e4ytt\u00e4\u00e4 k\u00e4yt\u00e4nn\u00f6llisesti katsoen kaikkien autojen kaikilla sivuilla ja kulmissa. Ty\u00f6nn\u00e4 levy\u00e4 kojelaudan \/ sis\u00e4verhouksen ja lasin v\u00e4liin, aina tuulilasiliimaan asti. T\u00e4ll\u00e4 v\u00e4lt\u00e4t paitsi sis\u00e4osien pintojen vahingoittumisen my\u00f6s suojaat maalatut pinnat. Yhdess\u00e4 kaksoisimukuppien DSN-37 kanssa suojalevy voidaan kiinnitt\u00e4\u00e4 lasiin miss\u00e4 tahansa asennossa<\/span><\/p>\n","protected":false},"featured_media":24809,"template":"","meta":{"_et_pb_use_builder":"","_et_pb_old_content":"","_et_gb_content_width":""},"pwb-brand":[1503],"product_brand":[],"product_cat":[749],"product_tag":[],"class_list":{"0":"post-24660","1":"product","2":"type-product","3":"status-publish","4":"has-post-thumbnail","6":"pwb-brand-proglass","7":"product_cat-tuulilasi-tyokalut","9":"first","10":"instock","11":"taxable","12":"shipping-taxable","13":"purchasable","14":"product-type-simple"},"brands":[{"id":1503,"name":"ProGlass","slug":"proglass"}],"_links":{"self":[{"href":"https:\/\/silikotek.sapartners.site\/index.php\/wp-json\/wp\/v2\/product\/24660","targetHints":{"allow":["GET"]}}],"collection":[{"href":"https:\/\/silikotek.sapartners.site\/index.php\/wp-json\/wp\/v2\/product"}],"about":[{"href":"https:\/\/silikotek.sapartners.site\/index.php\/wp-json\/wp\/v2\/types\/product"}],"wp:featuredmedia":[{"embeddable":true,"href":"https:\/\/silikotek.sapartners.site\/index.php\/wp-json\/wp\/v2\/media\/24809"}],"wp:attachment":[{"href":"https:\/\/silikotek.sapartners.site\/index.php\/wp-json\/wp\/v2\/media?parent=24660"}],"wp:term":[{"taxonomy":"pwb-brand","embeddable":true,"href":"https:\/\/silikotek.sapartners.site\/index.php\/wp-json\/wp\/v2\/pwb-brand?post=24660"},{"taxonomy":"product_brand","embeddable":true,"href":"https:\/\/silikotek.sapartners.site\/index.php\/wp-json\/wp\/v2\/product_brand?post=24660"},{"taxonomy":"product_cat","embeddable":true,"href":"https:\/\/silikotek.sapartners.site\/index.php\/wp-json\/wp\/v2\/product_cat?post=24660"},{"taxonomy":"product_tag","embeddable":true,"href":"https:\/\/silikotek.sapartners.site\/index.php\/wp-json\/wp\/v2\/product_tag?post=24660"}],"curies":[{"name":"wp","href":"https:\/\/api.w.org\/{rel}","templated":true}]}}