{"id":2459,"date":"2014-03-31T10:48:09","date_gmt":"2014-03-31T10:48:09","guid":{"rendered":"http:\/\/192.168.100.222\/target_carts\/wordpress\/wordpress495\/wordpress\/?product=pj-710-lamellijyrsin"},"modified":"2014-03-31T15:38:47","modified_gmt":"2014-03-31T15:38:47","slug":"pj-710-lamellijyrsin","status":"publish","type":"product","link":"https:\/\/silikotek.sapartners.site\/index.php\/tuote\/pj-710-lamellijyrsin\/","title":{"rendered":"PJ 710 Lamellijyrsin"},"content":{"rendered":"<p>Ammattik\u00e4ytt\u00f6\u00f6n tarkoitettu lamellijyrsin, joka helpolla ja nopealla tavalla tuottaa tarkan ja siistin ty\u00f6tuloksen sek\u00e4 kovassa ett\u00e4 pehme\u00e4ss\u00e4 puussa, astulevyss\u00e4 ja muovissa.<\/p>\n<p>\u2022 ERGO k\u00e4ynnistin<br \/>\u2022 Aseteltava syvyysrajoitin<br \/>\u2022 6-hampainen jyrsinter\u00e4<br \/>\u2022 Jyrsint\u00e4syvyyden s\u00e4\u00e4t\u00f6nupissa on 6-portainen asteikko<br \/>\u2022 Jyrsint\u00e4kulman s\u00e4\u00e4d\u00f6ss\u00e4 on 3 esiaseteltavaa arvoa (22,5\u00b0, 45\u00b0, 67,5\u00b0)<br \/>\u2022 Kaksi ohjauspylv\u00e4st\u00e4<br \/>\u2022 Pohjalevyss\u00e4 kumiset liukuesteet.<\/p>\n<p>Tekniset tiedot: <br \/>Ottoteho: 710 W<br \/>Jyrsint\u00e4syvyys, maks.: 19 mm<br \/>Tyhj\u00e4k\u00e4yntikierrosluku: 10.000 r\/min<br \/>Jyrsinter\u00e4n \u00d8: 100 mm<br \/>Paino: 2,9 kg<\/p>\n<p>Vakiovarusteet: 4 m:n kaapeli, paperinen p\u00f6lypussi, avain, lastunohjain,<br \/>kantolaukku, 6-hampainen jyrsint\u00e4ter\u00e4.<\/p>\n<p>Hinta 559 \u20ac sis. alv<\/p>\n<p>Tuotenumero: 4933 3788 75<br \/>EAN: 4002395 22703 7<\/p>\n","protected":false},"excerpt":{"rendered":"<p>Ammattik\u00e4ytt\u00f6\u00f6n tarkoitettu lamellijyrsin, joka helpolla ja nopealla tavalla tuottaa tarkan ja siistin ty\u00f6tuloksen sek\u00e4 kovassa ett\u00e4 pehme\u00e4ss\u00e4 puussa, astulevyss\u00e4 ja muovissa. \u2022 ERGO k\u00e4ynnistin\u2022 Aseteltava syvyysrajoitin\u2022 6-hampainen jyrsinter\u00e4\u2022 Jyrsint\u00e4syvyyden s\u00e4\u00e4t\u00f6nupissa on 6-portainen asteikko\u2022 Jyrsint\u00e4kulman s\u00e4\u00e4d\u00f6ss\u00e4 on 3 esiaseteltavaa arvoa (22,5\u00b0, 45\u00b0, 67,5\u00b0)\u2022 Kaksi ohjauspylv\u00e4st\u00e4\u2022 Pohjalevyss\u00e4 kumiset liukuesteet. Tekniset tiedot: Ottoteho: 710 WJyrsint\u00e4syvyys, maks.: 19 mmTyhj\u00e4k\u00e4yntikierrosluku: [&hellip;]<\/p>\n","protected":false},"featured_media":2458,"template":"","meta":{"_et_pb_use_builder":"","_et_pb_old_content":"","_et_gb_content_width":""},"pwb-brand":[],"product_brand":[],"product_cat":[400],"product_tag":[],"class_list":{"0":"post-2459","1":"product","2":"type-product","3":"status-publish","4":"has-post-thumbnail","6":"product_cat-lamellijyrsimet","8":"first","9":"instock","10":"taxable","11":"shipping-taxable","12":"purchasable","13":"product-type-simple"},"brands":[],"_links":{"self":[{"href":"https:\/\/silikotek.sapartners.site\/index.php\/wp-json\/wp\/v2\/product\/2459","targetHints":{"allow":["GET"]}}],"collection":[{"href":"https:\/\/silikotek.sapartners.site\/index.php\/wp-json\/wp\/v2\/product"}],"about":[{"href":"https:\/\/silikotek.sapartners.site\/index.php\/wp-json\/wp\/v2\/types\/product"}],"wp:featuredmedia":[{"embeddable":true,"href":"https:\/\/silikotek.sapartners.site\/index.php\/wp-json\/wp\/v2\/media\/2458"}],"wp:attachment":[{"href":"https:\/\/silikotek.sapartners.site\/index.php\/wp-json\/wp\/v2\/media?parent=2459"}],"wp:term":[{"taxonomy":"pwb-brand","embeddable":true,"href":"https:\/\/silikotek.sapartners.site\/index.php\/wp-json\/wp\/v2\/pwb-brand?post=2459"},{"taxonomy":"product_brand","embeddable":true,"href":"https:\/\/silikotek.sapartners.site\/index.php\/wp-json\/wp\/v2\/product_brand?post=2459"},{"taxonomy":"product_cat","embeddable":true,"href":"https:\/\/silikotek.sapartners.site\/index.php\/wp-json\/wp\/v2\/product_cat?post=2459"},{"taxonomy":"product_tag","embeddable":true,"href":"https:\/\/silikotek.sapartners.site\/index.php\/wp-json\/wp\/v2\/product_tag?post=2459"}],"curies":[{"name":"wp","href":"https:\/\/api.w.org\/{rel}","templated":true}]}}