{"id":2457,"date":"2014-03-31T10:48:09","date_gmt":"2014-03-31T10:48:09","guid":{"rendered":"http:\/\/192.168.100.222\/target_carts\/wordpress\/wordpress495\/wordpress\/?product=ofse-1000-ylajyrsin"},"modified":"2014-03-31T15:38:47","modified_gmt":"2014-03-31T15:38:47","slug":"ofse-1000-ylajyrsin","status":"publish","type":"product","link":"https:\/\/silikotek.sapartners.site\/index.php\/tuote\/ofse-1000-ylajyrsin\/","title":{"rendered":"OFSE 1000 Yl\u00e4jyrsin"},"content":{"rendered":"<p>N\u00e4pp\u00e4r\u00e4 1010 W:n elektroninen yl\u00e4jyrsin vakaalla kierrosluvulla ja pehme\u00e4ll\u00e4 k\u00e4ynnistyksell\u00e4.<\/p>\n<p>\u2022 3-portainen syvyysohjain hienos\u00e4\u00e4d\u00f6ll\u00e4<br \/>\u2022 Karanlukitus<br \/>\u2022 Purunpuhallin<br \/>\u2022 Liit\u00e4nt\u00e4 p\u00f6lynpoistoa varten (tarvike)<br \/>\u2022 8 mm:n kiristysholkki.<\/p>\n<p>Tekniset tiedot: <br \/>Ottoteho: 1010 W<br \/>Jyrsinkorin liike: 50 mm<br \/>Jyrsint\u00e4syvyys: 0 \u2013 50 mm<br \/>Kiristysholkin \u00d8:  6 \/ 8 \/ \u00bc&#8221; mm<br \/>Tyhj\u00e4k\u00e4yntikierrosluku: 8000 \u2013 25.000 r\/min<br \/>Profiiliter\u00e4n\/lieri\u00f6ter\u00e4n maks. \u00d8: 36 \/ 30 mm<br \/>Paino: 2,9 kg<\/p>\n<p>Vakiovarusteet: 4 m:n kaapeli, 8 mm:n kiristysholkki, avain, suuntaisohjain.<\/p>\n<p>Hinta 469 \u20ac sis. alv<\/p>\n<p>Tuotenumero: 4933 3789 25<br \/>EAN: 4002395 22701 3<\/p>\n","protected":false},"excerpt":{"rendered":"<p>N\u00e4pp\u00e4r\u00e4 1010 W:n elektroninen yl\u00e4jyrsin vakaalla kierrosluvulla ja pehme\u00e4ll\u00e4 k\u00e4ynnistyksell\u00e4. \u2022 3-portainen syvyysohjain hienos\u00e4\u00e4d\u00f6ll\u00e4\u2022 Karanlukitus\u2022 Purunpuhallin\u2022 Liit\u00e4nt\u00e4 p\u00f6lynpoistoa varten (tarvike)\u2022 8 mm:n kiristysholkki. Tekniset tiedot: Ottoteho: 1010 WJyrsinkorin liike: 50 mmJyrsint\u00e4syvyys: 0 \u2013 50 mmKiristysholkin \u00d8: 6 \/ 8 \/ \u00bc&#8221; mmTyhj\u00e4k\u00e4yntikierrosluku: 8000 \u2013 25.000 r\/minProfiiliter\u00e4n\/lieri\u00f6ter\u00e4n maks. \u00d8: 36 \/ 30 mmPaino: 2,9 kg Vakiovarusteet: [&hellip;]<\/p>\n","protected":false},"featured_media":2456,"template":"","meta":{"_et_pb_use_builder":"","_et_pb_old_content":"","_et_gb_content_width":""},"pwb-brand":[],"product_brand":[],"product_cat":[399],"product_tag":[],"class_list":{"0":"post-2457","1":"product","2":"type-product","3":"status-publish","4":"has-post-thumbnail","6":"product_cat-ylajyrsimet","8":"first","9":"instock","10":"taxable","11":"shipping-taxable","12":"purchasable","13":"product-type-simple"},"brands":[],"_links":{"self":[{"href":"https:\/\/silikotek.sapartners.site\/index.php\/wp-json\/wp\/v2\/product\/2457","targetHints":{"allow":["GET"]}}],"collection":[{"href":"https:\/\/silikotek.sapartners.site\/index.php\/wp-json\/wp\/v2\/product"}],"about":[{"href":"https:\/\/silikotek.sapartners.site\/index.php\/wp-json\/wp\/v2\/types\/product"}],"wp:featuredmedia":[{"embeddable":true,"href":"https:\/\/silikotek.sapartners.site\/index.php\/wp-json\/wp\/v2\/media\/2456"}],"wp:attachment":[{"href":"https:\/\/silikotek.sapartners.site\/index.php\/wp-json\/wp\/v2\/media?parent=2457"}],"wp:term":[{"taxonomy":"pwb-brand","embeddable":true,"href":"https:\/\/silikotek.sapartners.site\/index.php\/wp-json\/wp\/v2\/pwb-brand?post=2457"},{"taxonomy":"product_brand","embeddable":true,"href":"https:\/\/silikotek.sapartners.site\/index.php\/wp-json\/wp\/v2\/product_brand?post=2457"},{"taxonomy":"product_cat","embeddable":true,"href":"https:\/\/silikotek.sapartners.site\/index.php\/wp-json\/wp\/v2\/product_cat?post=2457"},{"taxonomy":"product_tag","embeddable":true,"href":"https:\/\/silikotek.sapartners.site\/index.php\/wp-json\/wp\/v2\/product_tag?post=2457"}],"curies":[{"name":"wp","href":"https:\/\/api.w.org\/{rel}","templated":true}]}}