{"id":2443,"date":"2014-03-31T10:48:09","date_gmt":"2014-03-31T10:48:09","guid":{"rendered":"http:\/\/192.168.100.222\/target_carts\/wordpress\/wordpress495\/wordpress\/?product=cs-55-pyorosaha"},"modified":"2014-03-31T15:38:47","modified_gmt":"2014-03-31T15:38:47","slug":"cs-55-pyorosaha","status":"publish","type":"product","link":"https:\/\/silikotek.sapartners.site\/index.php\/tuote\/cs-55-pyorosaha\/","title":{"rendered":"CS 55 Py\u00f6r\u00f6saha"},"content":{"rendered":"<p>Paneelilautojen ja muun puutavaran sahaukseen soveltuva py\u00f6r\u00f6saha, maksimi sahaussyvyys 55 mm.<\/p>\n<p>\u2022 Liit\u00e4nt\u00e4 purupussia tai imuletkua varten (35 mm:n j\u00e4rjestelm\u00e4)<br \/>\u2022 Soveltuu my\u00f6s kiinte\u00e4\u00e4n k\u00e4ytt\u00f6\u00f6n.<\/p>\n<p>Tekniset tiedot:<br \/>Ottoteho: 1200 W<br \/>Sahaussyvyys 90\u00ba \/ 45\u00ba: 0 \u2013 55 \/ 0 \u2013 34 mm<br \/>Sahanter\u00e4n mitat: 160 \/ 20 mm<br \/>Tyhj\u00e4k\u00e4yntikierrosluku: 6000 r\/min<br \/>Paino: 4,5 kg<\/p>\n<p>Hinta 239.84 \u20ac + alv<\/p>\n<p>Tuotenumero: 4933403635<br \/>EAN: 4002395 22839 3<\/p>\n","protected":false},"excerpt":{"rendered":"<p>Paneelilautojen ja muun puutavaran sahaukseen soveltuva py\u00f6r\u00f6saha, maksimi sahaussyvyys 55 mm. \u2022 Liit\u00e4nt\u00e4 purupussia tai imuletkua varten (35 mm:n j\u00e4rjestelm\u00e4)\u2022 Soveltuu my\u00f6s kiinte\u00e4\u00e4n k\u00e4ytt\u00f6\u00f6n. Tekniset tiedot:Ottoteho: 1200 WSahaussyvyys 90\u00ba \/ 45\u00ba: 0 \u2013 55 \/ 0 \u2013 34 mmSahanter\u00e4n mitat: 160 \/ 20 mmTyhj\u00e4k\u00e4yntikierrosluku: 6000 r\/minPaino: 4,5 kg Hinta 239.84 \u20ac + alv Tuotenumero: 4933403635EAN: [&hellip;]<\/p>\n","protected":false},"featured_media":2442,"template":"","meta":{"_et_pb_use_builder":"","_et_pb_old_content":"","_et_gb_content_width":""},"pwb-brand":[],"product_brand":[],"product_cat":[380],"product_tag":[],"class_list":{"0":"post-2443","1":"product","2":"type-product","3":"status-publish","4":"has-post-thumbnail","6":"product_cat-pyorosahat","8":"first","9":"instock","10":"taxable","11":"shipping-taxable","12":"purchasable","13":"product-type-simple"},"brands":[],"_links":{"self":[{"href":"https:\/\/silikotek.sapartners.site\/index.php\/wp-json\/wp\/v2\/product\/2443","targetHints":{"allow":["GET"]}}],"collection":[{"href":"https:\/\/silikotek.sapartners.site\/index.php\/wp-json\/wp\/v2\/product"}],"about":[{"href":"https:\/\/silikotek.sapartners.site\/index.php\/wp-json\/wp\/v2\/types\/product"}],"wp:featuredmedia":[{"embeddable":true,"href":"https:\/\/silikotek.sapartners.site\/index.php\/wp-json\/wp\/v2\/media\/2442"}],"wp:attachment":[{"href":"https:\/\/silikotek.sapartners.site\/index.php\/wp-json\/wp\/v2\/media?parent=2443"}],"wp:term":[{"taxonomy":"pwb-brand","embeddable":true,"href":"https:\/\/silikotek.sapartners.site\/index.php\/wp-json\/wp\/v2\/pwb-brand?post=2443"},{"taxonomy":"product_brand","embeddable":true,"href":"https:\/\/silikotek.sapartners.site\/index.php\/wp-json\/wp\/v2\/product_brand?post=2443"},{"taxonomy":"product_cat","embeddable":true,"href":"https:\/\/silikotek.sapartners.site\/index.php\/wp-json\/wp\/v2\/product_cat?post=2443"},{"taxonomy":"product_tag","embeddable":true,"href":"https:\/\/silikotek.sapartners.site\/index.php\/wp-json\/wp\/v2\/product_tag?post=2443"}],"curies":[{"name":"wp","href":"https:\/\/api.w.org\/{rel}","templated":true}]}}