{"id":2441,"date":"2014-03-31T10:48:09","date_gmt":"2014-03-31T10:48:09","guid":{"rendered":"http:\/\/192.168.100.222\/target_carts\/wordpress\/wordpress495\/wordpress\/?product=scs-65-q-pyorosaha"},"modified":"2014-03-31T15:38:47","modified_gmt":"2014-03-31T15:38:47","slug":"scs-65-q-pyorosaha","status":"publish","type":"product","link":"https:\/\/silikotek.sapartners.site\/index.php\/tuote\/scs-65-q-pyorosaha\/","title":{"rendered":"SCS 65 Q Py\u00f6r\u00f6saha"},"content":{"rendered":"<p>Kevyt, voimakas ja lujarakenteinen, 65 mm:n sahaussyvyyteen pystyv\u00e4 py\u00f6r\u00f6saha, joka on suunniteltu k\u00e4ytett\u00e4v\u00e4ksi rakennusty\u00f6maan ankarissa oloissa.<\/p>\n<p>\u2022 Aseteltava, Softgrip-pehmusteella varustettu \u2019TILT-LOK\u2019 k\u00e4densija antaa ainutlaatuisen tasapainon ja k\u00e4ytt\u00f6mukavuuden<br \/>\u2022 Ihanteellisesti sijoitetut vivut syvyyden ja viistekulman asettelua varten<br \/>\u2022 Hyv\u00e4 n\u00e4kyvyys ter\u00e4n ty\u00f6st\u00f6kohtaan lis\u00e4\u00e4 ty\u00f6n tarkkuutta <\/p>\n<p>Tekniset tiedot: <br \/>Ottoteho: 1900 W<br \/>Sahaussyvyys 90\u00b0 \/ 45\u00b0: 0 \u2013 65 \/ 0 \u2013 52 mm<br \/>Sahanter\u00e4n mitat: 190 \/ 30 mm<br \/>Tyhj\u00e4k\u00e4yntikierrosluku: 5800 r\/min<br \/>Paino: 5,5 kg<\/p>\n<p>Vakiovarusteet: 4 m:n QUIK-LOK kaapeli, 20-hampainen<br \/>kovametalliter\u00e4, suuntaisohjain, avain, salkku.<\/p>\n<p>Hinta 409 \u20ac sis. alv<\/p>\n<p>Tuotenumero: 6380 51<br \/>EAN: 4002395 22952 9<\/p>\n","protected":false},"excerpt":{"rendered":"<p>Kevyt, voimakas ja lujarakenteinen, 65 mm:n sahaussyvyyteen pystyv\u00e4 py\u00f6r\u00f6saha, joka on suunniteltu k\u00e4ytett\u00e4v\u00e4ksi rakennusty\u00f6maan ankarissa oloissa. \u2022 Aseteltava, Softgrip-pehmusteella varustettu \u2019TILT-LOK\u2019 k\u00e4densija antaa ainutlaatuisen tasapainon ja k\u00e4ytt\u00f6mukavuuden\u2022 Ihanteellisesti sijoitetut vivut syvyyden ja viistekulman asettelua varten\u2022 Hyv\u00e4 n\u00e4kyvyys ter\u00e4n ty\u00f6st\u00f6kohtaan lis\u00e4\u00e4 ty\u00f6n tarkkuutta Tekniset tiedot: Ottoteho: 1900 WSahaussyvyys 90\u00b0 \/ 45\u00b0: 0 \u2013 65 \/ 0 [&hellip;]<\/p>\n","protected":false},"featured_media":2440,"template":"","meta":{"_et_pb_use_builder":"","_et_pb_old_content":"","_et_gb_content_width":""},"pwb-brand":[],"product_brand":[],"product_cat":[380],"product_tag":[],"class_list":{"0":"post-2441","1":"product","2":"type-product","3":"status-publish","4":"has-post-thumbnail","6":"product_cat-pyorosahat","8":"first","9":"instock","10":"taxable","11":"shipping-taxable","12":"purchasable","13":"product-type-simple"},"brands":[],"_links":{"self":[{"href":"https:\/\/silikotek.sapartners.site\/index.php\/wp-json\/wp\/v2\/product\/2441","targetHints":{"allow":["GET"]}}],"collection":[{"href":"https:\/\/silikotek.sapartners.site\/index.php\/wp-json\/wp\/v2\/product"}],"about":[{"href":"https:\/\/silikotek.sapartners.site\/index.php\/wp-json\/wp\/v2\/types\/product"}],"wp:featuredmedia":[{"embeddable":true,"href":"https:\/\/silikotek.sapartners.site\/index.php\/wp-json\/wp\/v2\/media\/2440"}],"wp:attachment":[{"href":"https:\/\/silikotek.sapartners.site\/index.php\/wp-json\/wp\/v2\/media?parent=2441"}],"wp:term":[{"taxonomy":"pwb-brand","embeddable":true,"href":"https:\/\/silikotek.sapartners.site\/index.php\/wp-json\/wp\/v2\/pwb-brand?post=2441"},{"taxonomy":"product_brand","embeddable":true,"href":"https:\/\/silikotek.sapartners.site\/index.php\/wp-json\/wp\/v2\/product_brand?post=2441"},{"taxonomy":"product_cat","embeddable":true,"href":"https:\/\/silikotek.sapartners.site\/index.php\/wp-json\/wp\/v2\/product_cat?post=2441"},{"taxonomy":"product_tag","embeddable":true,"href":"https:\/\/silikotek.sapartners.site\/index.php\/wp-json\/wp\/v2\/product_tag?post=2441"}],"curies":[{"name":"wp","href":"https:\/\/api.w.org\/{rel}","templated":true}]}}