{"id":24207,"date":"2021-01-12T09:55:46","date_gmt":"2021-01-12T07:55:46","guid":{"rendered":"https:\/\/www.silikotek.fi\/?post_type=product&#038;p=24207"},"modified":"2021-01-12T09:55:47","modified_gmt":"2021-01-12T07:55:47","slug":"sieviair-r4-roller-s1p-turvakengat","status":"publish","type":"product","link":"https:\/\/silikotek.sapartners.site\/index.php\/tuote\/sieviair-r4-roller-s1p-turvakengat\/","title":{"rendered":"SieviAir R4 Roller S1P Turvakeng\u00e4t"},"content":{"rendered":"<div class=\"info-table clear\">\n<div class=\"productdata\">\n<div class=\"productSize\" data-size-productcode=\"[&quot;44-52385-383-92M&quot;]\">Koko: 35 &#8211; 48<\/div>\n<\/div>\n<div class=\"productdata\">\n<div class=\"label\">Tuotekoodi: Koot 35 &#8211; 38: <span data-productcode=\"44-52385-382-92M\">44-52385-382-92M, Koot 39 &#8211; 48: <\/span><span data-productcode=\"44-52385-383-92M\">44-52385-383-92M<\/span><\/div>\n<\/div>\n<div class=\"mobile-hidden\">\n<div class=\"productdata\">\n<div class=\"label\">Turvaluokitus: EN ISO 20345: S1 P SRC<\/div>\n<\/div>\n<div class=\"productdata\">\n<div class=\"label\">Varvassuoja: Alumiini<\/div>\n<\/div>\n<div class=\"productdata\">\n<div class=\"label\">Naulaanastumissuoja: Ter\u00e4s<\/div>\n<\/div>\n<div class=\"productdata\">\n<div class=\"label\">Pohjamateriaali: 1-kerros PU<\/div>\n<\/div>\n<div class=\"productdata\">\n<div class=\"label\">P\u00e4\u00e4llismateriaali: PU-nahka, Mikrokuitu<\/div>\n<\/div>\n<\/div>\n<\/div>\n","protected":false},"excerpt":{"rendered":"<p>Sivulle sijoitettu BOA\u00ae Fit System -kiinnitysmekanismi lis\u00e4\u00e4 jalkineiden k\u00e4ytt\u00f6mukavuutta. Maailman kehittynein FlexEnergy-kantavaimennus sitoo syntyv\u00e4\u00e4 liike-energiaa ja yli 55 % energiasta palautuu askellukseen. SieviAir\u00ae-pohjaratkaisu poistaa jalkojen l\u00e4mpenemisest\u00e4 syntyv\u00e4n kosteuden keng\u00e4st\u00e4 pohjan sivussa olevien virtauskanavien kautta.<\/p>\n","protected":false},"featured_media":24222,"template":"","meta":{"_et_pb_use_builder":"","_et_pb_old_content":"","_et_gb_content_width":""},"pwb-brand":[1450],"product_brand":[],"product_cat":[723],"product_tag":[],"class_list":{"0":"post-24207","1":"product","2":"type-product","3":"status-publish","4":"has-post-thumbnail","6":"pwb-brand-sievin-jalkine","7":"product_cat-sandaalit-turva","8":"pa_kenkakoko-1025","9":"pa_kenkakoko-1026","10":"pa_kenkakoko-1027","11":"pa_kenkakoko-1028","12":"pa_kenkakoko-1016","13":"pa_kenkakoko-1017","14":"pa_kenkakoko-1018","15":"pa_kenkakoko-1019","16":"pa_kenkakoko-1020","17":"pa_kenkakoko-1021","18":"pa_kenkakoko-1022","19":"pa_kenkakoko-1023","20":"pa_kenkakoko-1024","21":"pa_kenkakoko-1029","23":"first","24":"instock","25":"taxable","26":"shipping-taxable","27":"purchasable","28":"product-type-variable"},"brands":[{"id":1450,"name":"Sievin Jalkine","slug":"sievin-jalkine"}],"_links":{"self":[{"href":"https:\/\/silikotek.sapartners.site\/index.php\/wp-json\/wp\/v2\/product\/24207","targetHints":{"allow":["GET"]}}],"collection":[{"href":"https:\/\/silikotek.sapartners.site\/index.php\/wp-json\/wp\/v2\/product"}],"about":[{"href":"https:\/\/silikotek.sapartners.site\/index.php\/wp-json\/wp\/v2\/types\/product"}],"wp:featuredmedia":[{"embeddable":true,"href":"https:\/\/silikotek.sapartners.site\/index.php\/wp-json\/wp\/v2\/media\/24222"}],"wp:attachment":[{"href":"https:\/\/silikotek.sapartners.site\/index.php\/wp-json\/wp\/v2\/media?parent=24207"}],"wp:term":[{"taxonomy":"pwb-brand","embeddable":true,"href":"https:\/\/silikotek.sapartners.site\/index.php\/wp-json\/wp\/v2\/pwb-brand?post=24207"},{"taxonomy":"product_brand","embeddable":true,"href":"https:\/\/silikotek.sapartners.site\/index.php\/wp-json\/wp\/v2\/product_brand?post=24207"},{"taxonomy":"product_cat","embeddable":true,"href":"https:\/\/silikotek.sapartners.site\/index.php\/wp-json\/wp\/v2\/product_cat?post=24207"},{"taxonomy":"product_tag","embeddable":true,"href":"https:\/\/silikotek.sapartners.site\/index.php\/wp-json\/wp\/v2\/product_tag?post=24207"}],"curies":[{"name":"wp","href":"https:\/\/api.w.org\/{rel}","templated":true}]}}