{"id":24199,"date":"2021-01-11T15:04:26","date_gmt":"2021-01-11T13:04:26","guid":{"rendered":"https:\/\/www.silikotek.fi\/?post_type=product&#038;p=24199"},"modified":"2021-01-13T15:04:32","modified_gmt":"2021-01-13T13:04:32","slug":"bgs-7774-vetoakselien-hydraulinen-ulostyonnin","status":"publish","type":"product","link":"https:\/\/silikotek.sapartners.site\/index.php\/tuote\/bgs-7774-vetoakselien-hydraulinen-ulostyonnin\/","title":{"rendered":"BGS Vetoakselien hydraulinen ulosty\u00f6nnin 7774"},"content":{"rendered":"","protected":false},"excerpt":{"rendered":"<p>Vetoakselin irroitus py\u00f6r\u00e4n navasta. Kiinnijuuttuneen vetoakselin irroitus hydraulisesti. Sopii 4 ja 5 pulttisille py\u00f6r\u00e4nnavoille 90-125 mm reik\u00e4v\u00e4lill\u00e4.<\/p>\n","protected":false},"featured_media":24353,"template":"","meta":{"_et_pb_use_builder":"","_et_pb_old_content":"","_et_gb_content_width":""},"pwb-brand":[1451],"product_brand":[],"product_cat":[773,769],"product_tag":[],"class_list":{"0":"post-24199","1":"product","2":"type-product","3":"status-publish","4":"has-post-thumbnail","6":"pwb-brand-bgs","7":"product_cat-hydrauliset-puristimet","8":"product_cat-vaihteisto-ja-voimansiirto","10":"first","11":"instock","12":"taxable","13":"shipping-taxable","14":"purchasable","15":"product-type-simple"},"brands":[{"id":1451,"name":"BGS","slug":"bgs"}],"_links":{"self":[{"href":"https:\/\/silikotek.sapartners.site\/index.php\/wp-json\/wp\/v2\/product\/24199","targetHints":{"allow":["GET"]}}],"collection":[{"href":"https:\/\/silikotek.sapartners.site\/index.php\/wp-json\/wp\/v2\/product"}],"about":[{"href":"https:\/\/silikotek.sapartners.site\/index.php\/wp-json\/wp\/v2\/types\/product"}],"wp:featuredmedia":[{"embeddable":true,"href":"https:\/\/silikotek.sapartners.site\/index.php\/wp-json\/wp\/v2\/media\/24353"}],"wp:attachment":[{"href":"https:\/\/silikotek.sapartners.site\/index.php\/wp-json\/wp\/v2\/media?parent=24199"}],"wp:term":[{"taxonomy":"pwb-brand","embeddable":true,"href":"https:\/\/silikotek.sapartners.site\/index.php\/wp-json\/wp\/v2\/pwb-brand?post=24199"},{"taxonomy":"product_brand","embeddable":true,"href":"https:\/\/silikotek.sapartners.site\/index.php\/wp-json\/wp\/v2\/product_brand?post=24199"},{"taxonomy":"product_cat","embeddable":true,"href":"https:\/\/silikotek.sapartners.site\/index.php\/wp-json\/wp\/v2\/product_cat?post=24199"},{"taxonomy":"product_tag","embeddable":true,"href":"https:\/\/silikotek.sapartners.site\/index.php\/wp-json\/wp\/v2\/product_tag?post=24199"}],"curies":[{"name":"wp","href":"https:\/\/api.w.org\/{rel}","templated":true}]}}