{"id":24155,"date":"2020-12-31T13:41:05","date_gmt":"2020-12-31T11:41:05","guid":{"rendered":"https:\/\/www.silikotek.fi\/?post_type=product&#038;p=24155"},"modified":"2021-01-13T15:38:40","modified_gmt":"2021-01-13T13:38:40","slug":"flex-ld-24-6-180-betonihiomakone-2400-w","status":"publish","type":"product","link":"https:\/\/silikotek.sapartners.site\/index.php\/tuote\/flex-ld-24-6-180-betonihiomakone-2400-w\/","title":{"rendered":"Flex LD 24-6 180 betonihiomakone  2400 w"},"content":{"rendered":"<p>Joustava kuminen keh\u00e4: Liukuu kitkattomasti hiottavalla pinnalla, suojaa k\u00e4ytt\u00e4j\u00e4\u00e4 ja konetta p\u00f6lylt\u00e4 ja kivilt\u00e4<br \/>\nP\u00f6lyn imu: Suojaa konetta hiovalta betonip\u00f6lylt\u00e4, v\u00e4hent\u00e4\u00e4 laikan kulumista, pit\u00e4\u00e4 betonihuokoset avoinna hiontaa varten<br \/>\nK\u00e4ynnistyksen virtarajoitin: Varma ja turvallinen k\u00e4ynnistys ilman virtapiikkej\u00e4<br \/>\nUudelleenk\u00e4ynnistyksen esto virtakatkon j\u00e4lkeen<br \/>\nImusuojus: Portaattomasti s\u00e4\u00e4dett\u00e4v\u00e4 jyrsinkorkeus<br \/>\nImuputki: 32 mm ulko \u00d8<br \/>\nKaralukitus<br \/>\nSoveltuu hyvin isojen pinta-alojen pinnoitteen poistoon<br \/>\nOptimaalinen ohjaus, varren p\u00e4\u00e4ss\u00e4 olevan kahvan ansioista<br \/>\nErgonominen t\u00e4rin\u00e4vaimennettu apuk\u00e4densija portaattomalla s\u00e4\u00e4d\u00f6ll\u00e4, ty\u00f6kalun optimaaliseen k\u00e4sittelyyn.<br \/>\nImuletkua\/sovitinta ei tule toimitusvarustuksessa.<br \/>\nTeknisi\u00e4 ominaisuuksia<br \/>\nTuotekoodi: 417815<br \/>\nLaikka \u00d8180 mm<br \/>\nNopeus, ilman kuormaa6500 \/min<br \/>\nOttoteho2400 Watt<br \/>\nAntoteho1450 Watt<br \/>\nTy\u00f6kaluliitos M 14<br \/>\nJohdon pituus4,0 m<br \/>\nPaino6,6 kg<br \/>\nToimitusvarustus: GDS180AFS -laikka, laikka-avain, kantolaukku.<\/p>\n","protected":false},"excerpt":{"rendered":"<p>Betonihiomakone laajoille pinnoille, 180 mm<\/p>\n","protected":false},"featured_media":24357,"template":"","meta":{"_et_pb_use_builder":"","_et_pb_old_content":"","_et_gb_content_width":""},"pwb-brand":[1458],"product_brand":[],"product_cat":[444],"product_tag":[],"class_list":{"0":"post-24155","1":"product","2":"type-product","3":"status-publish","4":"has-post-thumbnail","6":"pwb-brand-flex","7":"product_cat-flex","9":"first","10":"instock","11":"taxable","12":"shipping-taxable","13":"purchasable","14":"product-type-simple"},"brands":[{"id":1458,"name":"Flex","slug":"flex"}],"_links":{"self":[{"href":"https:\/\/silikotek.sapartners.site\/index.php\/wp-json\/wp\/v2\/product\/24155","targetHints":{"allow":["GET"]}}],"collection":[{"href":"https:\/\/silikotek.sapartners.site\/index.php\/wp-json\/wp\/v2\/product"}],"about":[{"href":"https:\/\/silikotek.sapartners.site\/index.php\/wp-json\/wp\/v2\/types\/product"}],"wp:featuredmedia":[{"embeddable":true,"href":"https:\/\/silikotek.sapartners.site\/index.php\/wp-json\/wp\/v2\/media\/24357"}],"wp:attachment":[{"href":"https:\/\/silikotek.sapartners.site\/index.php\/wp-json\/wp\/v2\/media?parent=24155"}],"wp:term":[{"taxonomy":"pwb-brand","embeddable":true,"href":"https:\/\/silikotek.sapartners.site\/index.php\/wp-json\/wp\/v2\/pwb-brand?post=24155"},{"taxonomy":"product_brand","embeddable":true,"href":"https:\/\/silikotek.sapartners.site\/index.php\/wp-json\/wp\/v2\/product_brand?post=24155"},{"taxonomy":"product_cat","embeddable":true,"href":"https:\/\/silikotek.sapartners.site\/index.php\/wp-json\/wp\/v2\/product_cat?post=24155"},{"taxonomy":"product_tag","embeddable":true,"href":"https:\/\/silikotek.sapartners.site\/index.php\/wp-json\/wp\/v2\/product_tag?post=24155"}],"curies":[{"name":"wp","href":"https:\/\/api.w.org\/{rel}","templated":true}]}}