{"id":24153,"date":"2020-12-31T13:33:11","date_gmt":"2020-12-31T11:33:11","guid":{"rendered":"https:\/\/www.silikotek.fi\/?post_type=product&#038;p=24153"},"modified":"2021-01-13T15:45:01","modified_gmt":"2021-01-13T13:45:01","slug":"flex-betonihiomakone-125mm-ld-18-7-125-mm","status":"publish","type":"product","link":"https:\/\/silikotek.sapartners.site\/index.php\/tuote\/flex-betonihiomakone-125mm-ld-18-7-125-mm\/","title":{"rendered":"Flex betonihiomakone 125mm LD 18-7 125 mm"},"content":{"rendered":"","protected":false},"excerpt":{"rendered":"<p>Kahden k\u00e4den vahva betonihiomakone.1800W. Paino 4,2 kg. Kuljetuslaukussa.<br \/>\n7000 \/min. Liit\u00e4nt\u00e4 p\u00f6lynpoistolle. Sis GDS125AFS yleisbetonilaikka.<br \/>\nImuriletkun pikalukitus. Sivuun siirrett\u00e4v\u00e4 reunasegmentti, p\u00e4\u00e4see hiomaan reunaan asti.<\/p>\n","protected":false},"featured_media":24359,"template":"","meta":{"_et_pb_use_builder":"","_et_pb_old_content":"","_et_gb_content_width":""},"pwb-brand":[1458],"product_brand":[],"product_cat":[287,444],"product_tag":[],"class_list":{"0":"post-24153","1":"product","2":"type-product","3":"status-publish","4":"has-post-thumbnail","6":"pwb-brand-flex","7":"product_cat-sahkotyokalut","8":"product_cat-flex","10":"first","11":"instock","12":"taxable","13":"shipping-taxable","14":"purchasable","15":"product-type-simple"},"brands":[{"id":1458,"name":"Flex","slug":"flex"}],"_links":{"self":[{"href":"https:\/\/silikotek.sapartners.site\/index.php\/wp-json\/wp\/v2\/product\/24153","targetHints":{"allow":["GET"]}}],"collection":[{"href":"https:\/\/silikotek.sapartners.site\/index.php\/wp-json\/wp\/v2\/product"}],"about":[{"href":"https:\/\/silikotek.sapartners.site\/index.php\/wp-json\/wp\/v2\/types\/product"}],"wp:featuredmedia":[{"embeddable":true,"href":"https:\/\/silikotek.sapartners.site\/index.php\/wp-json\/wp\/v2\/media\/24359"}],"wp:attachment":[{"href":"https:\/\/silikotek.sapartners.site\/index.php\/wp-json\/wp\/v2\/media?parent=24153"}],"wp:term":[{"taxonomy":"pwb-brand","embeddable":true,"href":"https:\/\/silikotek.sapartners.site\/index.php\/wp-json\/wp\/v2\/pwb-brand?post=24153"},{"taxonomy":"product_brand","embeddable":true,"href":"https:\/\/silikotek.sapartners.site\/index.php\/wp-json\/wp\/v2\/product_brand?post=24153"},{"taxonomy":"product_cat","embeddable":true,"href":"https:\/\/silikotek.sapartners.site\/index.php\/wp-json\/wp\/v2\/product_cat?post=24153"},{"taxonomy":"product_tag","embeddable":true,"href":"https:\/\/silikotek.sapartners.site\/index.php\/wp-json\/wp\/v2\/product_tag?post=24153"}],"curies":[{"name":"wp","href":"https:\/\/api.w.org\/{rel}","templated":true}]}}