{"id":2414,"date":"2014-03-31T10:48:09","date_gmt":"2014-03-31T10:48:09","guid":{"rendered":"http:\/\/192.168.100.222\/target_carts\/wordpress\/wordpress495\/wordpress\/?product=kulmahiomakone-ag-8-125-q-protector"},"modified":"2014-12-08T08:30:21","modified_gmt":"2014-12-08T08:30:21","slug":"kulmahiomakone-ag-8-125-q-protector","status":"publish","type":"product","link":"https:\/\/silikotek.sapartners.site\/index.php\/tuote\/kulmahiomakone-ag-8-125-q-protector\/","title":{"rendered":"Kulmahiomakone AG 8-125 Q Protector"},"content":{"rendered":"<p>Kevyt ja kompakti 125 mm:n hiomakone optimaalisella, k\u00e4ytt\u00f6\u00e4 helpottavalla ergonomialla.<\/p>\n<p>Tekniset tiedot:<br \/>Ottoteho: 750 W<br \/>Hiomalaikan halkaisija: 125 mm<br \/>Tyhj\u00e4k\u00e4yntikierrosluku: 10.000 r\/min<br \/>Katkaisusyvyys, maks.: 33,4 mm<br \/>Karan kierre: M 14<br \/>Paino: 1,8 kg<\/p>\n<p>Vakiovarusteet: 4 m:n QUIK-LOK kaapeli, rikkomasuo-<br \/>jus, laippa, laippamutteri, avain, tukikahva.<br \/>Tuotenumero: 4933403235<\/p>\n","protected":false},"excerpt":{"rendered":"<p>Kevyt ja kompakti 125 mm:n hiomakone optimaalisella, k\u00e4ytt\u00f6\u00e4 helpottavalla ergonomialla. Tekniset tiedot:Ottoteho: 750 WHiomalaikan halkaisija: 125 mmTyhj\u00e4k\u00e4yntikierrosluku: 10.000 r\/minKatkaisusyvyys, maks.: 33,4 mmKaran kierre: M 14Paino: 1,8 kg Vakiovarusteet: 4 m:n QUIK-LOK kaapeli, rikkomasuo-jus, laippa, laippamutteri, avain, tukikahva.Tuotenumero: 4933403235<\/p>\n","protected":false},"featured_media":2413,"template":"","meta":{"_et_pb_use_builder":"","_et_pb_old_content":"","_et_gb_content_width":""},"pwb-brand":[],"product_brand":[],"product_cat":[358],"product_tag":[],"class_list":{"0":"post-2414","1":"product","2":"type-product","3":"status-publish","4":"has-post-thumbnail","6":"product_cat-pienet-kulmahiomakoneet","8":"first","9":"instock","10":"sale","11":"taxable","12":"shipping-taxable","13":"purchasable","14":"product-type-simple"},"brands":[],"_links":{"self":[{"href":"https:\/\/silikotek.sapartners.site\/index.php\/wp-json\/wp\/v2\/product\/2414","targetHints":{"allow":["GET"]}}],"collection":[{"href":"https:\/\/silikotek.sapartners.site\/index.php\/wp-json\/wp\/v2\/product"}],"about":[{"href":"https:\/\/silikotek.sapartners.site\/index.php\/wp-json\/wp\/v2\/types\/product"}],"wp:featuredmedia":[{"embeddable":true,"href":"https:\/\/silikotek.sapartners.site\/index.php\/wp-json\/wp\/v2\/media\/2413"}],"wp:attachment":[{"href":"https:\/\/silikotek.sapartners.site\/index.php\/wp-json\/wp\/v2\/media?parent=2414"}],"wp:term":[{"taxonomy":"pwb-brand","embeddable":true,"href":"https:\/\/silikotek.sapartners.site\/index.php\/wp-json\/wp\/v2\/pwb-brand?post=2414"},{"taxonomy":"product_brand","embeddable":true,"href":"https:\/\/silikotek.sapartners.site\/index.php\/wp-json\/wp\/v2\/product_brand?post=2414"},{"taxonomy":"product_cat","embeddable":true,"href":"https:\/\/silikotek.sapartners.site\/index.php\/wp-json\/wp\/v2\/product_cat?post=2414"},{"taxonomy":"product_tag","embeddable":true,"href":"https:\/\/silikotek.sapartners.site\/index.php\/wp-json\/wp\/v2\/product_tag?post=2414"}],"curies":[{"name":"wp","href":"https:\/\/api.w.org\/{rel}","templated":true}]}}