{"id":2406,"date":"2014-03-31T10:48:09","date_gmt":"2014-03-31T10:48:09","guid":{"rendered":"http:\/\/192.168.100.222\/target_carts\/wordpress\/wordpress495\/wordpress\/?product=tkse-2500-q-ruuvinkierrin"},"modified":"2019-10-30T13:07:55","modified_gmt":"2019-10-30T11:07:55","slug":"tkse-2500-q-ruuvinkierrin","status":"publish","type":"product","link":"https:\/\/silikotek.sapartners.site\/index.php\/tuote\/tkse-2500-q-ruuvinkierrin\/","title":{"rendered":"TKSE 2500 Q Ruuvinkierrin"},"content":{"rendered":"<p>Voimakas 725 W:n ruuvinv\u00e4\u00e4nnin, t\u00e4ydellinen itsekierteitt\u00e4vi\u00e4 ruuveja varten. Metallinen vaihdepes\u00e4 merkitsee tukevaa laakerointia. 0-2500 r\/min. Sein\u00e4levy-ruuvi 6 mm. Ergonominen Softgrip. Helppo ruuvaussyvyyden s\u00e4\u00e4t\u00f6. Hiljainen sulkukytkin. Helposti irroitettava &#8217;Snap-on&#8217; etuosan syvyysrajoitin. QUIK-LOK nopeaan viallisen kaapelin vaihtoon. Paino 1,4 kg. 4 m QUIK-LOK kaapeli, SW 10 hylsy, hylsysarja 49-66-3004 (6 \/ 8 \/ 10 mm), vy\u00f6pidin<\/p>\n","protected":false},"excerpt":{"rendered":"<p>Voimakas 725 W:n ruuvinv\u00e4\u00e4nnin, t\u00e4ydellinen itsekierteitt\u00e4vi\u00e4 ruuveja varten. Metallinen vaihdepes\u00e4 merkitsee tukevaa laakerointia. 0-2500 r\/min. Sein\u00e4levy-ruuvi 6 mm. Ergonominen Softgrip. Helppo ruuvaussyvyyden s\u00e4\u00e4t\u00f6. Hiljainen sulkukytkin. Helposti irroitettava &#8217;Snap-on&#8217; etuosan syvyysrajoitin. QUIK-LOK nopeaan viallisen kaapelin vaihtoon. Paino 1,4 kg. 4 m QUIK-LOK kaapeli, SW 10 hylsy, hylsysarja 49-66-3004 (6 \/ 8 \/ 10 mm), vy\u00f6pidin<\/p>\n","protected":false},"featured_media":2405,"template":"","meta":{"_et_pb_use_builder":"","_et_pb_old_content":"","_et_gb_content_width":""},"pwb-brand":[1452],"product_brand":[],"product_cat":[382],"product_tag":[],"class_list":{"0":"post-2406","1":"product","2":"type-product","3":"status-publish","4":"has-post-thumbnail","6":"pwb-brand-milwaukee","7":"product_cat-ruuvinkiertimet-mutterinvaantime","9":"first","10":"instock","11":"taxable","12":"shipping-taxable","13":"purchasable","14":"product-type-simple"},"brands":[{"id":1452,"name":"Milwaukee","slug":"milwaukee"}],"_links":{"self":[{"href":"https:\/\/silikotek.sapartners.site\/index.php\/wp-json\/wp\/v2\/product\/2406","targetHints":{"allow":["GET"]}}],"collection":[{"href":"https:\/\/silikotek.sapartners.site\/index.php\/wp-json\/wp\/v2\/product"}],"about":[{"href":"https:\/\/silikotek.sapartners.site\/index.php\/wp-json\/wp\/v2\/types\/product"}],"wp:featuredmedia":[{"embeddable":true,"href":"https:\/\/silikotek.sapartners.site\/index.php\/wp-json\/wp\/v2\/media\/2405"}],"wp:attachment":[{"href":"https:\/\/silikotek.sapartners.site\/index.php\/wp-json\/wp\/v2\/media?parent=2406"}],"wp:term":[{"taxonomy":"pwb-brand","embeddable":true,"href":"https:\/\/silikotek.sapartners.site\/index.php\/wp-json\/wp\/v2\/pwb-brand?post=2406"},{"taxonomy":"product_brand","embeddable":true,"href":"https:\/\/silikotek.sapartners.site\/index.php\/wp-json\/wp\/v2\/product_brand?post=2406"},{"taxonomy":"product_cat","embeddable":true,"href":"https:\/\/silikotek.sapartners.site\/index.php\/wp-json\/wp\/v2\/product_cat?post=2406"},{"taxonomy":"product_tag","embeddable":true,"href":"https:\/\/silikotek.sapartners.site\/index.php\/wp-json\/wp\/v2\/product_tag?post=2406"}],"curies":[{"name":"wp","href":"https:\/\/api.w.org\/{rel}","templated":true}]}}