{"id":2388,"date":"2014-03-31T10:48:09","date_gmt":"2014-03-31T10:48:09","guid":{"rendered":"http:\/\/192.168.100.222\/target_carts\/wordpress\/wordpress495\/wordpress\/?product=porakone-b2e-16-rld-milwaukee"},"modified":"2015-12-01T21:24:55","modified_gmt":"2015-12-01T21:24:55","slug":"porakone-b2e-16-rld-milwaukee","status":"publish","type":"product","link":"https:\/\/silikotek.sapartners.site\/index.php\/tuote\/porakone-b2e-16-rld-milwaukee\/","title":{"rendered":"PORAKONE B2E 16 RLD MILWAUKEE"},"content":{"rendered":"<p>900 W porakone vaativaan Heavy-Duty k\u00e4ytt\u00f6\u00f6n. Kierrosluku t\u00e4ydell\u00e4 kuormalla 100-450\/300-1000 r\/min.<br \/>Momentti 1.\/2. vaihde 88\/58 Nm. Poraus \u00d8 ter\u00e4kseen\/alumiiniin\/puuhun 16\/20\/40 mm. 16 mm istukka.<br \/>Karan kierre M 18 x 2,5. Paino 4,2 kg. 4 m kaapeli, 16 mm avaimellinen istukka, avain ja ekstra pitk\u00e4<br \/>tukikahva syvyysrajoittimella.<\/p>\n","protected":false},"excerpt":{"rendered":"<p>PORAKONE B2E 16 RLD<\/p>\n","protected":false},"featured_media":2386,"template":"","meta":{"_et_pb_use_builder":"","_et_pb_old_content":"","_et_gb_content_width":""},"pwb-brand":[],"product_brand":[],"product_cat":[365],"product_tag":[],"class_list":{"0":"post-2388","1":"product","2":"type-product","3":"status-publish","4":"has-post-thumbnail","6":"product_cat-porakoneet-iskuporakoneet","8":"first","9":"instock","10":"taxable","11":"shipping-taxable","12":"purchasable","13":"product-type-simple"},"brands":[],"_links":{"self":[{"href":"https:\/\/silikotek.sapartners.site\/index.php\/wp-json\/wp\/v2\/product\/2388","targetHints":{"allow":["GET"]}}],"collection":[{"href":"https:\/\/silikotek.sapartners.site\/index.php\/wp-json\/wp\/v2\/product"}],"about":[{"href":"https:\/\/silikotek.sapartners.site\/index.php\/wp-json\/wp\/v2\/types\/product"}],"wp:featuredmedia":[{"embeddable":true,"href":"https:\/\/silikotek.sapartners.site\/index.php\/wp-json\/wp\/v2\/media\/2386"}],"wp:attachment":[{"href":"https:\/\/silikotek.sapartners.site\/index.php\/wp-json\/wp\/v2\/media?parent=2388"}],"wp:term":[{"taxonomy":"pwb-brand","embeddable":true,"href":"https:\/\/silikotek.sapartners.site\/index.php\/wp-json\/wp\/v2\/pwb-brand?post=2388"},{"taxonomy":"product_brand","embeddable":true,"href":"https:\/\/silikotek.sapartners.site\/index.php\/wp-json\/wp\/v2\/product_brand?post=2388"},{"taxonomy":"product_cat","embeddable":true,"href":"https:\/\/silikotek.sapartners.site\/index.php\/wp-json\/wp\/v2\/product_cat?post=2388"},{"taxonomy":"product_tag","embeddable":true,"href":"https:\/\/silikotek.sapartners.site\/index.php\/wp-json\/wp\/v2\/product_tag?post=2388"}],"curies":[{"name":"wp","href":"https:\/\/api.w.org\/{rel}","templated":true}]}}