{"id":23869,"date":"2020-11-18T14:53:50","date_gmt":"2020-11-18T12:53:50","guid":{"rendered":"https:\/\/www.silikotek.fi\/?post_type=product&#038;p=23869"},"modified":"2024-09-30T09:53:05","modified_gmt":"2024-09-30T06:53:05","slug":"kstools-the-devil-3-4-tuuman-voimakas-paineilmamutterinvaannin-2000-nm","status":"publish","type":"product","link":"https:\/\/silikotek.sapartners.site\/index.php\/tuote\/kstools-the-devil-3-4-tuuman-voimakas-paineilmamutterinvaannin-2000-nm\/","title":{"rendered":"Kstools The Devil 3\/4 Tuuman voimakas Paineilmamutterinv\u00e4\u00e4nnin 2000 Nm"},"content":{"rendered":"<p>Materiaali1: Alumiini<br \/>\nPaino g: 2200<br \/>\nEnimm\u00e4iskiristysmomentti oikealle 3: 3 = 1290 Nm<br \/>\nEnimm\u00e4iskiristysmomentti oikealle 2: 2 = 1010 Nm<br \/>\nEnimm\u00e4iskiristysmomentti oikealle: 1 = 660 Nm<br \/>\nEnimm\u00e4isavausmomentti: 2000 Nm<br \/>\nSuositeltu kiristysmomentti: 860 Nm<br \/>\nLeveys B: 170.0<br \/>\n\u00c4\u00e4nen tehotaso (dbA): 100.9<br \/>\nTyhj\u00e4k\u00e4yntikierrosluku, r\/min: 8500<br \/>\n\u00c4\u00e4nen painetaso (dbA): 91<br \/>\nLiitoskierre: 1\/4&#8243;PT<br \/>\nNelikantav\u00e4\u00e4nti\u00f6: 3\/4<br \/>\nIlmankulutus, l\/min: 196<br \/>\nKiinnitys (mitta) tuumina: 3\/4<br \/>\nKokonaispituus L (mm): 185<br \/>\nPakkauksen sis\u00e4lt\u00f6: 1<br \/>\nKahva: Kylm\u00e4eristetty kahva<br \/>\nRuuvin enimm\u00e4iskokko: M 16<br \/>\nLetkun v\u00e4himm\u00e4isl\u00e4pimitta: 3\/8&#8243; &#8211; 10 mm<br \/>\nK\u00e4ytt\u00f6paine, bar: 6,3 bar (90 psi)<br \/>\nT\u00e4rin\u00e4nnopeutus: 17,25<\/p>\n","protected":false},"excerpt":{"rendered":"<ul>\n<li class=\"liste\">liukumaton, pehme\u00e4 kahva<\/li>\n<li class=\"liste\">ilmanpoisto alla olevan kahvan kautta<\/li>\n<li class=\"liste\">k\u00e4yt\u00e4nn\u00f6llisell\u00e4 suunnanvaihtovivulla (vasen\/oikea)<\/li>\n<li class=\"liste\">kevyt k\u00e4ytt\u00e4\u00e4<\/li>\n<li class=\"liste\">3-vaiheinen v\u00e4\u00e4nt\u00f6momentin esivalinta<\/li>\n<li class=\"liste\">suurtehoinen kaksoisvasara-iskumekanismi<\/li>\n<li class=\"liste\">pitk\u00e4 k\u00e4ytt\u00f6ik\u00e4<\/li>\n<li class=\"liste\">kylm\u00e4eristetty kahva<\/li>\n<li class=\"liste\">sis. 1\/4 tuuman pilkaliittimen<\/li>\n<li class=\"liste\">ultrakevyt alumiinikotelo<\/li>\n<\/ul>\n","protected":false},"featured_media":20899,"template":"","meta":{"_et_pb_use_builder":"","_et_pb_old_content":"","_et_gb_content_width":""},"pwb-brand":[1454],"product_brand":[],"product_cat":[878],"product_tag":[1474],"class_list":{"0":"post-23869","1":"product","2":"type-product","3":"status-publish","4":"has-post-thumbnail","6":"pwb-brand-kstools","7":"product_cat-mutterinvaannin","8":"product_tag-tehokas-mutterinvaannin","10":"first","11":"instock","12":"taxable","13":"shipping-taxable","14":"purchasable","15":"product-type-simple"},"brands":[{"id":1454,"name":"Kstools","slug":"kstools"}],"_links":{"self":[{"href":"https:\/\/silikotek.sapartners.site\/index.php\/wp-json\/wp\/v2\/product\/23869","targetHints":{"allow":["GET"]}}],"collection":[{"href":"https:\/\/silikotek.sapartners.site\/index.php\/wp-json\/wp\/v2\/product"}],"about":[{"href":"https:\/\/silikotek.sapartners.site\/index.php\/wp-json\/wp\/v2\/types\/product"}],"wp:featuredmedia":[{"embeddable":true,"href":"https:\/\/silikotek.sapartners.site\/index.php\/wp-json\/wp\/v2\/media\/20899"}],"wp:attachment":[{"href":"https:\/\/silikotek.sapartners.site\/index.php\/wp-json\/wp\/v2\/media?parent=23869"}],"wp:term":[{"taxonomy":"pwb-brand","embeddable":true,"href":"https:\/\/silikotek.sapartners.site\/index.php\/wp-json\/wp\/v2\/pwb-brand?post=23869"},{"taxonomy":"product_brand","embeddable":true,"href":"https:\/\/silikotek.sapartners.site\/index.php\/wp-json\/wp\/v2\/product_brand?post=23869"},{"taxonomy":"product_cat","embeddable":true,"href":"https:\/\/silikotek.sapartners.site\/index.php\/wp-json\/wp\/v2\/product_cat?post=23869"},{"taxonomy":"product_tag","embeddable":true,"href":"https:\/\/silikotek.sapartners.site\/index.php\/wp-json\/wp\/v2\/product_tag?post=23869"}],"curies":[{"name":"wp","href":"https:\/\/api.w.org\/{rel}","templated":true}]}}