{"id":2383,"date":"2014-03-31T10:48:09","date_gmt":"2014-03-31T10:48:09","guid":{"rendered":"http:\/\/192.168.100.222\/target_carts\/wordpress\/wordpress495\/wordpress\/?product=porakone-hd2e-13-r"},"modified":"2020-09-15T11:58:50","modified_gmt":"2020-09-15T08:58:50","slug":"porakone-hd2e-13-r","status":"publish","type":"product","link":"https:\/\/silikotek.sapartners.site\/index.php\/tuote\/porakone-hd2e-13-r\/","title":{"rendered":"Milwaukee porakone HD2E 13 R 705 W"},"content":{"rendered":"<table class=\"table product__detail-table js-responsive-table\">\n<tbody>\n<tr>\n<th class=\"product__detail-table--no-border table-area-heading\">Tekniset tiedot<\/th>\n<th class=\"product__detail-table--no-border product__detail-table--centered\">\u00a0HD2E 13 R<\/th>\n<\/tr>\n<tr>\n<th>Istukkakapasiteetti (mm)<\/th>\n<td data-th=\"Istukkakapasiteetti (mm)\">13<\/td>\n<\/tr>\n<tr>\n<th>Kuormittamaton nopeus 1.vaihteella (r\/min)<\/th>\n<td data-th=\"Kuormittamaton nopeus 1.vaihteella (r\/min)\">0 &#8211; 1050<\/td>\n<\/tr>\n<tr>\n<th>Kuormittamaton nopeus 2.vaihteella (r\/min)<\/th>\n<td data-th=\"Kuormittamaton nopeus 2.vaihteella (r\/min)\">0 &#8211; 2200<\/td>\n<\/tr>\n<tr>\n<th>Maks. poraus puuhun (mm)<\/th>\n<td data-th=\"Maks. poraus puuhun (mm)\">40<\/td>\n<\/tr>\n<tr>\n<th>Maks. poraus ter\u00e4kseen (mm)<\/th>\n<td data-th=\"Maks. poraus ter\u00e4kseen (mm)\">13<\/td>\n<\/tr>\n<tr>\n<th>Maks. staattinen v\u00e4\u00e4nt\u00f6 (Nm)<\/th>\n<td data-th=\"Maks. staattinen v\u00e4\u00e4nt\u00f6 (Nm)\">60<\/td>\n<\/tr>\n<tr>\n<th>Paino (kg)<\/th>\n<td data-th=\"Paino (kg)\">2.7<\/td>\n<\/tr>\n<tr>\n<th>Sis\u00e4\u00e4nottoteho (W)<\/th>\n<td data-th=\"Sis\u00e4\u00e4nottoteho (W)\">705<\/td>\n<\/tr>\n<tr>\n<th>Toimitetaan<\/th>\n<td data-th=\"Toimitetaan\">Toimitetaan ilman laatikkoa<\/td>\n<\/tr>\n<tr>\n<th>Tuotenumero<\/th>\n<td data-th=\"Tuotenumero\">4933390186<\/td>\n<\/tr>\n<tr>\n<th>Ty\u00f6kalun kiinnitys<\/th>\n<td data-th=\"Ty\u00f6kalun kiinnitys\">\u00bd\u2033 x 20<\/td>\n<\/tr>\n<tr>\n<th>Vakiovarustus<\/th>\n<td data-th=\"Vakiovarustus\">13 mm pikaistukka, sivukahva<\/td>\n<\/tr>\n<tr class=\"table__accordion-btn\">\n<th colspan=\"2\"><\/th>\n<\/tr>\n<\/tbody>\n<\/table>\n<table class=\"table product__detail-table js-responsive-table\">\n<tbody>\n<tr class=\"table__hidden-area js-hidden-table-area is-active\">\n<th>\u00c4\u00e4nen tehotaso (dB(A))<\/th>\n<td data-th=\"\u00c4\u00e4nen tehotaso (dB(A))\">95<\/td>\n<\/tr>\n<tr class=\"table__hidden-area js-hidden-table-area is-active\">\n<th>\u00c4\u00e4nentehotason ep\u00e4varmuus (dB(A))<\/th>\n<td data-th=\"\u00c4\u00e4nentehotason ep\u00e4varmuus (dB(A))\">3<\/td>\n<\/tr>\n<tr class=\"table__hidden-area js-hidden-table-area is-active\">\n<th>Akustinen paine &#8211; ep\u00e4varmuus (dB(A))<\/th>\n<td data-th=\"Akustinen paine - ep\u00e4varmuus (dB(A))\">3<\/td>\n<\/tr>\n<tr class=\"table__hidden-area js-hidden-table-area is-active\">\n<th>Akustinen paine (dB(A))<\/th>\n<td data-th=\"Akustinen paine (dB(A))\">84<\/td>\n<\/tr>\n<tr class=\"table__hidden-area js-hidden-table-area is-active\">\n<th>T\u00e4rin\u00e4taso metalliin porattaessa (m\/s\u00b2)<\/th>\n<td data-th=\"T\u00e4rin\u00e4taso metalliin porattaessa (m\/s\u00b2)\">2<\/td>\n<\/tr>\n<tr class=\"table__hidden-area js-hidden-table-area is-active\">\n<th>T\u00e4rin\u00e4taso metalliin porattaessa: ep\u00e4varmuus (m\/s\u00b2)<\/th>\n<td data-th=\"T\u00e4rin\u00e4taso metalliin porattaessa: ep\u00e4varmuus (m\/s\u00b2)\">1.5<\/td>\n<\/tr>\n<\/tbody>\n<\/table>\n","protected":false},"excerpt":{"rendered":"<div id=\"p_lt_ctl01_pageplaceholder_p_lt_ctl01_MilwaukeeProductFeatures_pnlFeatues\" class=\"product__description js-description-mask is-active\">\n<div class=\"product__description-content js-product-content\">\n<p>Kompakti ja tehokas 705 W moottori. Elektronisesti ohjattu kierrosluvun esivalinta ja suunnanvaihto. Metallinen vaihteisto. 13 mm metallinen pikaistukka.<br \/>\nSoftgrip ja ergonominen muotoilu lis\u00e4\u00e4v\u00e4t k\u00e4ytt\u00f6mukavuutta. 4 m johto.<\/p>\n<\/div>\n<\/div>\n","protected":false},"featured_media":23338,"template":"","meta":{"_et_pb_use_builder":"","_et_pb_old_content":"","_et_gb_content_width":""},"pwb-brand":[1452],"product_brand":[],"product_cat":[369,807],"product_tag":[],"class_list":{"0":"post-2383","1":"product","2":"type-product","3":"status-publish","4":"has-post-thumbnail","6":"pwb-brand-milwaukee","7":"product_cat-porakoneet-13-16-mm","8":"product_cat-porakoneet","10":"first","11":"instock","12":"taxable","13":"shipping-taxable","14":"purchasable","15":"product-type-simple"},"brands":[{"id":1452,"name":"Milwaukee","slug":"milwaukee"}],"_links":{"self":[{"href":"https:\/\/silikotek.sapartners.site\/index.php\/wp-json\/wp\/v2\/product\/2383","targetHints":{"allow":["GET"]}}],"collection":[{"href":"https:\/\/silikotek.sapartners.site\/index.php\/wp-json\/wp\/v2\/product"}],"about":[{"href":"https:\/\/silikotek.sapartners.site\/index.php\/wp-json\/wp\/v2\/types\/product"}],"wp:featuredmedia":[{"embeddable":true,"href":"https:\/\/silikotek.sapartners.site\/index.php\/wp-json\/wp\/v2\/media\/23338"}],"wp:attachment":[{"href":"https:\/\/silikotek.sapartners.site\/index.php\/wp-json\/wp\/v2\/media?parent=2383"}],"wp:term":[{"taxonomy":"pwb-brand","embeddable":true,"href":"https:\/\/silikotek.sapartners.site\/index.php\/wp-json\/wp\/v2\/pwb-brand?post=2383"},{"taxonomy":"product_brand","embeddable":true,"href":"https:\/\/silikotek.sapartners.site\/index.php\/wp-json\/wp\/v2\/product_brand?post=2383"},{"taxonomy":"product_cat","embeddable":true,"href":"https:\/\/silikotek.sapartners.site\/index.php\/wp-json\/wp\/v2\/product_cat?post=2383"},{"taxonomy":"product_tag","embeddable":true,"href":"https:\/\/silikotek.sapartners.site\/index.php\/wp-json\/wp\/v2\/product_tag?post=2383"}],"curies":[{"name":"wp","href":"https:\/\/api.w.org\/{rel}","templated":true}]}}