{"id":2379,"date":"2014-03-31T10:48:09","date_gmt":"2014-03-31T10:48:09","guid":{"rendered":"http:\/\/192.168.100.222\/target_carts\/wordpress\/wordpress495\/wordpress\/?product=iskuporakone-pd2e-22-r"},"modified":"2020-09-15T10:43:24","modified_gmt":"2020-09-15T07:43:24","slug":"iskuporakone-pd2e-22-r","status":"publish","type":"product","link":"https:\/\/silikotek.sapartners.site\/index.php\/tuote\/iskuporakone-pd2e-22-r\/","title":{"rendered":"Milwaukee 2-nopeuksinen Iskuporakone PD2E 22 R 850W"},"content":{"rendered":"<table class=\"table product__detail-table js-responsive-table\">\n<tbody>\n<tr>\n<th class=\"product__detail-table--no-border table-area-heading\">Tekniset tiedot<\/th>\n<th class=\"product__detail-table--no-border product__detail-table--centered\">\u00a0PD2E 22 R<\/th>\n<\/tr>\n<tr>\n<th>Istukkakapasiteetti (mm)<\/th>\n<td data-th=\"Istukkakapasiteetti (mm)\">13<\/td>\n<\/tr>\n<tr>\n<th>Kuormittamaton nopeus 1.vaihteella (r\/min)<\/th>\n<td data-th=\"Kuormittamaton nopeus 1.vaihteella (r\/min)\">0 &#8211; 1000<\/td>\n<\/tr>\n<tr>\n<th>Kuormittamaton nopeus 2.vaihteella (r\/min)<\/th>\n<td data-th=\"Kuormittamaton nopeus 2.vaihteella (r\/min)\">0 &#8211; 3200<\/td>\n<\/tr>\n<tr>\n<th>Maks. iskuluku (iskua\/min)<\/th>\n<td data-th=\"Maks. iskuluku (iskua\/min)\">40,000<\/td>\n<\/tr>\n<tr>\n<th>Maks. poraus betoniin (mm)<\/th>\n<td data-th=\"Maks. poraus betoniin (mm)\">22<\/td>\n<\/tr>\n<tr>\n<th>Maks. poraus puuhun (mm)<\/th>\n<td data-th=\"Maks. poraus puuhun (mm)\">40<\/td>\n<\/tr>\n<tr>\n<th>Maks. poraus ter\u00e4kseen (mm)<\/th>\n<td data-th=\"Maks. poraus ter\u00e4kseen (mm)\">13<\/td>\n<\/tr>\n<tr>\n<th>Maks. porauskapasiteetti puuhun\/ter\u00e4kseen\/muuraustuotteisiin\/betoniin (mm)<\/th>\n<td data-th=\"Maks. porauskapasiteetti puuhun\/ter\u00e4kseen\/muuraustuotteisiin\/betoniin (mm)\">40\/ 13\/ 22\/ 20<\/td>\n<\/tr>\n<tr>\n<th>Maks. staattinen v\u00e4\u00e4nt\u00f6 (Nm)<\/th>\n<td data-th=\"Maks. staattinen v\u00e4\u00e4nt\u00f6 (Nm)\">56<\/td>\n<\/tr>\n<tr>\n<th>Paino (kg)<\/th>\n<td data-th=\"Paino (kg)\">2.9<\/td>\n<\/tr>\n<tr>\n<th>Sis\u00e4\u00e4nottoteho (W)<\/th>\n<td data-th=\"Sis\u00e4\u00e4nottoteho (W)\">850<\/td>\n<\/tr>\n<tr>\n<th>Toimitetaan<\/th>\n<td data-th=\"Toimitetaan\">Muovilaatikko<\/td>\n<\/tr>\n<tr>\n<th>Tuotenumero<\/th>\n<td data-th=\"Tuotenumero\">4933419570<\/td>\n<\/tr>\n<tr>\n<th>Vakiovarustus<\/th>\n<td data-th=\"Vakiovarustus\">Lis\u00e4kahva metallisella syvyysrajoittimella<\/td>\n<\/tr>\n<tr class=\"table__accordion-btn\">\n<th colspan=\"2\"><\/th>\n<\/tr>\n<\/tbody>\n<\/table>\n<table class=\"table product__detail-table js-responsive-table\">\n<tbody>\n<tr class=\"table__hidden-area js-hidden-table-area is-active\">\n<th>\u00c4\u00e4nen tehotaso (dB(A))<\/th>\n<td data-th=\"\u00c4\u00e4nen tehotaso (dB(A))\">109<\/td>\n<\/tr>\n<tr class=\"table__hidden-area js-hidden-table-area is-active\">\n<th>\u00c4\u00e4nentehotason ep\u00e4varmuus (dB(A))<\/th>\n<td data-th=\"\u00c4\u00e4nentehotason ep\u00e4varmuus (dB(A))\">3<\/td>\n<\/tr>\n<tr class=\"table__hidden-area js-hidden-table-area is-active\">\n<th>Akustinen paine &#8211; ep\u00e4varmuus (dB(A))<\/th>\n<td data-th=\"Akustinen paine - ep\u00e4varmuus (dB(A))\">3<\/td>\n<\/tr>\n<tr class=\"table__hidden-area js-hidden-table-area is-active\">\n<th>Akustinen paine (dB(A))<\/th>\n<td data-th=\"Akustinen paine (dB(A))\">98<\/td>\n<\/tr>\n<tr class=\"table__hidden-area js-hidden-table-area is-active\">\n<th>T\u00e4rin\u00e4taso betoniin porattaessa (m\/s\u00b2)<\/th>\n<td data-th=\"T\u00e4rin\u00e4taso betoniin porattaessa (m\/s\u00b2)\">17.1<\/td>\n<\/tr>\n<tr class=\"table__hidden-area js-hidden-table-area is-active\">\n<th>T\u00e4rin\u00e4taso metalliin porattaessa (m\/s\u00b2)<\/th>\n<td data-th=\"T\u00e4rin\u00e4taso metalliin porattaessa (m\/s\u00b2)\">7.6<\/td>\n<\/tr>\n<tr class=\"table__hidden-area js-hidden-table-area is-active\">\n<th>T\u00e4rin\u00e4taso metalliin porattaessa: ep\u00e4varmuus (m\/s\u00b2)<\/th>\n<td data-th=\"T\u00e4rin\u00e4taso metalliin porattaessa: ep\u00e4varmuus (m\/s\u00b2)\">1.5<\/td>\n<\/tr>\n<tr class=\"table__hidden-area js-hidden-table-area is-active\">\n<th>T\u00e4rin\u00e4tasossa betoniin porattaessa: ep\u00e4varmuus (m\/s\u00b2)<\/th>\n<td data-th=\"T\u00e4rin\u00e4tasossa betoniin porattaessa: ep\u00e4varmuus (m\/s\u00b2)\">1.5<\/td>\n<\/tr>\n<\/tbody>\n<\/table>\n","protected":false},"excerpt":{"rendered":"<div class=\"product__description-content js-product-content\">\n<p>Tehokas 850 W moottori. Elektronisesti ohjattu kierrosluvun esivalinta ja suunnanvaihto. AVS-t\u00e4rin\u00e4nestoj\u00e4rjestelm\u00e4 ja Softgrip lis\u00e4\u00e4v\u00e4t k\u00e4ytt\u00f6mukavuutta.<br \/>\nMetallinen vaihteisto. Suora ter\u00e4kiinnitys lyhent\u00e4\u00e4 kokonaispituutta ja painoa sek\u00e4 tarjoaa parhaan n\u00e4kyvyyden ty\u00f6st\u00f6kohteelle.<\/p>\n<p>Turvakytkin suojaa k\u00e4ytt\u00e4j\u00e4\u00e4. Pikaistukka 1,5 &#8211; 13 mm. 4 m johto<\/p>\n<\/div>\n","protected":false},"featured_media":23334,"template":"","meta":{"_et_pb_use_builder":"","_et_pb_old_content":"","_et_gb_content_width":""},"pwb-brand":[1452],"product_brand":[],"product_cat":[367,807],"product_tag":[],"class_list":{"0":"post-2379","1":"product","2":"type-product","3":"status-publish","4":"has-post-thumbnail","6":"pwb-brand-milwaukee","7":"product_cat-iskuporakoneet","8":"product_cat-porakoneet","10":"first","11":"instock","12":"taxable","13":"shipping-taxable","14":"purchasable","15":"product-type-simple"},"brands":[{"id":1452,"name":"Milwaukee","slug":"milwaukee"}],"_links":{"self":[{"href":"https:\/\/silikotek.sapartners.site\/index.php\/wp-json\/wp\/v2\/product\/2379","targetHints":{"allow":["GET"]}}],"collection":[{"href":"https:\/\/silikotek.sapartners.site\/index.php\/wp-json\/wp\/v2\/product"}],"about":[{"href":"https:\/\/silikotek.sapartners.site\/index.php\/wp-json\/wp\/v2\/types\/product"}],"wp:featuredmedia":[{"embeddable":true,"href":"https:\/\/silikotek.sapartners.site\/index.php\/wp-json\/wp\/v2\/media\/23334"}],"wp:attachment":[{"href":"https:\/\/silikotek.sapartners.site\/index.php\/wp-json\/wp\/v2\/media?parent=2379"}],"wp:term":[{"taxonomy":"pwb-brand","embeddable":true,"href":"https:\/\/silikotek.sapartners.site\/index.php\/wp-json\/wp\/v2\/pwb-brand?post=2379"},{"taxonomy":"product_brand","embeddable":true,"href":"https:\/\/silikotek.sapartners.site\/index.php\/wp-json\/wp\/v2\/product_brand?post=2379"},{"taxonomy":"product_cat","embeddable":true,"href":"https:\/\/silikotek.sapartners.site\/index.php\/wp-json\/wp\/v2\/product_cat?post=2379"},{"taxonomy":"product_tag","embeddable":true,"href":"https:\/\/silikotek.sapartners.site\/index.php\/wp-json\/wp\/v2\/product_tag?post=2379"}],"curies":[{"name":"wp","href":"https:\/\/api.w.org\/{rel}","templated":true}]}}