{"id":2377,"date":"2014-03-31T10:48:09","date_gmt":"2014-03-31T10:48:09","guid":{"rendered":"http:\/\/192.168.100.222\/target_carts\/wordpress\/wordpress495\/wordpress\/?product=sb-2-35-d-iskuporakone"},"modified":"2020-07-10T13:25:33","modified_gmt":"2020-07-10T10:25:33","slug":"sb-2-35-d-iskuporakone","status":"publish","type":"product","link":"https:\/\/silikotek.sapartners.site\/index.php\/tuote\/sb-2-35-d-iskuporakone\/","title":{"rendered":"Milwaukee Iskuporakone SB 2-35 D"},"content":{"rendered":"<p>Eritt\u00e4in lujarakenteinen, 1010 W:n iskuporakone 2-vaihteinen ja D-kahvalla. 16 mm avaimellinen istukka.Pystyy poraamaan jopa 40\/90 mm:n poranhalkaisijoilla (kruunuporalla). V\u00e4\u00e4nt\u00f6momentti jopa 88 Nm. Iskutoiminnon lukitus normaaliporaukseen. Kierrosluku t\u00e4ydell\u00e4 kuormalla 650 \/ 1350 r\/min. Poraus \u00d8 35 mm. Paino 4,2 kg. 4 m kaapeli ja lis\u00e4kahva metallisella syvyysrajoitimella,<\/p>\n","protected":false},"excerpt":{"rendered":"<p>Eritt\u00e4in lujarakenteinen, 1010 W:n iskuporakone 2-vaihteinen ja D-kahvalla. 16 mm avaimellinen istukka.Pystyy poraamaan jopa 40\/90 mm:n poranhalkaisijoilla (kruunuporalla). V\u00e4\u00e4nt\u00f6momentti jopa 88 Nm. Iskutoiminnon lukitus normaaliporaukseen. Kierrosluku t\u00e4ydell\u00e4 kuormalla 650 \/ 1350 r\/min. Poraus \u00d8 35 mm. Paino 4,2 kg. 4 m kaapeli ja lis\u00e4kahva metallisella syvyysrajoitimella,<\/p>\n","protected":false},"featured_media":23047,"template":"","meta":{"_et_pb_use_builder":"","_et_pb_old_content":"","_et_gb_content_width":""},"pwb-brand":[1452],"product_brand":[],"product_cat":[807],"product_tag":[],"class_list":{"0":"post-2377","1":"product","2":"type-product","3":"status-publish","4":"has-post-thumbnail","6":"pwb-brand-milwaukee","7":"product_cat-porakoneet","9":"first","10":"instock","11":"taxable","12":"shipping-taxable","13":"purchasable","14":"product-type-simple"},"brands":[{"id":1452,"name":"Milwaukee","slug":"milwaukee"}],"_links":{"self":[{"href":"https:\/\/silikotek.sapartners.site\/index.php\/wp-json\/wp\/v2\/product\/2377","targetHints":{"allow":["GET"]}}],"collection":[{"href":"https:\/\/silikotek.sapartners.site\/index.php\/wp-json\/wp\/v2\/product"}],"about":[{"href":"https:\/\/silikotek.sapartners.site\/index.php\/wp-json\/wp\/v2\/types\/product"}],"wp:featuredmedia":[{"embeddable":true,"href":"https:\/\/silikotek.sapartners.site\/index.php\/wp-json\/wp\/v2\/media\/23047"}],"wp:attachment":[{"href":"https:\/\/silikotek.sapartners.site\/index.php\/wp-json\/wp\/v2\/media?parent=2377"}],"wp:term":[{"taxonomy":"pwb-brand","embeddable":true,"href":"https:\/\/silikotek.sapartners.site\/index.php\/wp-json\/wp\/v2\/pwb-brand?post=2377"},{"taxonomy":"product_brand","embeddable":true,"href":"https:\/\/silikotek.sapartners.site\/index.php\/wp-json\/wp\/v2\/product_brand?post=2377"},{"taxonomy":"product_cat","embeddable":true,"href":"https:\/\/silikotek.sapartners.site\/index.php\/wp-json\/wp\/v2\/product_cat?post=2377"},{"taxonomy":"product_tag","embeddable":true,"href":"https:\/\/silikotek.sapartners.site\/index.php\/wp-json\/wp\/v2\/product_tag?post=2377"}],"curies":[{"name":"wp","href":"https:\/\/api.w.org\/{rel}","templated":true}]}}