{"id":23591,"date":"2020-11-02T16:04:52","date_gmt":"2020-11-02T14:04:52","guid":{"rendered":"https:\/\/www.silikotek.fi\/?post_type=product&#038;p=23591"},"modified":"2021-09-03T15:55:56","modified_gmt":"2021-09-03T12:55:56","slug":"haka-avain-saadettava-uramuttereille-facom-115a-50","status":"publish","type":"product","link":"https:\/\/silikotek.sapartners.site\/index.php\/tuote\/haka-avain-saadettava-uramuttereille-facom-115a-50\/","title":{"rendered":"Facom Haka-avain s\u00e4\u00e4dett\u00e4v\u00e4 uramuttereille 115A.50"},"content":{"rendered":"","protected":false},"excerpt":{"rendered":"<p>S\u00e4\u00e4dett\u00e4v\u00e4 hakasavain uramuttereille 10-50 mm<\/p>\n","protected":false},"featured_media":23604,"template":"","meta":{"_et_pb_use_builder":"","_et_pb_old_content":"","_et_gb_content_width":""},"pwb-brand":[1455],"product_brand":[],"product_cat":[828],"product_tag":[],"class_list":{"0":"post-23591","1":"product","2":"type-product","3":"status-publish","4":"has-post-thumbnail","6":"pwb-brand-facom","7":"product_cat-haka-avaimet","9":"first","10":"instock","11":"taxable","12":"shipping-taxable","13":"purchasable","14":"product-type-simple"},"brands":[{"id":1455,"name":"Facom","slug":"facom"}],"_links":{"self":[{"href":"https:\/\/silikotek.sapartners.site\/index.php\/wp-json\/wp\/v2\/product\/23591","targetHints":{"allow":["GET"]}}],"collection":[{"href":"https:\/\/silikotek.sapartners.site\/index.php\/wp-json\/wp\/v2\/product"}],"about":[{"href":"https:\/\/silikotek.sapartners.site\/index.php\/wp-json\/wp\/v2\/types\/product"}],"wp:featuredmedia":[{"embeddable":true,"href":"https:\/\/silikotek.sapartners.site\/index.php\/wp-json\/wp\/v2\/media\/23604"}],"wp:attachment":[{"href":"https:\/\/silikotek.sapartners.site\/index.php\/wp-json\/wp\/v2\/media?parent=23591"}],"wp:term":[{"taxonomy":"pwb-brand","embeddable":true,"href":"https:\/\/silikotek.sapartners.site\/index.php\/wp-json\/wp\/v2\/pwb-brand?post=23591"},{"taxonomy":"product_brand","embeddable":true,"href":"https:\/\/silikotek.sapartners.site\/index.php\/wp-json\/wp\/v2\/product_brand?post=23591"},{"taxonomy":"product_cat","embeddable":true,"href":"https:\/\/silikotek.sapartners.site\/index.php\/wp-json\/wp\/v2\/product_cat?post=23591"},{"taxonomy":"product_tag","embeddable":true,"href":"https:\/\/silikotek.sapartners.site\/index.php\/wp-json\/wp\/v2\/product_tag?post=23591"}],"curies":[{"name":"wp","href":"https:\/\/api.w.org\/{rel}","templated":true}]}}