{"id":2354,"date":"2014-03-31T10:48:09","date_gmt":"2014-03-31T10:48:09","guid":{"rendered":"http:\/\/192.168.100.222\/target_carts\/wordpress\/wordpress495\/wordpress\/?product=yhdistelmavasara-kango-545-s"},"modified":"2014-05-02T20:43:52","modified_gmt":"2014-05-02T20:43:52","slug":"yhdistelmavasara-kango-545-s","status":"publish","type":"product","link":"https:\/\/silikotek.sapartners.site\/index.php\/tuote\/yhdistelmavasara-kango-545-s\/","title":{"rendered":"Yhdistelm\u00e4vasara Kango 545 S"},"content":{"rendered":"<p>\u2022 AVS-t\u00e4rin\u00e4nvaimennus-j\u00e4rjestelm\u00e4 ja Softgrip sek\u00e4 etu- ett\u00e4 takakahvassa<br \/>\u2022 Pehme\u00e4 k\u00e4ynnistys porauksen\/talttauksen tarkkaan aloitukseen<br \/>\u2022 Vakioelektroniikka pit\u00e4\u00e4 nopeuden tasaisena kuormituksenkin aikana<br \/>\u2022 Roto-Stop py\u00f6rimisen esto ja taltan asetu moneen eri asentoon<br \/>\u2022 Turvakytkin suojaa k\u00e4ytt\u00e4j\u00e4\u00e4 ja konetta poran jumiutuessa kiinni<br \/>\u2022 Metallinen vaihdepes\u00e4 antaa parhaan mahdollisen tuen vaihteistolle ja lis\u00e4\u00e4 k\u00e4ytt\u00f6ik\u00e4\u00e4<br \/>\u2022 Huoltoluukku helppoon hiilten vaihtoon<br \/>\u2022 Vahva ulkokuori rakennusty\u00f6maiden vaativaa ty\u00f6ymp\u00e4rist\u00f6\u00e4 varten.<\/p>\n<p>Tekniset tiedot: <br \/>Ottoteho: 1300 W<br \/>Talttauksen iskuenergia: 14 J<br \/>Porauksen iskuenergia: 12 J<br \/>Porauskapasiteetti kiinte\u00e4ll\u00e4 poralla: 45 mm<br \/>Porauskapasiteetti tunneliporalla: 65 mm<br \/>Porauskapasiteetti kruunuporalla: 100 mm<br \/>Porausnopeus (kuormitettu): 450 r\/min<br \/>Porausnopeus pehme\u00e4ss\u00e4 vasarointitilassa (kuormitettu): 350 r\/min<br \/>Iskuluku (kuormitettu): 2840 iskua\/min<br \/>Iskuluku pehme\u00e4ss\u00e4 vasarointitilassa (kuormitettu): 2200 iskua\/min<br \/>Ty\u00f6kalupidin: SDS-Max<br \/>Paino: 6,2 kg<br \/>Vakiovarusteet: 6 m kaapeli, suora lis\u00e4kahva, voiteluainetta, kantolaukku.<br \/>Tuotenumero: 4933398200<br \/>EAN: 4002395 23407 3<\/p>\n","protected":false},"excerpt":{"rendered":"<p>Yhdistelm\u00e4vasara Kango 545 S, 5kg yhdistelm\u00e4vasara<\/p>\n","protected":false},"featured_media":2352,"template":"","meta":{"_et_pb_use_builder":"","_et_pb_old_content":"","_et_gb_content_width":""},"pwb-brand":[],"product_brand":[],"product_cat":[387],"product_tag":[],"class_list":{"0":"post-2354","1":"product","2":"type-product","3":"status-publish","4":"has-post-thumbnail","6":"product_cat-sds-max-yhdistelmavasarat","8":"first","9":"instock","10":"sale","11":"taxable","12":"shipping-taxable","13":"purchasable","14":"product-type-simple"},"brands":[],"_links":{"self":[{"href":"https:\/\/silikotek.sapartners.site\/index.php\/wp-json\/wp\/v2\/product\/2354","targetHints":{"allow":["GET"]}}],"collection":[{"href":"https:\/\/silikotek.sapartners.site\/index.php\/wp-json\/wp\/v2\/product"}],"about":[{"href":"https:\/\/silikotek.sapartners.site\/index.php\/wp-json\/wp\/v2\/types\/product"}],"wp:featuredmedia":[{"embeddable":true,"href":"https:\/\/silikotek.sapartners.site\/index.php\/wp-json\/wp\/v2\/media\/2352"}],"wp:attachment":[{"href":"https:\/\/silikotek.sapartners.site\/index.php\/wp-json\/wp\/v2\/media?parent=2354"}],"wp:term":[{"taxonomy":"pwb-brand","embeddable":true,"href":"https:\/\/silikotek.sapartners.site\/index.php\/wp-json\/wp\/v2\/pwb-brand?post=2354"},{"taxonomy":"product_brand","embeddable":true,"href":"https:\/\/silikotek.sapartners.site\/index.php\/wp-json\/wp\/v2\/product_brand?post=2354"},{"taxonomy":"product_cat","embeddable":true,"href":"https:\/\/silikotek.sapartners.site\/index.php\/wp-json\/wp\/v2\/product_cat?post=2354"},{"taxonomy":"product_tag","embeddable":true,"href":"https:\/\/silikotek.sapartners.site\/index.php\/wp-json\/wp\/v2\/product_tag?post=2354"}],"curies":[{"name":"wp","href":"https:\/\/api.w.org\/{rel}","templated":true}]}}