{"id":2347,"date":"2014-03-31T10:48:09","date_gmt":"2014-03-31T10:48:09","guid":{"rendered":"http:\/\/192.168.100.222\/target_carts\/wordpress\/wordpress495\/wordpress\/?product=flex-l3709-kulmahiomakone"},"modified":"2014-12-02T20:35:12","modified_gmt":"2014-12-02T20:35:12","slug":"flex-l3709-kulmahiomakone","status":"publish","type":"product","link":"https:\/\/silikotek.sapartners.site\/index.php\/tuote\/flex-l3709-kulmahiomakone\/","title":{"rendered":"FLEX L3709 Kulmahiomakone"},"content":{"rendered":"<p>FLEX L3709 Kulmahiomakone on pieni ja kevyt yleiskone joka ty\u00f6maalle. Todellinen yleiskone kaikkialle, jossa on korjaus- tai rakennustoimintaa. Hinta\/laatusuhteeltaan ylivoimainen ja pieni kulmahiomakone laatukomponentein (MiniGear-vaihde, Marquardt-kytkin, p\u00f6lytiiviit laakerit ja pulverisuojattu kentt\u00e4).<\/p>\n<p>Laikan maksimi \u00d8: 125 mm<br \/>Nopeus, ilman kuormaa: 11 000\/min<br \/>Ottoteho: 800 Watt<br \/>Antoteho: 470 Watt<br \/>Paino: 1,8 kg<\/p>\n","protected":false},"excerpt":{"rendered":"<p>FLEX L3709 Kulmahiomakone on pieni ja kevyt yleiskone joka ty\u00f6maalle. Todellinen yleiskone kaikkialle, jossa on korjaus- tai rakennustoimintaa. Hinta\/laatusuhteeltaan ylivoimainen ja pieni kulmahiomakone laatukomponentein (MiniGear-vaihde, Marquardt-kytkin, p\u00f6lytiiviit laakerit ja pulverisuojattu kentt\u00e4). Laikan maksimi \u00d8: 125 mmNopeus, ilman kuormaa: 11 000\/minOttoteho: 800 WattAntoteho: 470 WattPaino: 1,8 kg<\/p>\n","protected":false},"featured_media":2346,"template":"","meta":{"_et_pb_use_builder":"","_et_pb_old_content":"","_et_gb_content_width":""},"pwb-brand":[],"product_brand":[],"product_cat":[444],"product_tag":[],"class_list":{"0":"post-2347","1":"product","2":"type-product","3":"status-publish","4":"has-post-thumbnail","6":"product_cat-flex","8":"first","9":"instock","10":"taxable","11":"shipping-taxable","12":"purchasable","13":"product-type-simple"},"brands":[],"_links":{"self":[{"href":"https:\/\/silikotek.sapartners.site\/index.php\/wp-json\/wp\/v2\/product\/2347","targetHints":{"allow":["GET"]}}],"collection":[{"href":"https:\/\/silikotek.sapartners.site\/index.php\/wp-json\/wp\/v2\/product"}],"about":[{"href":"https:\/\/silikotek.sapartners.site\/index.php\/wp-json\/wp\/v2\/types\/product"}],"wp:featuredmedia":[{"embeddable":true,"href":"https:\/\/silikotek.sapartners.site\/index.php\/wp-json\/wp\/v2\/media\/2346"}],"wp:attachment":[{"href":"https:\/\/silikotek.sapartners.site\/index.php\/wp-json\/wp\/v2\/media?parent=2347"}],"wp:term":[{"taxonomy":"pwb-brand","embeddable":true,"href":"https:\/\/silikotek.sapartners.site\/index.php\/wp-json\/wp\/v2\/pwb-brand?post=2347"},{"taxonomy":"product_brand","embeddable":true,"href":"https:\/\/silikotek.sapartners.site\/index.php\/wp-json\/wp\/v2\/product_brand?post=2347"},{"taxonomy":"product_cat","embeddable":true,"href":"https:\/\/silikotek.sapartners.site\/index.php\/wp-json\/wp\/v2\/product_cat?post=2347"},{"taxonomy":"product_tag","embeddable":true,"href":"https:\/\/silikotek.sapartners.site\/index.php\/wp-json\/wp\/v2\/product_tag?post=2347"}],"curies":[{"name":"wp","href":"https:\/\/api.w.org\/{rel}","templated":true}]}}