{"id":23409,"date":"2020-10-02T09:25:04","date_gmt":"2020-10-02T06:25:04","guid":{"rendered":"https:\/\/www.silikotek.fi\/?post_type=product&#038;p=23409"},"modified":"2023-01-04T23:26:14","modified_gmt":"2023-01-04T21:26:14","slug":"kstools-the-minidevil-1-2-tuuman-suurtehoinen-paineilmaiskuruuvain-1-084-nm","status":"publish","type":"product","link":"https:\/\/silikotek.sapartners.site\/index.php\/tuote\/kstools-the-minidevil-1-2-tuuman-suurtehoinen-paineilmaiskuruuvain-1-084-nm\/","title":{"rendered":"Kstools The miniDevil 1\/2 tuuman tehokas mutterinv\u00e4\u00e4nnin  1 084 Nm"},"content":{"rendered":"<p><iframe loading=\"lazy\" title=\"KS TOOLS 515.1315 1\/2 Zoll THE miniDEVIL Hochleistungs-Druckluft-Schlagschrauber 1084Nm\" width=\"1080\" height=\"608\" src=\"https:\/\/www.youtube.com\/embed\/9snet2iAm8g?feature=oembed\"  allow=\"accelerometer; autoplay; clipboard-write; encrypted-media; gyroscope; picture-in-picture\" allowfullscreen><\/iframe><\/p>\n<table class=\"product--properties-table\">\n<tbody>\n<tr class=\"product--properties-item\">\n<td class=\"product--properties-label\">Materiaali1:<\/td>\n<td><span class=\"product--properties-value\">Alumiini<\/span><\/td>\n<\/tr>\n<tr class=\"product--properties-item\">\n<td class=\"product--properties-label\">Tyhj\u00e4k\u00e4yntikierrosluku, r\/min:<\/td>\n<td><span class=\"product--properties-value\">9000<\/span><\/td>\n<\/tr>\n<tr class=\"product--properties-item\">\n<td class=\"product--properties-label\">Leveys B:<\/td>\n<td><span class=\"product--properties-value\">170.0<\/span><\/td>\n<\/tr>\n<tr class=\"product--properties-item\">\n<td class=\"product--properties-label\">\u00c4\u00e4nen tehotaso (dbA):<\/td>\n<td><span class=\"product--properties-value\">115<\/span><\/td>\n<\/tr>\n<tr class=\"product--properties-item\">\n<td class=\"product--properties-label\">\u00c4\u00e4nen painetaso (dbA):<\/td>\n<td><span class=\"product--properties-value\">106<\/span><\/td>\n<\/tr>\n<tr class=\"product--properties-item\">\n<td class=\"product--properties-label\">Enimm\u00e4iskiristysmomentti oikealle 3:<\/td>\n<td><span class=\"product--properties-value\">3 = 755 Nm<\/span><\/td>\n<\/tr>\n<tr class=\"product--properties-item\">\n<td class=\"product--properties-label\">Enimm\u00e4iskiristysmomentti oikealle 2:<\/td>\n<td><span class=\"product--properties-value\">2 = 503 Nm<\/span><\/td>\n<\/tr>\n<tr class=\"product--properties-item\">\n<td class=\"product--properties-label\">Enimm\u00e4iskiristysmomentti oikealle:<\/td>\n<td><span class=\"product--properties-value\">1 = 210 Nm<\/span><\/td>\n<\/tr>\n<tr class=\"product--properties-item\">\n<td class=\"product--properties-label\">Enimm\u00e4isavausmomentti:<\/td>\n<td><span class=\"product--properties-value\">1084 Nm<\/span><\/td>\n<\/tr>\n<tr class=\"product--properties-item\">\n<td class=\"product--properties-label\">Ilmankulutus, l\/min:<\/td>\n<td><span class=\"product--properties-value\">169<\/span><\/td>\n<\/tr>\n<tr class=\"product--properties-item\">\n<td class=\"product--properties-label\">Suositeltu kiristysmomentti:<\/td>\n<td><span class=\"product--properties-value\">550 Nm<\/span><\/td>\n<\/tr>\n<tr class=\"product--properties-item\">\n<td class=\"product--properties-label\">Liitoskierre:<\/td>\n<td><span class=\"product--properties-value\">1\/4&#8243;PT<\/span><\/td>\n<\/tr>\n<tr class=\"product--properties-item\">\n<td class=\"product--properties-label\">Paino g:<\/td>\n<td><span class=\"product--properties-value\">1200<\/span><\/td>\n<\/tr>\n<tr class=\"product--properties-item\">\n<td class=\"product--properties-label\">Nelikantav\u00e4\u00e4nti\u00f6:<\/td>\n<td><span class=\"product--properties-value\">1\/2<\/span><\/td>\n<\/tr>\n<tr class=\"product--properties-item\">\n<td class=\"product--properties-label\">Kokonaispituus L (mm):<\/td>\n<td><span class=\"product--properties-value\">180<\/span><\/td>\n<\/tr>\n<tr class=\"product--properties-item\">\n<td class=\"product--properties-label\">Kiinnitys (mitta) tuumina:<\/td>\n<td><span class=\"product--properties-value\">1\/2<\/span><\/td>\n<\/tr>\n<tr class=\"product--properties-item\">\n<td class=\"product--properties-label\">Pakkauksen sis\u00e4lt\u00f6:<\/td>\n<td><span class=\"product--properties-value\">1<\/span><\/td>\n<\/tr>\n<tr class=\"product--properties-item\">\n<td class=\"product--properties-label\">Kahva:<\/td>\n<td><span class=\"product--properties-value\">Kylm\u00e4eristetty kahva<\/span><\/td>\n<\/tr>\n<tr class=\"product--properties-item\">\n<td class=\"product--properties-label\">Letkun v\u00e4himm\u00e4isl\u00e4pimitta:<\/td>\n<td><span class=\"product--properties-value\">3\/8&#8243; &#8211; 10 mm<\/span><\/td>\n<\/tr>\n<tr class=\"product--properties-item\">\n<td class=\"product--properties-label\">K\u00e4ytt\u00f6paine, bar:<\/td>\n<td><span class=\"product--properties-value\">6,3 bar (90 psi)<\/span><\/td>\n<\/tr>\n<tr class=\"product--properties-item\">\n<td class=\"product--properties-label\">T\u00e4rin\u00e4nnopeutus:<\/td>\n<td>&lt;10,36<\/td>\n<\/tr>\n<\/tbody>\n<\/table>\n","protected":false},"excerpt":{"rendered":"<div class=\"product--description\">\n<p>Varsinainen paholainen v\u00e4\u00e4nt\u00e4m\u00e4\u00e4n muttereita. The Deviliss\u00e4 on pirusti voimaa!<\/p>\n<ul>\n<li class=\"liste\">liukumaton, pehme\u00e4 kahva<\/li>\n<li class=\"liste\">ilmanpoisto alla olevan kahvan kautta<\/li>\n<li class=\"liste\">k\u00e4yt\u00e4nn\u00f6llisell\u00e4 suunnanvaihtovivulla (vasen\/oikea)<\/li>\n<li class=\"liste\">kevyt k\u00e4ytt\u00e4\u00e4<\/li>\n<li class=\"liste\">3-vaiheinen v\u00e4\u00e4nt\u00f6momentin esivalinta<\/li>\n<li class=\"liste\">suurtehoinen kaksoisvasara-iskumekanismi<\/li>\n<li class=\"liste\">pitk\u00e4 k\u00e4ytt\u00f6ik\u00e4<\/li>\n<li class=\"liste\">kylm\u00e4eristetty kahva<\/li>\n<li class=\"liste\">sis. 1\/4 tuuman pistokkeen<\/li>\n<li class=\"liste\">ultrakevyt alumiinikotelo<\/li>\n<\/ul>\n<\/div>\n","protected":false},"featured_media":23457,"template":"","meta":{"_et_pb_use_builder":"","_et_pb_old_content":"","_et_gb_content_width":""},"pwb-brand":[1454],"product_brand":[],"product_cat":[878],"product_tag":[],"class_list":{"0":"post-23409","1":"product","2":"type-product","3":"status-publish","4":"has-post-thumbnail","6":"pwb-brand-kstools","7":"product_cat-mutterinvaannin","9":"first","10":"instock","11":"taxable","12":"shipping-taxable","13":"purchasable","14":"product-type-simple"},"brands":[{"id":1454,"name":"Kstools","slug":"kstools"}],"_links":{"self":[{"href":"https:\/\/silikotek.sapartners.site\/index.php\/wp-json\/wp\/v2\/product\/23409","targetHints":{"allow":["GET"]}}],"collection":[{"href":"https:\/\/silikotek.sapartners.site\/index.php\/wp-json\/wp\/v2\/product"}],"about":[{"href":"https:\/\/silikotek.sapartners.site\/index.php\/wp-json\/wp\/v2\/types\/product"}],"wp:featuredmedia":[{"embeddable":true,"href":"https:\/\/silikotek.sapartners.site\/index.php\/wp-json\/wp\/v2\/media\/23457"}],"wp:attachment":[{"href":"https:\/\/silikotek.sapartners.site\/index.php\/wp-json\/wp\/v2\/media?parent=23409"}],"wp:term":[{"taxonomy":"pwb-brand","embeddable":true,"href":"https:\/\/silikotek.sapartners.site\/index.php\/wp-json\/wp\/v2\/pwb-brand?post=23409"},{"taxonomy":"product_brand","embeddable":true,"href":"https:\/\/silikotek.sapartners.site\/index.php\/wp-json\/wp\/v2\/product_brand?post=23409"},{"taxonomy":"product_cat","embeddable":true,"href":"https:\/\/silikotek.sapartners.site\/index.php\/wp-json\/wp\/v2\/product_cat?post=23409"},{"taxonomy":"product_tag","embeddable":true,"href":"https:\/\/silikotek.sapartners.site\/index.php\/wp-json\/wp\/v2\/product_tag?post=23409"}],"curies":[{"name":"wp","href":"https:\/\/api.w.org\/{rel}","templated":true}]}}