{"id":23144,"date":"2020-08-11T15:24:11","date_gmt":"2020-08-11T12:24:11","guid":{"rendered":"https:\/\/www.silikotek.fi\/?post_type=product&#038;p=23144"},"modified":"2020-08-11T15:32:30","modified_gmt":"2020-08-11T12:32:30","slug":"proglass-ajovalojen-kiillotussarja-sas-340-b","status":"publish","type":"product","link":"https:\/\/silikotek.sapartners.site\/index.php\/tuote\/proglass-ajovalojen-kiillotussarja-sas-340-b\/","title":{"rendered":"ProGlass Ajovalojen Kiillotussarja SAS-340-B"},"content":{"rendered":"<p>Sis\u00e4lt\u00e4\u00e4 seuraavat:<\/p>\n<ul>\n<li>1 disc sanding pad 76.2 mm with adaptor for cordless drill SAT-762<\/li>\n<li>1 interface pad soft, 76 mm STS-076<\/li>\n<li>1 polishing pad abrasive, 80 mm SSG-080<\/li>\n<li>1 polishing pad fine, 76 mm SSF-076<\/li>\n<li>10 sanding disc grit 500 SLS-500<\/li>\n<li>10 sanding disc grit 800 SLS-800<\/li>\n<li>5 sanding disc grit 1500 SLS-1500<\/li>\n<li>5 sanding disc grit 3000 SLS-3000<\/li>\n<li>1 Polish, 235 ml SAP-235<\/li>\n<li>1 Finish, 235 ml SAF-235<\/li>\n<li>1 instruction manual, english<\/li>\n<li>100 flyer DIN long (German) SAS-340-F (pkg.unit=100)<\/li>\n<\/ul>\n","protected":false},"excerpt":{"rendered":"<p>ProGlass ajovalojen kiillotussarja sis\u00e4lt\u00e4\u00e4 l\u00e4hes kaiken, mit\u00e4 tarvitaan ajovalojen umpioiden kirkastamiseen.<\/p>\n<ul>\n<li>sopii kaikille muovisille ajovaloumpioille<\/li>\n<li>voidaan k\u00e4ytt\u00e4\u00e4 tavallisella porakoneella<\/li>\n<li>yksi sarja riitt\u00e4\u00e4 monen valon k\u00e4sittelyyn, joten taloudellinen k\u00e4yt\u00f6ss\u00e4<\/li>\n<li>ajovalon k\u00e4sittelee puolessa tunnissa<\/li>\n<li>s\u00e4\u00e4st\u00e4\u00e4 asiakkaalle koituvia kustannuksia kun koko ajovaloa ei tarvitse vaihtaa<\/li>\n<li>k\u00e4sittely suojaa valoja s\u00e4\u00e4n vaikutukselta<\/li>\n<li>tuottoisa lis\u00e4business autokorjaamoille, autopesulolle ja muille autoalan ammattilaisille<\/li>\n<\/ul>\n<p>Sarjan lis\u00e4ksi tarvitaan ainoastaan porakone, suojateippi\u00e4 (suojaamaan valojen vierustat), puhdasta vett\u00e4 suihkepullossa sek\u00e4 puhdistuspaperia.<\/p>\n","protected":false},"featured_media":23145,"template":"","meta":{"_et_pb_use_builder":"","_et_pb_old_content":"","_et_gb_content_width":""},"pwb-brand":[1503],"product_brand":[],"product_cat":[450,749,754],"product_tag":[],"class_list":{"0":"post-23144","1":"product","2":"type-product","3":"status-publish","4":"has-post-thumbnail","6":"pwb-brand-proglass","7":"product_cat-korjaamolaitteet","8":"product_cat-tuulilasi-tyokalut","9":"product_cat-kori-tyokalut","11":"first","12":"instock","13":"taxable","14":"shipping-taxable","15":"purchasable","16":"product-type-simple"},"brands":[{"id":1503,"name":"ProGlass","slug":"proglass"}],"_links":{"self":[{"href":"https:\/\/silikotek.sapartners.site\/index.php\/wp-json\/wp\/v2\/product\/23144","targetHints":{"allow":["GET"]}}],"collection":[{"href":"https:\/\/silikotek.sapartners.site\/index.php\/wp-json\/wp\/v2\/product"}],"about":[{"href":"https:\/\/silikotek.sapartners.site\/index.php\/wp-json\/wp\/v2\/types\/product"}],"wp:featuredmedia":[{"embeddable":true,"href":"https:\/\/silikotek.sapartners.site\/index.php\/wp-json\/wp\/v2\/media\/23145"}],"wp:attachment":[{"href":"https:\/\/silikotek.sapartners.site\/index.php\/wp-json\/wp\/v2\/media?parent=23144"}],"wp:term":[{"taxonomy":"pwb-brand","embeddable":true,"href":"https:\/\/silikotek.sapartners.site\/index.php\/wp-json\/wp\/v2\/pwb-brand?post=23144"},{"taxonomy":"product_brand","embeddable":true,"href":"https:\/\/silikotek.sapartners.site\/index.php\/wp-json\/wp\/v2\/product_brand?post=23144"},{"taxonomy":"product_cat","embeddable":true,"href":"https:\/\/silikotek.sapartners.site\/index.php\/wp-json\/wp\/v2\/product_cat?post=23144"},{"taxonomy":"product_tag","embeddable":true,"href":"https:\/\/silikotek.sapartners.site\/index.php\/wp-json\/wp\/v2\/product_tag?post=23144"}],"curies":[{"name":"wp","href":"https:\/\/api.w.org\/{rel}","templated":true}]}}