{"id":2293,"date":"2014-03-31T10:48:09","date_gmt":"2014-03-31T10:48:09","guid":{"rendered":"http:\/\/192.168.100.222\/target_carts\/wordpress\/wordpress495\/wordpress\/?product=kuulonsuojain-peltor-optime-iii-h540b"},"modified":"2021-03-11T13:44:57","modified_gmt":"2021-03-11T11:44:57","slug":"kuulonsuojain-peltor-optime-iii-h540b","status":"publish","type":"product","link":"https:\/\/silikotek.sapartners.site\/index.php\/tuote\/kuulonsuojain-peltor-optime-iii-h540b\/","title":{"rendered":"Kuulonsuojain Peltor Optime III H540B"},"content":{"rendered":"<p>Niskasanka. Vaahtomuovi\/nestet\u00e4ytteiset tiivisterenkaat. Kehitetty \u00e4\u00e4rimm\u00e4isen meluisiin ymp\u00e4rist\u00f6ihin. Kaksoiskuori v\u00e4hent\u00e4\u00e4 kupinkuoren resonanssin minimiin. Korkeataajuuksisten \u00e4\u00e4nien vaimennus on eritt\u00e4in hyv\u00e4 puheen ja signaalien ymm\u00e4rrett\u00e4vyyden silti heikentym\u00e4tt\u00e4. Sis\u00e4- ja ulkov\u00e4lin akustinen yhteys vaimentaa puolestaan matalat \u00e4\u00e4net erinomaisesti. Leve\u00e4t tiivisterenkaat istuvat eritt\u00e4in hyvin ja tuntuvat mukavilta pehme\u00e4n vaahtomuovipehmusteen ansiosta.<\/p>\n<p>\u2022 SNR 35, H 40, M 32, L 23<br \/>\n\u2022 Paino 270 g<\/p>\n<p>&nbsp;<\/p>\n","protected":false},"excerpt":{"rendered":"<p>Kuulonsuojain Peltor Optime III H540B<\/p>\n","protected":false},"featured_media":2292,"template":"","meta":{"_et_pb_use_builder":"","_et_pb_old_content":"","_et_gb_content_width":""},"pwb-brand":[],"product_brand":[],"product_cat":[317],"product_tag":[],"class_list":{"0":"post-2293","1":"product","2":"type-product","3":"status-publish","4":"has-post-thumbnail","6":"product_cat-kuulokkeet-ja-kuulonsuojaimet","8":"first","9":"instock","10":"taxable","11":"shipping-taxable","12":"purchasable","13":"product-type-simple"},"brands":[],"_links":{"self":[{"href":"https:\/\/silikotek.sapartners.site\/index.php\/wp-json\/wp\/v2\/product\/2293","targetHints":{"allow":["GET"]}}],"collection":[{"href":"https:\/\/silikotek.sapartners.site\/index.php\/wp-json\/wp\/v2\/product"}],"about":[{"href":"https:\/\/silikotek.sapartners.site\/index.php\/wp-json\/wp\/v2\/types\/product"}],"wp:featuredmedia":[{"embeddable":true,"href":"https:\/\/silikotek.sapartners.site\/index.php\/wp-json\/wp\/v2\/media\/2292"}],"wp:attachment":[{"href":"https:\/\/silikotek.sapartners.site\/index.php\/wp-json\/wp\/v2\/media?parent=2293"}],"wp:term":[{"taxonomy":"pwb-brand","embeddable":true,"href":"https:\/\/silikotek.sapartners.site\/index.php\/wp-json\/wp\/v2\/pwb-brand?post=2293"},{"taxonomy":"product_brand","embeddable":true,"href":"https:\/\/silikotek.sapartners.site\/index.php\/wp-json\/wp\/v2\/product_brand?post=2293"},{"taxonomy":"product_cat","embeddable":true,"href":"https:\/\/silikotek.sapartners.site\/index.php\/wp-json\/wp\/v2\/product_cat?post=2293"},{"taxonomy":"product_tag","embeddable":true,"href":"https:\/\/silikotek.sapartners.site\/index.php\/wp-json\/wp\/v2\/product_tag?post=2293"}],"curies":[{"name":"wp","href":"https:\/\/api.w.org\/{rel}","templated":true}]}}