{"id":22824,"date":"2020-05-13T11:40:42","date_gmt":"2020-05-13T08:40:42","guid":{"rendered":"https:\/\/www.silikotek.fi\/?post_type=product&#038;p=22824"},"modified":"2020-07-21T10:50:21","modified_gmt":"2020-07-21T07:50:21","slug":"milwaukee-m18-fuel-onekey-1-iskeva-mutterinvaannin-kitkarenkaalla-onefhiwf1-0x","status":"publish","type":"product","link":"https:\/\/silikotek.sapartners.site\/index.php\/tuote\/milwaukee-m18-fuel-onekey-1-iskeva-mutterinvaannin-kitkarenkaalla-onefhiwf1-0x\/","title":{"rendered":"Milwaukee M18 FUEL&#x2122; ONEKEY&#x2122; 1&#8243; Iskev\u00e4 Mutterinv\u00e4\u00e4nnin Kitkarenkaalla ONEFHIWF1-0X"},"content":{"rendered":"<table class=\"table product__detail-table js-responsive-table\">\n<tbody>\n<tr>\n<th class=\"product__detail-table--no-border table-area-heading\">Tekniset tiedot<\/th>\n<th class=\"product__detail-table--no-border product__detail-table--centered\">\u00a0M18 ONEFHIWF1-0X<\/th>\n<\/tr>\n<tr>\n<th>Akkutyyppi<\/th>\n<td data-th=\"Akkutyyppi\">Li-ion<\/td>\n<\/tr>\n<tr>\n<th>Akun kapasiteetti (Ah)<\/th>\n<td data-th=\"Akun kapasiteetti (Ah)\">Ei akkuja<\/td>\n<\/tr>\n<tr>\n<th>Iskuluku (isk.\/min)<\/th>\n<td data-th=\"Iskuluku (isk.\/min)\">1350\/1650\/2100\/0-2500<\/td>\n<\/tr>\n<tr>\n<th>Kuormittamaton nopeus (kierr.\/min)<\/th>\n<td data-th=\"Kuormittamaton nopeus (kierr.\/min)\">0-950\/0-1080\/0-1370\/0-1670<\/td>\n<\/tr>\n<tr>\n<th>Maks. mutterin halkaisija<\/th>\n<td data-th=\"Maks. mutterin halkaisija\">M42<\/td>\n<\/tr>\n<tr>\n<th>Maks. v\u00e4\u00e4nt\u00f6 (Nm)<\/th>\n<td data-th=\"Maks. v\u00e4\u00e4nt\u00f6 (Nm)\">530\/1020\/1800\/2033<\/td>\n<\/tr>\n<tr>\n<th>Maks. v\u00e4\u00e4nt\u00f6momentti (Nm)<\/th>\n<td data-th=\"Maks. v\u00e4\u00e4nt\u00f6momentti (Nm)\">2400<\/td>\n<\/tr>\n<tr>\n<th>Mukana tulevien akkujen m\u00e4\u00e4r\u00e4<\/th>\n<td data-th=\"Mukana tulevien akkujen m\u00e4\u00e4r\u00e4\">0<\/td>\n<\/tr>\n<tr>\n<th>Paino akun kanssa (kg)<\/th>\n<td data-th=\"Paino akun kanssa (kg)\">&#8211;<\/td>\n<\/tr>\n<tr>\n<th>Sis\u00e4lt\u00e4\u00e4<\/th>\n<td data-th=\"Sis\u00e4lt\u00e4\u00e4\">\u2212<\/td>\n<\/tr>\n<tr>\n<th>Toimitetaan<\/th>\n<td data-th=\"Toimitetaan\">HD Box<\/td>\n<\/tr>\n<tr>\n<th>Tuotenumero<\/th>\n<td data-th=\"Tuotenumero\">4933459732<\/td>\n<\/tr>\n<tr>\n<th>Ty\u00f6kalun kiinnitys<\/th>\n<td data-th=\"Ty\u00f6kalun kiinnitys\">1\u2033 neli\u00f6<\/td>\n<\/tr>\n<tr>\n<th>Vakiovarustus<\/th>\n<td data-th=\"Vakiovarustus\">Sivukahva, metallikoukku<\/td>\n<\/tr>\n<tr>\n<th>Voltit (V)<\/th>\n<td data-th=\"Voltit (V)\">18<\/td>\n<\/tr>\n<\/tbody>\n<\/table>\n<p>&nbsp;<\/p>\n<p><iframe loading=\"lazy\" title=\"Milwaukee\u00ae M18 FUEL\u2122 ONE-KEY\u2122 1\u2033 High Torque Impact Wrench\" width=\"1080\" height=\"608\" src=\"https:\/\/www.youtube.com\/embed\/BM_fldgHyDk?feature=oembed\" frameborder=\"0\" allow=\"accelerometer; autoplay; encrypted-media; gyroscope; picture-in-picture\" allowfullscreen><\/iframe><\/p>\n","protected":false},"excerpt":{"rendered":"<div class=\"product__description-content js-product-content\">\n<p>Maailman ensimm\u00e4inen akkuk\u00e4ytt\u00f6inen 18V 1\u2033 iskev\u00e4 mutterinv\u00e4\u00e4nnin markkinoilla korvaa verkkovirran, polttoaineen ja pneumaattiset mutterinv\u00e4\u00e4ntimet. M18 FUEL&#x2122; iskev\u00e4 mutterinv\u00e4\u00e4nnin tuottaa 2033 Nm kiristysmomentin kompaktissa koossa ilman johtoja, polttoainetta ja pneumatiikkaa. Tuottaa jopa 2400 Nm v\u00e4\u00e4nt\u00f6momentin, mik\u00e4 irrottaa mutterit M42 asti.<\/p>\n<p>DRIVE CONTROL tarjoaa 4 eri nopeus- ja v\u00e4\u00e4nt\u00f6momenttiasetusta taaten n\u00e4in ty\u00f6kalun monik\u00e4ytt\u00f6isyyden. Iskuja laskevan sensorin ansiosta jokainen isku tuottaa jatkuvasti valittujen asetusten mukaisen voiman.<br \/>\nONE-KEY&#x2122;-ty\u00f6kaluhallinta mahdollistaa langattoman ty\u00f6kalun hallitsemisen ja parantaa n\u00e4in tuottavuutta ja ty\u00f6n laatua.<br \/>\nONE-KEY&#x2122;-ty\u00f6kaluseuranta ja -turvallisuus tarjoavat pilviteknologialla toimivan ty\u00f6kaluhallinta-alustan, joka mahdollistaa sijainnin paikantamisen ja varkauden eston.<br \/>\nToimii kaikilla MILWAUKEE\u00ae M18&#x2122; -akuilla. Toimitetaan ilman akkua ja laturia.<\/p>\n<p><strong><span style=\"color: #993300;\">Huom! Vain muutama j\u00e4ljell\u00e4 t\u00e4h\u00e4n hintaan, joten tilaa nopeasti!<\/span><\/strong><\/p>\n<\/div>\n","protected":false},"featured_media":22826,"template":"","meta":{"_et_pb_use_builder":"","_et_pb_old_content":"","_et_gb_content_width":""},"pwb-brand":[1452],"product_brand":[],"product_cat":[735],"product_tag":[],"class_list":{"0":"post-22824","1":"product","2":"type-product","3":"status-publish","4":"has-post-thumbnail","6":"pwb-brand-milwaukee","7":"product_cat-akkumutterinvaantimet","9":"first","10":"instock","11":"taxable","12":"shipping-taxable","13":"purchasable","14":"product-type-simple"},"brands":[{"id":1452,"name":"Milwaukee","slug":"milwaukee"}],"_links":{"self":[{"href":"https:\/\/silikotek.sapartners.site\/index.php\/wp-json\/wp\/v2\/product\/22824","targetHints":{"allow":["GET"]}}],"collection":[{"href":"https:\/\/silikotek.sapartners.site\/index.php\/wp-json\/wp\/v2\/product"}],"about":[{"href":"https:\/\/silikotek.sapartners.site\/index.php\/wp-json\/wp\/v2\/types\/product"}],"wp:featuredmedia":[{"embeddable":true,"href":"https:\/\/silikotek.sapartners.site\/index.php\/wp-json\/wp\/v2\/media\/22826"}],"wp:attachment":[{"href":"https:\/\/silikotek.sapartners.site\/index.php\/wp-json\/wp\/v2\/media?parent=22824"}],"wp:term":[{"taxonomy":"pwb-brand","embeddable":true,"href":"https:\/\/silikotek.sapartners.site\/index.php\/wp-json\/wp\/v2\/pwb-brand?post=22824"},{"taxonomy":"product_brand","embeddable":true,"href":"https:\/\/silikotek.sapartners.site\/index.php\/wp-json\/wp\/v2\/product_brand?post=22824"},{"taxonomy":"product_cat","embeddable":true,"href":"https:\/\/silikotek.sapartners.site\/index.php\/wp-json\/wp\/v2\/product_cat?post=22824"},{"taxonomy":"product_tag","embeddable":true,"href":"https:\/\/silikotek.sapartners.site\/index.php\/wp-json\/wp\/v2\/product_tag?post=22824"}],"curies":[{"name":"wp","href":"https:\/\/api.w.org\/{rel}","templated":true}]}}