{"id":2272,"date":"2014-03-31T10:48:09","date_gmt":"2014-03-31T10:48:09","guid":{"rendered":"http:\/\/192.168.100.222\/target_carts\/wordpress\/wordpress495\/wordpress\/?product=sangalliset-korvatulpat-ear-caps-200"},"modified":"2014-06-16T22:25:21","modified_gmt":"2014-06-16T22:25:21","slug":"sangalliset-korvatulpat-ear-caps-200","status":"publish","type":"product","link":"https:\/\/silikotek.sapartners.site\/index.php\/tuote\/sangalliset-korvatulpat-ear-caps-200\/","title":{"rendered":"Sangalliset korvatulpat EAR Caps 200"},"content":{"rendered":"<p>Sangalliset korvatulpat.<\/p>\n<ul class=\"product-usp\">\n<li><span class=\"usp-text\">Py\u00f6ristetyt varsitulpat tiivist\u00e4v\u00e4t korvakanavan suun, mink\u00e4 ansiosta niiden k\u00e4ytt\u00f6\u00f6n on helpompi tottua.<\/span><\/li>\n<li><span class=\"usp-text\">Tulpan k\u00e4rkeen ei tarvitse koskea, joten ne pysyv\u00e4t paremmin hygieenisin\u00e4.<\/span><\/li>\n<li><span class=\"usp-text\">Sanka ei juurikaan johda melua. <\/span><\/li>\n<li><span class=\"usp-text\">Helppo s\u00e4ilytt\u00e4\u00e4 kaulan ymp\u00e4rill\u00e4 silloin, kun niit\u00e4 ei tarvitse k\u00e4ytt\u00e4\u00e4.<\/span><\/li>\n<li><span class=\"usp-text\">Optimaalinen vaimennus moniin k\u00e4ytt\u00f6ymp\u00e4rist\u00f6ihin.<\/span><\/li>\n<li><span class=\"usp-text\">Helppo pest\u00e4 ja puhdistaa.<\/span><\/li>\n<\/ul>\n<p>\u2022 Pakkauksessa 40 paria pussiin pakattuina.\u00a0 Pakkaus voidaan purkaa.<br \/>\u2022 SNR 23, H 27 M 19, L 17, EN352-2<\/p>\n","protected":false},"excerpt":{"rendered":"<p>Sangalliset korvatulpat EAR Caps 200<\/p>\n","protected":false},"featured_media":2271,"template":"","meta":{"_et_pb_use_builder":"","_et_pb_old_content":"","_et_gb_content_width":""},"pwb-brand":[],"product_brand":[],"product_cat":[316],"product_tag":[],"class_list":{"0":"post-2272","1":"product","2":"type-product","3":"status-publish","4":"has-post-thumbnail","6":"product_cat-korvatulpat-ja-sangalliset-korvatulpat","8":"first","9":"instock","10":"sale","11":"taxable","12":"shipping-taxable","13":"purchasable","14":"product-type-simple"},"brands":[],"_links":{"self":[{"href":"https:\/\/silikotek.sapartners.site\/index.php\/wp-json\/wp\/v2\/product\/2272","targetHints":{"allow":["GET"]}}],"collection":[{"href":"https:\/\/silikotek.sapartners.site\/index.php\/wp-json\/wp\/v2\/product"}],"about":[{"href":"https:\/\/silikotek.sapartners.site\/index.php\/wp-json\/wp\/v2\/types\/product"}],"wp:featuredmedia":[{"embeddable":true,"href":"https:\/\/silikotek.sapartners.site\/index.php\/wp-json\/wp\/v2\/media\/2271"}],"wp:attachment":[{"href":"https:\/\/silikotek.sapartners.site\/index.php\/wp-json\/wp\/v2\/media?parent=2272"}],"wp:term":[{"taxonomy":"pwb-brand","embeddable":true,"href":"https:\/\/silikotek.sapartners.site\/index.php\/wp-json\/wp\/v2\/pwb-brand?post=2272"},{"taxonomy":"product_brand","embeddable":true,"href":"https:\/\/silikotek.sapartners.site\/index.php\/wp-json\/wp\/v2\/product_brand?post=2272"},{"taxonomy":"product_cat","embeddable":true,"href":"https:\/\/silikotek.sapartners.site\/index.php\/wp-json\/wp\/v2\/product_cat?post=2272"},{"taxonomy":"product_tag","embeddable":true,"href":"https:\/\/silikotek.sapartners.site\/index.php\/wp-json\/wp\/v2\/product_tag?post=2272"}],"curies":[{"name":"wp","href":"https:\/\/api.w.org\/{rel}","templated":true}]}}