{"id":22567,"date":"2020-04-18T19:20:15","date_gmt":"2020-04-18T16:20:15","guid":{"rendered":"https:\/\/www.silikotek.fi\/?post_type=product&#038;p=22567"},"modified":"2023-01-04T23:26:34","modified_gmt":"2023-01-04T21:26:34","slug":"ruuvimeisselisarja-6-os-kstools-159-0100","status":"publish","type":"product","link":"https:\/\/silikotek.sapartners.site\/index.php\/tuote\/ruuvimeisselisarja-6-os-kstools-159-0100\/","title":{"rendered":"Kstools 6-osainen Ruuvimeisselisarja 159.0010"},"content":{"rendered":"","protected":false},"excerpt":{"rendered":"<p>Perus ruuvimeisselisarja PH ja latta<\/p>\n<div class=\"product--description\">\n<ul>\n<li class=\"liste\">kaksikomponenttikahva<\/li>\n<li class=\"liste\">ihanteellinen v\u00e4\u00e4nt\u00f6voiman siirto<\/li>\n<li class=\"liste\">karkaistu ter\u00e4<\/li>\n<li class=\"liste\">kromattu sinistetyll\u00e4 p\u00e4\u00e4ll\u00e4<\/li>\n<li class=\"liste\">kromivanadiiniter\u00e4<\/li>\n<\/ul>\n<\/div>\n","protected":false},"featured_media":22718,"template":"","meta":{"_et_pb_use_builder":"","_et_pb_old_content":"","_et_gb_content_width":""},"pwb-brand":[1454],"product_brand":[],"product_cat":[768],"product_tag":[],"class_list":{"0":"post-22567","1":"product","2":"type-product","3":"status-publish","4":"has-post-thumbnail","6":"pwb-brand-kstools","7":"product_cat-ruuvimeisselit","9":"first","10":"instock","11":"taxable","12":"shipping-taxable","13":"purchasable","14":"product-type-simple"},"brands":[{"id":1454,"name":"Kstools","slug":"kstools"}],"_links":{"self":[{"href":"https:\/\/silikotek.sapartners.site\/index.php\/wp-json\/wp\/v2\/product\/22567","targetHints":{"allow":["GET"]}}],"collection":[{"href":"https:\/\/silikotek.sapartners.site\/index.php\/wp-json\/wp\/v2\/product"}],"about":[{"href":"https:\/\/silikotek.sapartners.site\/index.php\/wp-json\/wp\/v2\/types\/product"}],"wp:featuredmedia":[{"embeddable":true,"href":"https:\/\/silikotek.sapartners.site\/index.php\/wp-json\/wp\/v2\/media\/22718"}],"wp:attachment":[{"href":"https:\/\/silikotek.sapartners.site\/index.php\/wp-json\/wp\/v2\/media?parent=22567"}],"wp:term":[{"taxonomy":"pwb-brand","embeddable":true,"href":"https:\/\/silikotek.sapartners.site\/index.php\/wp-json\/wp\/v2\/pwb-brand?post=22567"},{"taxonomy":"product_brand","embeddable":true,"href":"https:\/\/silikotek.sapartners.site\/index.php\/wp-json\/wp\/v2\/product_brand?post=22567"},{"taxonomy":"product_cat","embeddable":true,"href":"https:\/\/silikotek.sapartners.site\/index.php\/wp-json\/wp\/v2\/product_cat?post=22567"},{"taxonomy":"product_tag","embeddable":true,"href":"https:\/\/silikotek.sapartners.site\/index.php\/wp-json\/wp\/v2\/product_tag?post=22567"}],"curies":[{"name":"wp","href":"https:\/\/api.w.org\/{rel}","templated":true}]}}