{"id":22558,"date":"2020-04-18T10:25:32","date_gmt":"2020-04-18T07:25:32","guid":{"rendered":"https:\/\/www.silikotek.fi\/?post_type=product&#038;p=22558"},"modified":"2023-01-04T23:26:50","modified_gmt":"2023-01-04T21:26:50","slug":"momenttiavain-40-200-nm-1-2-kstools-516-6042","status":"publish","type":"product","link":"https:\/\/silikotek.sapartners.site\/index.php\/tuote\/momenttiavain-40-200-nm-1-2-kstools-516-6042\/","title":{"rendered":"Kstools Momenttiavain 40-200 Nm, 1\/2&#8243;, 516.6042"},"content":{"rendered":"<ul>\n<li class=\"liste\">toimintatarkkuus:\u00a0<span class=\"ROT\">\u00b13 %<\/span>\u00a0toleranssi asetetuille arvoille<\/li>\n<li class=\"liste\">v\u00e4hint\u00e4\u00e4n 5 000 kiristyst\u00e4 ilman momentin muutosta<\/li>\n<li class=\"liste\">hallittu siirto oikealle ja vasemmalle<\/li>\n<li class=\"liste\">sahareunainen nuppi, jolla arvoa voidaan s\u00e4\u00e4t\u00e4\u00e4 k\u00e4sin<\/li>\n<li class=\"liste\">k\u00e4ytt\u00f6suunnan muutos nelikantav\u00e4\u00e4nti\u00f6n avulla<\/li>\n<li class=\"liste\">kaksoisasteikko Nm ja lbf\u2022ft jako tarkkaa asetusta varten<\/li>\n<li class=\"liste\">sis. tarkasti jaoteltavan Nm-mikrometriasteikon tarkkaa asetusta varten<\/li>\n<li class=\"liste\">kurkistusmahdollisuudella varustettu suuri ikkuna optimoi luettavuuden<\/li>\n<li class=\"liste\">selke\u00e4sti kuultava ja tunnettava v\u00e4\u00e4nt\u00f6momentin sammutus<\/li>\n<li class=\"liste\">vahvalla 30-hampaisella r\u00e4ikk\u00e4mekanismilla<\/li>\n<li class=\"liste\">painike-pikairrotustoiminto r\u00e4ikk\u00e4p\u00e4\u00e4ss\u00e4<\/li>\n<li class=\"liste\">v\u00e4\u00e4nt\u00f6momentin asetus nopeasti ja varmasti vet\u00e4m\u00e4ll\u00e4 kahvaa<\/li>\n<li class=\"liste\">varma lukitusmahdollisuus kahvasta<\/li>\n<li class=\"liste\">ergonominen kaksikomponenttikahva pehmusteella<\/li>\n<li class=\"liste\">nelikulmav\u00e4\u00e4nti\u00f6, DIN 3120 \/ ISO 1174, pallolukitus<\/li>\n<li class=\"liste\">yksik\u00f6llinen sarjanumero auttaa selke\u00e4ss\u00e4 tuotteen tunnistamisessa<\/li>\n<li class=\"liste\">sis. DIN EN ISO 6789:2017 (E) -sertifikaatin \u2013 j\u00e4ljitett\u00e4viss\u00e4 kansallisiin standardeihin<\/li>\n<\/ul>\n<p><iframe loading=\"lazy\" title=\"KS Tools Drehmomentschl\u00fcssel-Programm\" width=\"1080\" height=\"810\" src=\"https:\/\/www.youtube.com\/embed\/NvedW-cIKjM?feature=oembed\"  allow=\"accelerometer; autoplay; clipboard-write; encrypted-media; gyroscope; picture-in-picture\" allowfullscreen><\/iframe><\/p>\n","protected":false},"excerpt":{"rendered":"<h1 class=\"product--title\">1\/2\u201d ERGOTORQUE\u00aeprecision-momenttiavain 40-200 Nm Quick-Lock-r\u00e4ikk\u00e4p\u00e4\u00e4ll\u00e4, kiristys molempiin suuntiin<\/h1>\n","protected":false},"featured_media":22598,"template":"","meta":{"_et_pb_use_builder":"","_et_pb_old_content":"","_et_gb_content_width":""},"pwb-brand":[1454],"product_brand":[],"product_cat":[784],"product_tag":[],"class_list":{"0":"post-22558","1":"product","2":"type-product","3":"status-publish","4":"has-post-thumbnail","6":"pwb-brand-kstools","7":"product_cat-momenttiavaimet","9":"first","10":"instock","11":"taxable","12":"shipping-taxable","13":"purchasable","14":"product-type-simple"},"brands":[{"id":1454,"name":"Kstools","slug":"kstools"}],"_links":{"self":[{"href":"https:\/\/silikotek.sapartners.site\/index.php\/wp-json\/wp\/v2\/product\/22558","targetHints":{"allow":["GET"]}}],"collection":[{"href":"https:\/\/silikotek.sapartners.site\/index.php\/wp-json\/wp\/v2\/product"}],"about":[{"href":"https:\/\/silikotek.sapartners.site\/index.php\/wp-json\/wp\/v2\/types\/product"}],"wp:featuredmedia":[{"embeddable":true,"href":"https:\/\/silikotek.sapartners.site\/index.php\/wp-json\/wp\/v2\/media\/22598"}],"wp:attachment":[{"href":"https:\/\/silikotek.sapartners.site\/index.php\/wp-json\/wp\/v2\/media?parent=22558"}],"wp:term":[{"taxonomy":"pwb-brand","embeddable":true,"href":"https:\/\/silikotek.sapartners.site\/index.php\/wp-json\/wp\/v2\/pwb-brand?post=22558"},{"taxonomy":"product_brand","embeddable":true,"href":"https:\/\/silikotek.sapartners.site\/index.php\/wp-json\/wp\/v2\/product_brand?post=22558"},{"taxonomy":"product_cat","embeddable":true,"href":"https:\/\/silikotek.sapartners.site\/index.php\/wp-json\/wp\/v2\/product_cat?post=22558"},{"taxonomy":"product_tag","embeddable":true,"href":"https:\/\/silikotek.sapartners.site\/index.php\/wp-json\/wp\/v2\/product_tag?post=22558"}],"curies":[{"name":"wp","href":"https:\/\/api.w.org\/{rel}","templated":true}]}}