{"id":2237,"date":"2014-03-31T10:48:09","date_gmt":"2014-03-31T10:48:09","guid":{"rendered":"http:\/\/192.168.100.222\/target_carts\/wordpress\/wordpress495\/wordpress\/?product=korvatulppa-ear-ultra-tech"},"modified":"2022-05-27T08:24:05","modified_gmt":"2022-05-27T05:24:05","slug":"korvatulppa-ear-ultra-tech","status":"publish","type":"product","link":"https:\/\/silikotek.sapartners.site\/index.php\/tuote\/korvatulppa-ear-ultra-tech\/","title":{"rendered":"Korvatulppa Ear Ultra-Tech"},"content":{"rendered":"<p>Ultra-Tech on erikoistulppa, jonka akustinen rakenne mahdollistaa puhe\u00e4\u00e4nen kuulemisen samalla kun haitallinen melu vaimennetaan tehokkaasti.<\/p>\n<p>\u2022 Pakattu pareittain k\u00e4yt\u00e4nn\u00f6lliseen taskupakkaukseen<\/p>\n<p>\u2022 SNR 21, H 21, M 18, L 16<\/p>\n<p>Tuotenumero: 40270190<\/p>\n","protected":false},"excerpt":{"rendered":"<p>3M Ear Ultratech Hi-Fi muusikon korvatulppa. Eritt\u00e4in suositut korvatulpat mm. muusikoille. Vaimentaa voimakkaat \u00e4\u00e4net, silti p\u00e4\u00e4st\u00e4en l\u00e4pi oleellisen. Takaavat mukavan kuunteluel\u00e4myksen mm. rock konserteissa.<\/p>\n","protected":false},"featured_media":2236,"template":"","meta":{"_et_pb_use_builder":"","_et_pb_old_content":"","_et_gb_content_width":""},"pwb-brand":[],"product_brand":[],"product_cat":[316],"product_tag":[],"class_list":{"0":"post-2237","1":"product","2":"type-product","3":"status-publish","4":"has-post-thumbnail","6":"product_cat-korvatulpat-ja-sangalliset-korvatulpat","7":"product_shipping_class-kirjetoimitus","9":"first","10":"instock","11":"taxable","12":"shipping-taxable","13":"purchasable","14":"product-type-simple"},"brands":[],"_links":{"self":[{"href":"https:\/\/silikotek.sapartners.site\/index.php\/wp-json\/wp\/v2\/product\/2237","targetHints":{"allow":["GET"]}}],"collection":[{"href":"https:\/\/silikotek.sapartners.site\/index.php\/wp-json\/wp\/v2\/product"}],"about":[{"href":"https:\/\/silikotek.sapartners.site\/index.php\/wp-json\/wp\/v2\/types\/product"}],"wp:featuredmedia":[{"embeddable":true,"href":"https:\/\/silikotek.sapartners.site\/index.php\/wp-json\/wp\/v2\/media\/2236"}],"wp:attachment":[{"href":"https:\/\/silikotek.sapartners.site\/index.php\/wp-json\/wp\/v2\/media?parent=2237"}],"wp:term":[{"taxonomy":"pwb-brand","embeddable":true,"href":"https:\/\/silikotek.sapartners.site\/index.php\/wp-json\/wp\/v2\/pwb-brand?post=2237"},{"taxonomy":"product_brand","embeddable":true,"href":"https:\/\/silikotek.sapartners.site\/index.php\/wp-json\/wp\/v2\/product_brand?post=2237"},{"taxonomy":"product_cat","embeddable":true,"href":"https:\/\/silikotek.sapartners.site\/index.php\/wp-json\/wp\/v2\/product_cat?post=2237"},{"taxonomy":"product_tag","embeddable":true,"href":"https:\/\/silikotek.sapartners.site\/index.php\/wp-json\/wp\/v2\/product_tag?post=2237"}],"curies":[{"name":"wp","href":"https:\/\/api.w.org\/{rel}","templated":true}]}}