{"id":22124,"date":"2020-02-20T14:59:22","date_gmt":"2020-02-20T12:59:22","guid":{"rendered":"https:\/\/www.silikotek.fi\/?post_type=product&#038;p=22124"},"modified":"2021-06-15T13:29:53","modified_gmt":"2021-06-15T10:29:53","slug":"3m-8822f-ffp2-nr-d-v-hengityssuojain-10-kpl","status":"publish","type":"product","link":"https:\/\/silikotek.sapartners.site\/index.php\/tuote\/3m-8822f-ffp2-nr-d-v-hengityssuojain-10-kpl\/","title":{"rendered":"3M 8822 FFP2 NR D-V Hengityssuojain 10 kpl"},"content":{"rendered":"","protected":false},"excerpt":{"rendered":"<p>3M&#8211;p\u00f6lysuojain 8822 Ainutlaatuinen venttiili ja muotonsa s\u00e4ilytt\u00e4v\u00e4 kuori tarjoavat kest\u00e4v\u00e4n, miellytt\u00e4v\u00e4n suojan erityisesti kuumissa ja kosteissa olosuhteissa.<\/p>\n<ul>\n<li style=\"list-style-type: none;\">\n<ul>\n<li>K\u00e4ytt\u00f6mukavuus: Perinteinen kupera muoto, nen\u00e4pidike ja kaksi kiinnityshihnaa. K\u00e4ytt\u00f6mukava, kevyt, kuppimainen muoto<\/li>\n<li>Turvallisuus: Suojaa luotettavasti ja tehokkaasti hienoilta hiukkasilta. Kest\u00e4v\u00e4, muotonsa s\u00e4ilytt\u00e4v\u00e4 sis\u00e4kuori<\/li>\n<li>3M- Cool Flow- -venttiili: Tehokas l\u00e4mm\u00f6n poisto tekee suojaimesta viile\u00e4mm\u00e4n ja mukavamman k\u00e4ytt\u00e4\u00e4. Poistaa uloshengitysilman ja minimoi silm\u00e4lasien huurtumisvaaran.<\/li>\n<\/ul>\n<\/li>\n<\/ul>\n<p>EN149FFP2NR<\/p>\n","protected":false},"featured_media":22125,"template":"","meta":{"_et_pb_use_builder":"","_et_pb_old_content":"","_et_gb_content_width":""},"pwb-brand":[],"product_brand":[],"product_cat":[813],"product_tag":[],"class_list":{"0":"post-22124","1":"product","2":"type-product","3":"status-publish","4":"has-post-thumbnail","6":"product_cat-kertakayttoiset-hengityssuojaimet","8":"first","9":"instock","10":"taxable","11":"shipping-taxable","12":"purchasable","13":"product-type-simple"},"brands":[],"_links":{"self":[{"href":"https:\/\/silikotek.sapartners.site\/index.php\/wp-json\/wp\/v2\/product\/22124","targetHints":{"allow":["GET"]}}],"collection":[{"href":"https:\/\/silikotek.sapartners.site\/index.php\/wp-json\/wp\/v2\/product"}],"about":[{"href":"https:\/\/silikotek.sapartners.site\/index.php\/wp-json\/wp\/v2\/types\/product"}],"wp:featuredmedia":[{"embeddable":true,"href":"https:\/\/silikotek.sapartners.site\/index.php\/wp-json\/wp\/v2\/media\/22125"}],"wp:attachment":[{"href":"https:\/\/silikotek.sapartners.site\/index.php\/wp-json\/wp\/v2\/media?parent=22124"}],"wp:term":[{"taxonomy":"pwb-brand","embeddable":true,"href":"https:\/\/silikotek.sapartners.site\/index.php\/wp-json\/wp\/v2\/pwb-brand?post=22124"},{"taxonomy":"product_brand","embeddable":true,"href":"https:\/\/silikotek.sapartners.site\/index.php\/wp-json\/wp\/v2\/product_brand?post=22124"},{"taxonomy":"product_cat","embeddable":true,"href":"https:\/\/silikotek.sapartners.site\/index.php\/wp-json\/wp\/v2\/product_cat?post=22124"},{"taxonomy":"product_tag","embeddable":true,"href":"https:\/\/silikotek.sapartners.site\/index.php\/wp-json\/wp\/v2\/product_tag?post=22124"}],"curies":[{"name":"wp","href":"https:\/\/api.w.org\/{rel}","templated":true}]}}