{"id":22042,"date":"2020-02-11T08:06:51","date_gmt":"2020-02-11T06:06:51","guid":{"rendered":"https:\/\/www.silikotek.fi\/?post_type=product&#038;p=22042"},"modified":"2020-02-28T00:01:05","modified_gmt":"2020-02-27T22:01:05","slug":"bgs-ruiskupumppuhylsysarja-bosch-diesel-9175","status":"publish","type":"product","link":"https:\/\/silikotek.sapartners.site\/index.php\/tuote\/bgs-ruiskupumppuhylsysarja-bosch-diesel-9175\/","title":{"rendered":"BGS Ruiskupumppuhylsysarja Bosch Diesel 9175"},"content":{"rendered":"<p>Sis\u00e4lt\u00e4\u00e4:<\/p>\n<ul>\n<li>hylsy 3-kulmainen, 7 mm\n<ul>\n<li>EDC pumppukuorelle (1996-2003) Bosch VP 37 sy\u00f6tt\u00f6pumpussa<\/li>\n<li>v\u00e4\u00e4nt\u00f6neli\u00f6 1\/4&#8243; (sis\u00e4puolinen)<\/li>\n<li>my\u00f6s ulkopuolinen 6-kulmainen v\u00e4\u00e4nti\u00f6 15 mm, esim kiinto-\/lenkkiavaimelle<\/li>\n<\/ul>\n<\/li>\n<\/ul>\n<ul>\n<li>\u00a0hylsy 3-kulmainen,\u00a012.6 mm\n<ul>\n<li>Bosch sy\u00f6tt\u00f6pumpuille (Bosch OEM No. 098661750)<\/li>\n<li>v\u00e4\u00e4nt\u00f6neli\u00f6 1\/4&#8243; (sis\u00e4puolinen)<\/li>\n<li>my\u00f6s ulkopuolinen -kulmainen v\u00e4\u00e4nti\u00f6\u00a01\/2&#8243; esim. kiintoavaimelle<\/li>\n<\/ul>\n<\/li>\n<\/ul>\n<ul>\n<li>hylsy 3-kulmainen,\u00a013 mm\n<ul>\n<li>kuorien ruuveille<\/li>\n<li>v\u00e4\u00e4nt\u00f6neli\u00f6: 1\/2&#8243; sis\u00e4puolinen<\/li>\n<\/ul>\n<\/li>\n<\/ul>\n<ul>\n<li>hylsy 3-kulmainen,\u00a026 mm\n<ul>\n<li>keskiruuville (korkeapainepuolella)<\/li>\n<li>Bosch VE ja VP pumpuille<\/li>\n<li>v\u00e4\u00e4nt\u00f6neli\u00f6: 1\/2&#8243; sis\u00e4puolinen<\/li>\n<\/ul>\n<\/li>\n<\/ul>\n<ul>\n<li>hylsy, ovaali, 12.4 mm\n<ul>\n<li>painekontrolliventtiilille Bosch VP37 pumpuissa<\/li>\n<li>v\u00e4\u00e4nt\u00f6neli\u00f6: 1\/2&#8243; sis\u00e4puolinen<\/li>\n<\/ul>\n<\/li>\n<\/ul>\n","protected":false},"excerpt":{"rendered":"<p>5-osainen ruiskupumppuhylsysarja<\/p>\n","protected":false},"featured_media":22043,"template":"","meta":{"_et_pb_use_builder":"","_et_pb_old_content":"","_et_gb_content_width":""},"pwb-brand":[1451],"product_brand":[],"product_cat":[858,751],"product_tag":[],"class_list":{"0":"post-22042","1":"product","2":"type-product","3":"status-publish","4":"has-post-thumbnail","6":"pwb-brand-bgs","7":"product_cat-polttoainejarjestelman-testerit","8":"product_cat-moottori-tyokalut","10":"first","11":"instock","12":"taxable","13":"shipping-taxable","14":"purchasable","15":"product-type-simple"},"brands":[{"id":1451,"name":"BGS","slug":"bgs"}],"_links":{"self":[{"href":"https:\/\/silikotek.sapartners.site\/index.php\/wp-json\/wp\/v2\/product\/22042","targetHints":{"allow":["GET"]}}],"collection":[{"href":"https:\/\/silikotek.sapartners.site\/index.php\/wp-json\/wp\/v2\/product"}],"about":[{"href":"https:\/\/silikotek.sapartners.site\/index.php\/wp-json\/wp\/v2\/types\/product"}],"wp:featuredmedia":[{"embeddable":true,"href":"https:\/\/silikotek.sapartners.site\/index.php\/wp-json\/wp\/v2\/media\/22043"}],"wp:attachment":[{"href":"https:\/\/silikotek.sapartners.site\/index.php\/wp-json\/wp\/v2\/media?parent=22042"}],"wp:term":[{"taxonomy":"pwb-brand","embeddable":true,"href":"https:\/\/silikotek.sapartners.site\/index.php\/wp-json\/wp\/v2\/pwb-brand?post=22042"},{"taxonomy":"product_brand","embeddable":true,"href":"https:\/\/silikotek.sapartners.site\/index.php\/wp-json\/wp\/v2\/product_brand?post=22042"},{"taxonomy":"product_cat","embeddable":true,"href":"https:\/\/silikotek.sapartners.site\/index.php\/wp-json\/wp\/v2\/product_cat?post=22042"},{"taxonomy":"product_tag","embeddable":true,"href":"https:\/\/silikotek.sapartners.site\/index.php\/wp-json\/wp\/v2\/product_tag?post=22042"}],"curies":[{"name":"wp","href":"https:\/\/api.w.org\/{rel}","templated":true}]}}