{"id":22025,"date":"2020-02-06T12:50:49","date_gmt":"2020-02-06T10:50:49","guid":{"rendered":"https:\/\/www.silikotek.fi\/?post_type=product&#038;p=22025"},"modified":"2024-09-30T09:53:11","modified_gmt":"2024-09-30T06:53:11","slug":"kstools-racingline-tyokaluvaunu-7-vetolaatikkoa-ja-598-osainen-tyokalusarja-826-7598","status":"publish","type":"product","link":"https:\/\/silikotek.sapartners.site\/index.php\/tuote\/kstools-racingline-tyokaluvaunu-7-vetolaatikkoa-ja-598-osainen-tyokalusarja-826-7598\/","title":{"rendered":"Kstools Racingline Ty\u00f6kaluvaunu 7 vetolaatikkoa ja 598-osainen ty\u00f6kalusarja 826.7598"},"content":{"rendered":"<table class=\"product--properties-table\">\n<tbody>\n<tr class=\"product--properties-item\">\n<td class=\"product--properties-label\">V\u00e4ri:<\/td>\n<td><span class=\"product--properties-value\">Mustanpunainen<\/span><\/td>\n<\/tr>\n<tr class=\"product--properties-item\">\n<td class=\"product--properties-label\">Kuormitettavuus lokeroa kohti:<\/td>\n<td><span class=\"product--properties-value\">30,0<\/span><\/td>\n<\/tr>\n<tr class=\"product--properties-item\">\n<td class=\"product--properties-label\">Korkeus H:<\/td>\n<td><span class=\"product--properties-value\">976<\/span><\/td>\n<\/tr>\n<tr class=\"product--properties-item\">\n<td class=\"product--properties-label\">Mitta yhteens\u00e4:<\/td>\n<td><span class=\"product--properties-value\">L 788 x K 976 x S 496 mm<\/span><\/td>\n<\/tr>\n<tr class=\"product--properties-item\">\n<td class=\"product--properties-label\">Leveys B:<\/td>\n<td><span class=\"product--properties-value\">788<\/span><\/td>\n<\/tr>\n<tr class=\"product--properties-item\">\n<td class=\"product--properties-label\">Paino g:<\/td>\n<td><span class=\"product--properties-value\">79000<\/span><\/td>\n<\/tr>\n<tr class=\"product--properties-item\">\n<td class=\"product--properties-label\">Osia sarjassa:<\/td>\n<td><span class=\"product--properties-value\">598<\/span><\/td>\n<\/tr>\n<tr class=\"product--properties-item\">\n<td class=\"product--properties-label\">Toimintoattribuutti 1:<\/td>\n<td><span class=\"product--properties-value\">Suljettava<\/span><\/td>\n<\/tr>\n<tr class=\"product--properties-item\">\n<td class=\"product--properties-label\">Kokonaiskantavuus kg:<\/td>\n<td><span class=\"product--properties-value\">350,0<\/span><\/td>\n<\/tr>\n<tr class=\"product--properties-item\">\n<td class=\"product--properties-label\">Py\u00f6r\u00e4n l\u00e4pimitta (mm):<\/td>\n<td><span class=\"product--properties-value\">125.0<\/span><\/td>\n<\/tr>\n<tr class=\"product--properties-item\">\n<td class=\"product--properties-label\">Pakkauksen sis\u00e4lt\u00f6:<\/td>\n<td><span class=\"product--properties-value\">1<\/span><\/td>\n<\/tr>\n<tr class=\"product--properties-item\">\n<td class=\"product--properties-label\">Materiaali1:<\/td>\n<td><span class=\"product--properties-value\">Ter\u00e4slevy<\/span><\/td>\n<\/tr>\n<tr class=\"product--properties-item\">\n<td class=\"product--properties-label\">Vetolaatikon sis\u00e4mitta:<\/td>\n<td><span class=\"product--properties-value\">565 x 395 mm<\/span><\/td>\n<\/tr>\n<tr class=\"product--properties-item\">\n<td class=\"product--properties-label\">Vetolaatikoiden m\u00e4\u00e4r\u00e4 yhteens\u00e4:<\/td>\n<td><span class=\"product--properties-value\">7<\/span><\/td>\n<\/tr>\n<tr class=\"product--properties-item\">\n<td class=\"product--properties-label\">Vetolaatikoiden m\u00e4\u00e4r\u00e4, 75mm:<\/td>\n<td><span class=\"product--properties-value\">5<\/span><\/td>\n<\/tr>\n<tr class=\"product--properties-item\">\n<td class=\"product--properties-label\">Vetolaatikoiden m\u00e4\u00e4r\u00e4, 150mm:<\/td>\n<td><span class=\"product--properties-value\">2<\/span><\/td>\n<\/tr>\n<tr class=\"product--properties-item\">\n<td class=\"product--properties-label\">Sis\u00e4osien koot:<\/td>\n<td><span class=\"product--properties-value\">Sis\u00e4ke, koko vetolaatikko<\/span><\/td>\n<\/tr>\n<tr class=\"product--properties-item\">\n<td class=\"product--properties-label\">Rengastustyyppi:<\/td>\n<td><span class=\"product--properties-value\">Muovi<\/span><\/td>\n<\/tr>\n<tr class=\"product--properties-item\">\n<td class=\"product--properties-label\">Rullapy\u00f6rien m\u00e4\u00e4r\u00e4:<\/td>\n<td><span class=\"product--properties-value\">2<\/span><\/td>\n<\/tr>\n<tr class=\"product--properties-item\">\n<td class=\"product--properties-label\">Py\u00f6r\u00e4n pys\u00e4ytin:<\/td>\n<td><span class=\"product--properties-value\">Kyll\u00e4<\/span><\/td>\n<\/tr>\n<tr class=\"product--properties-item\">\n<td class=\"product--properties-label\">Syvyys, mm:<\/td>\n<td><span class=\"product--properties-value\">496<\/span><\/td>\n<\/tr>\n<\/tbody>\n<\/table>\n<p>L\u00e4hetet\u00e4\u00e4n rahtina<\/p>\n","protected":false},"excerpt":{"rendered":"<div class=\"product--description\">\n<ul>\n<li class=\"liste\">erinomainen lajitelma yleisk\u00e4ytt\u00f6\u00f6n<\/li>\n<li class=\"liste\">lokeroiden ansiosta ty\u00f6kalut pysyv\u00e4t hyvin paikoillaan<\/li>\n<li class=\"liste\">eritt\u00e4in vakaa ter\u00e4srakenne, ter\u00e4slevyn paksuus 0,9 mm \u2013 v\u00e4\u00e4nt\u00f6varma<\/li>\n<li class=\"liste\">eritt\u00e4in turvallinen<\/li>\n<li class=\"liste\">sivuseiniss\u00e4 rei\u00e4t ty\u00f6kalujen ripustamista varten<\/li>\n<li class=\"liste\">lukko est\u00e4\u00e4 aukeamisen vahingossa<\/li>\n<li class=\"liste\">kaikkien vetolaatikoiden lukitus sylinterilukolla<\/li>\n<li class=\"liste\">kuulalaakeroitu vetolaatikon liikuttaminen<\/li>\n<li class=\"liste\">polyuretaaninen kulma-reunasuoja<\/li>\n<li class=\"liste\">vetolaatikoissa 90% ulosveto<\/li>\n<li class=\"liste\">ABS-ty\u00f6taso, kotelot pienosille<\/li>\n<li class=\"liste\">sivussa oleva metallikahva<\/li>\n<li class=\"liste\">kaksi rengasta \u00e0 \u00d8 125 mm<\/li>\n<li class=\"liste\">kaksi rullapy\u00f6r\u00e4\u00e4 \u00e0 \u00d8 125 mm, jarrulla<\/li>\n<li class=\"liste\">l\u00e4pimenev\u00e4 kahvan tanko<\/li>\n<li class=\"liste\">s\u00e4hk\u00f6staattisesti jauhepinnoitettu<\/li>\n<\/ul>\n<\/div>\n","protected":false},"featured_media":22027,"template":"","meta":{"_et_pb_use_builder":"","_et_pb_old_content":"","_et_gb_content_width":""},"pwb-brand":[1454],"product_brand":[],"product_cat":[313],"product_tag":[],"class_list":{"0":"post-22025","1":"product","2":"type-product","3":"status-publish","4":"has-post-thumbnail","6":"pwb-brand-kstools","7":"product_cat-tyokaluvaunut","8":"product_shipping_class-rahtitoimitus","10":"first","11":"instock","12":"taxable","13":"shipping-taxable","14":"purchasable","15":"product-type-simple"},"brands":[{"id":1454,"name":"Kstools","slug":"kstools"}],"_links":{"self":[{"href":"https:\/\/silikotek.sapartners.site\/index.php\/wp-json\/wp\/v2\/product\/22025","targetHints":{"allow":["GET"]}}],"collection":[{"href":"https:\/\/silikotek.sapartners.site\/index.php\/wp-json\/wp\/v2\/product"}],"about":[{"href":"https:\/\/silikotek.sapartners.site\/index.php\/wp-json\/wp\/v2\/types\/product"}],"wp:featuredmedia":[{"embeddable":true,"href":"https:\/\/silikotek.sapartners.site\/index.php\/wp-json\/wp\/v2\/media\/22027"}],"wp:attachment":[{"href":"https:\/\/silikotek.sapartners.site\/index.php\/wp-json\/wp\/v2\/media?parent=22025"}],"wp:term":[{"taxonomy":"pwb-brand","embeddable":true,"href":"https:\/\/silikotek.sapartners.site\/index.php\/wp-json\/wp\/v2\/pwb-brand?post=22025"},{"taxonomy":"product_brand","embeddable":true,"href":"https:\/\/silikotek.sapartners.site\/index.php\/wp-json\/wp\/v2\/product_brand?post=22025"},{"taxonomy":"product_cat","embeddable":true,"href":"https:\/\/silikotek.sapartners.site\/index.php\/wp-json\/wp\/v2\/product_cat?post=22025"},{"taxonomy":"product_tag","embeddable":true,"href":"https:\/\/silikotek.sapartners.site\/index.php\/wp-json\/wp\/v2\/product_tag?post=22025"}],"curies":[{"name":"wp","href":"https:\/\/api.w.org\/{rel}","templated":true}]}}