{"id":21776,"date":"2020-01-09T09:38:56","date_gmt":"2020-01-09T07:38:56","guid":{"rendered":"https:\/\/www.silikotek.fi\/?post_type=product&#038;p=21776"},"modified":"2020-01-09T09:39:16","modified_gmt":"2020-01-09T07:39:16","slug":"sievi-spiderx-s1p-metallittomat-turvakengat","status":"publish","type":"product","link":"https:\/\/silikotek.sapartners.site\/index.php\/tuote\/sievi-spiderx-s1p-metallittomat-turvakengat\/","title":{"rendered":"Sievi SpiderX+ S1P Metallittomat Turvakeng\u00e4t"},"content":{"rendered":"<div class=\"info-table clear\">\n<div class=\"productdata\">\n<div class=\"label\">Tuotekoodi: <span data-productcode=\"43-52106-112-92M\">43-52106-112-92M, 43-52106-113-92M<br \/>\n<\/span><\/div>\n<\/div>\n<div class=\"productdata\">\n<div class=\"label\">Koko 36 &#8211; 38<\/div>\n<\/div>\n<div class=\"mobile-hidden\">\n<div class=\"productdata\">\n<div class=\"label\">Turvaluokitus: EN ISO 20345: S1 P SRC<\/div>\n<\/div>\n<div class=\"productdata\">\n<div class=\"label\">Varvassuoja: Komposiitti<\/div>\n<\/div>\n<div class=\"productdata\">\n<div class=\"label\">Naulaanastumissuoja: Komposiitti X<\/div>\n<\/div>\n<div class=\"productdata\">\n<div class=\"label\">Pohjamateriaali: Kaksikerros PU\/TPU<\/div>\n<\/div>\n<div class=\"productdata\">\n<div class=\"label\">P\u00e4\u00e4llismateriaali: PU-nahka, Mikrokuitu, Tekstiili<\/div>\n<\/div>\n<div class=\"productdata\">\n<div class=\"label\">Lesti: 43<\/div>\n<\/div>\n<\/div>\n<\/div>\n","protected":false},"excerpt":{"rendered":"<p>Metalliton, urheilullinen turvakenk\u00e4. Jalkineessa on komposiitista valmistettu varvassuoja ja lis\u00e4ksi k\u00e4rki on suojattu tyylikk\u00e4\u00e4ll\u00e4 PU-kupilla. K\u00e4ytt\u00f6mukavuutta lis\u00e4\u00e4 3D-dry\u00ae-vuori, joka hengitt\u00e4\u00e4 pit\u00e4en jalkasi kuivempina. Kaksoisvaimennettu Dual-pohjallinen vaimentaa iskuja ja auttaa jalkojasi ja selk\u00e4\u00e4si jaksamaan paremmin. Kaksikerroksinen pohja kest\u00e4\u00e4 kulusta, \u00f6ljy\u00e4 sek\u00e4 useita kemikaaleja.<\/p>\n","protected":false},"featured_media":21777,"template":"","meta":{"_et_pb_use_builder":"","_et_pb_old_content":"","_et_gb_content_width":""},"pwb-brand":[1450],"product_brand":[],"product_cat":[1554],"product_tag":[],"class_list":{"0":"post-21776","1":"product","2":"type-product","3":"status-publish","4":"has-post-thumbnail","6":"pwb-brand-sievin-jalkine","7":"product_cat-turvapuolikengat-s1","8":"pa_kenkakoko-1026","9":"pa_kenkakoko-1027","10":"pa_kenkakoko-1028","11":"pa_kenkakoko-1016","12":"pa_kenkakoko-1017","13":"pa_kenkakoko-1018","14":"pa_kenkakoko-1019","15":"pa_kenkakoko-1020","16":"pa_kenkakoko-1021","17":"pa_kenkakoko-1022","18":"pa_kenkakoko-1023","19":"pa_kenkakoko-1024","21":"first","22":"instock","23":"taxable","24":"shipping-taxable","25":"purchasable","26":"product-type-variable"},"brands":[{"id":1450,"name":"Sievin Jalkine","slug":"sievin-jalkine"}],"_links":{"self":[{"href":"https:\/\/silikotek.sapartners.site\/index.php\/wp-json\/wp\/v2\/product\/21776","targetHints":{"allow":["GET"]}}],"collection":[{"href":"https:\/\/silikotek.sapartners.site\/index.php\/wp-json\/wp\/v2\/product"}],"about":[{"href":"https:\/\/silikotek.sapartners.site\/index.php\/wp-json\/wp\/v2\/types\/product"}],"wp:featuredmedia":[{"embeddable":true,"href":"https:\/\/silikotek.sapartners.site\/index.php\/wp-json\/wp\/v2\/media\/21777"}],"wp:attachment":[{"href":"https:\/\/silikotek.sapartners.site\/index.php\/wp-json\/wp\/v2\/media?parent=21776"}],"wp:term":[{"taxonomy":"pwb-brand","embeddable":true,"href":"https:\/\/silikotek.sapartners.site\/index.php\/wp-json\/wp\/v2\/pwb-brand?post=21776"},{"taxonomy":"product_brand","embeddable":true,"href":"https:\/\/silikotek.sapartners.site\/index.php\/wp-json\/wp\/v2\/product_brand?post=21776"},{"taxonomy":"product_cat","embeddable":true,"href":"https:\/\/silikotek.sapartners.site\/index.php\/wp-json\/wp\/v2\/product_cat?post=21776"},{"taxonomy":"product_tag","embeddable":true,"href":"https:\/\/silikotek.sapartners.site\/index.php\/wp-json\/wp\/v2\/product_tag?post=21776"}],"curies":[{"name":"wp","href":"https:\/\/api.w.org\/{rel}","templated":true}]}}