{"id":21752,"date":"2020-01-08T12:52:54","date_gmt":"2020-01-08T10:52:54","guid":{"rendered":"https:\/\/www.silikotek.fi\/?post_type=product&#038;p=21752"},"modified":"2022-01-03T10:34:38","modified_gmt":"2022-01-03T08:34:38","slug":"sievi-rx-roller-s3-turvakengat","status":"publish","type":"product","link":"https:\/\/silikotek.sapartners.site\/index.php\/tuote\/sievi-rx-roller-s3-turvakengat\/","title":{"rendered":"Sievi RX Roller S3 Turvakeng\u00e4t"},"content":{"rendered":"<div class=\"info-table clear\">\n<div class=\"productdata\">\n<div class=\"label\">Tuotekoodi: <span data-productcode=\"44-52356-143-92M\">44-52356-143-92M<\/span><\/div>\n<\/div>\n<div class=\"productdata\">\n<div class=\"label\">Koko: 39 &#8211; 48<\/div>\n<\/div>\n<div class=\"mobile-hidden\">\n<div class=\"productdata\">\n<div class=\"label\">Turvaluokitus: EN ISO 20345: S3 SRC<\/div>\n<\/div>\n<div class=\"productdata\">\n<div class=\"label\">Varvassuoja: Alumiini<\/div>\n<\/div>\n<div class=\"productdata\">\n<div class=\"label\">Naulaanastumissuoja: Komposiitti X<\/div>\n<\/div>\n<div class=\"productdata\">\n<div class=\"label\">Pohjamateriaali: 1-kerros PU<\/div>\n<\/div>\n<div class=\"productdata\">\n<div class=\"label\">P\u00e4\u00e4llismateriaali: Mikrokuitu<\/div>\n<\/div>\n<div class=\"productdata\">\n<div class=\"label\">Lesti: 44<\/div>\n<\/div>\n<\/div>\n<\/div>\n","protected":false},"excerpt":{"rendered":"<p>RX-malleissa on X-komposiittitekstiilinaulasuoja, joka on kehitetty suojaamaan entist\u00e4 ohuempia nauloja vastaan. Sporttisen kevyt rakenne, hengitt\u00e4v\u00e4 ja anatomisesti jalkaa tukeva muotoilu sek\u00e4 k\u00e4ytt\u00f6mukavuutta lis\u00e4\u00e4v\u00e4 Boa\u00ae kiristysmekanismi tekee Sweet RX Rollerista ylivoimaisen turvajalkineen.<\/p>\n","protected":false},"featured_media":0,"template":"","meta":{"_et_pb_use_builder":"","_et_pb_old_content":"","_et_gb_content_width":""},"pwb-brand":[1450],"product_brand":[],"product_cat":[1556],"product_tag":[],"class_list":{"0":"post-21752","1":"product","2":"type-product","3":"status-publish","5":"pwb-brand-sievin-jalkine","6":"product_cat-turvapuolikengat-s3","7":"pa_kenkakoko-1021","9":"first","10":"instock","11":"taxable","12":"shipping-taxable","13":"purchasable","14":"product-type-variable"},"brands":[{"id":1450,"name":"Sievin Jalkine","slug":"sievin-jalkine"}],"_links":{"self":[{"href":"https:\/\/silikotek.sapartners.site\/index.php\/wp-json\/wp\/v2\/product\/21752","targetHints":{"allow":["GET"]}}],"collection":[{"href":"https:\/\/silikotek.sapartners.site\/index.php\/wp-json\/wp\/v2\/product"}],"about":[{"href":"https:\/\/silikotek.sapartners.site\/index.php\/wp-json\/wp\/v2\/types\/product"}],"wp:attachment":[{"href":"https:\/\/silikotek.sapartners.site\/index.php\/wp-json\/wp\/v2\/media?parent=21752"}],"wp:term":[{"taxonomy":"pwb-brand","embeddable":true,"href":"https:\/\/silikotek.sapartners.site\/index.php\/wp-json\/wp\/v2\/pwb-brand?post=21752"},{"taxonomy":"product_brand","embeddable":true,"href":"https:\/\/silikotek.sapartners.site\/index.php\/wp-json\/wp\/v2\/product_brand?post=21752"},{"taxonomy":"product_cat","embeddable":true,"href":"https:\/\/silikotek.sapartners.site\/index.php\/wp-json\/wp\/v2\/product_cat?post=21752"},{"taxonomy":"product_tag","embeddable":true,"href":"https:\/\/silikotek.sapartners.site\/index.php\/wp-json\/wp\/v2\/product_tag?post=21752"}],"curies":[{"name":"wp","href":"https:\/\/api.w.org\/{rel}","templated":true}]}}