{"id":21741,"date":"2020-01-08T10:43:39","date_gmt":"2020-01-08T08:43:39","guid":{"rendered":"https:\/\/www.silikotek.fi\/?post_type=product&#038;p=21741"},"modified":"2021-01-14T13:44:19","modified_gmt":"2021-01-14T11:44:19","slug":"sievi-sweet-rx-roller-s3-turvakengat","status":"publish","type":"product","link":"https:\/\/silikotek.sapartners.site\/index.php\/tuote\/sievi-sweet-rx-roller-s3-turvakengat\/","title":{"rendered":"Sievi Sweet RX Roller S3 Turvakeng\u00e4t"},"content":{"rendered":"<div class=\"info-table clear\">\n<div class=\"productdata\">\n<div class=\"label\">Tuotekoodi: <span data-productcode=\"44-52354-142-92M\">44-52354-142-92M<br \/>\n<\/span><\/div>\n<\/div>\n<div class=\"productdata\">\n<div class=\"label\">Koko: 35 &#8211; 43<\/div>\n<\/div>\n<div class=\"mobile-hidden\">\n<div class=\"productdata\">\n<div class=\"label\">Turvaluokitus: EN ISO 20345: S3 SRC<\/div>\n<\/div>\n<div class=\"productdata\">\n<div class=\"label\">Varvassuoja: Alumiini<\/div>\n<\/div>\n<div class=\"productdata\">\n<div class=\"label\">Naulaanastumissuoja: Komposiitti X<\/div>\n<\/div>\n<div class=\"productdata\">\n<div class=\"label\">Pohjamateriaali: 1-kerros PU<\/div>\n<\/div>\n<div class=\"productdata\">\n<div class=\"label\">P\u00e4\u00e4llismateriaali: Mikrokuitu<\/div>\n<\/div>\n<div class=\"productdata\">\n<div class=\"label\">Lesti: 44<\/div>\n<\/div>\n<\/div>\n<\/div>\n","protected":false},"excerpt":{"rendered":"<p>RX-malleissa on X-komposiittitekstiilinaulasuoja, joka on kehitetty suojaamaan entist\u00e4 ohuempia nauloja vastaan. Sporttisen kevyt rakenne, hengitt\u00e4v\u00e4 ja anatomisesti jalkaa tukeva muotoilu sek\u00e4 k\u00e4ytt\u00f6mukavuutta lis\u00e4\u00e4v\u00e4 Boa\u00ae kiristysmekanismi tekee Sweet RX Rollerista ylivoimaisen turvajalkineen.<\/p>\n","protected":false},"featured_media":21742,"template":"","meta":{"_et_pb_use_builder":"","_et_pb_old_content":"","_et_gb_content_width":""},"pwb-brand":[1450],"product_brand":[],"product_cat":[1556],"product_tag":[],"class_list":{"0":"post-21741","1":"product","2":"type-product","3":"status-publish","4":"has-post-thumbnail","6":"pwb-brand-sievin-jalkine","7":"product_cat-turvapuolikengat-s3","8":"pa_kenkakoko-1025","9":"pa_kenkakoko-1026","10":"pa_kenkakoko-1027","11":"pa_kenkakoko-1028","12":"pa_kenkakoko-1016","13":"pa_kenkakoko-1017","14":"pa_kenkakoko-1018","15":"pa_kenkakoko-1019","16":"pa_kenkakoko-1020","18":"first","19":"instock","20":"taxable","21":"shipping-taxable","22":"purchasable","23":"product-type-variable"},"brands":[{"id":1450,"name":"Sievin Jalkine","slug":"sievin-jalkine"}],"_links":{"self":[{"href":"https:\/\/silikotek.sapartners.site\/index.php\/wp-json\/wp\/v2\/product\/21741","targetHints":{"allow":["GET"]}}],"collection":[{"href":"https:\/\/silikotek.sapartners.site\/index.php\/wp-json\/wp\/v2\/product"}],"about":[{"href":"https:\/\/silikotek.sapartners.site\/index.php\/wp-json\/wp\/v2\/types\/product"}],"wp:featuredmedia":[{"embeddable":true,"href":"https:\/\/silikotek.sapartners.site\/index.php\/wp-json\/wp\/v2\/media\/21742"}],"wp:attachment":[{"href":"https:\/\/silikotek.sapartners.site\/index.php\/wp-json\/wp\/v2\/media?parent=21741"}],"wp:term":[{"taxonomy":"pwb-brand","embeddable":true,"href":"https:\/\/silikotek.sapartners.site\/index.php\/wp-json\/wp\/v2\/pwb-brand?post=21741"},{"taxonomy":"product_brand","embeddable":true,"href":"https:\/\/silikotek.sapartners.site\/index.php\/wp-json\/wp\/v2\/product_brand?post=21741"},{"taxonomy":"product_cat","embeddable":true,"href":"https:\/\/silikotek.sapartners.site\/index.php\/wp-json\/wp\/v2\/product_cat?post=21741"},{"taxonomy":"product_tag","embeddable":true,"href":"https:\/\/silikotek.sapartners.site\/index.php\/wp-json\/wp\/v2\/product_tag?post=21741"}],"curies":[{"name":"wp","href":"https:\/\/api.w.org\/{rel}","templated":true}]}}