{"id":21569,"date":"2019-12-11T13:54:53","date_gmt":"2019-12-11T11:54:53","guid":{"rendered":"https:\/\/www.silikotek.fi\/?post_type=product&#038;p=21569"},"modified":"2024-09-30T09:53:07","modified_gmt":"2024-09-30T06:53:07","slug":"kstools-momenttiavain-200-1000-nm-1-516-1495","status":"publish","type":"product","link":"https:\/\/silikotek.sapartners.site\/index.php\/tuote\/kstools-momenttiavain-200-1000-nm-1-516-1495\/","title":{"rendered":"Kstools Momenttiavain 200-1000 Nm, 1&#8243;, 516.1495"},"content":{"rendered":"<p><iframe loading=\"lazy\" title=\"KS Tools Drehmomentschl\u00fcssel-Programm\" width=\"1080\" height=\"810\" src=\"https:\/\/www.youtube.com\/embed\/NvedW-cIKjM?feature=oembed\"  allow=\"accelerometer; autoplay; clipboard-write; encrypted-media; gyroscope; picture-in-picture\" allowfullscreen><\/iframe><\/p>\n<ul>\n<li class=\"liste\">toimintatarkkuus:\u00a0<span class=\"ROT\">\u00b13 %<\/span>\u00a0toleranssi asetetuille arvoille<\/li>\n<li class=\"liste\">toistettava ja tarkka v\u00e4hint\u00e4\u00e4n 5 000 kuormalle<\/li>\n<li class=\"liste\">hallittu siirto oikealle ja vasemmalle<\/li>\n<li class=\"liste\">sahareunainen nuppi, jolla arvoa voidaan s\u00e4\u00e4t\u00e4\u00e4 k\u00e4sin<\/li>\n<li class=\"liste\">k\u00e4ytt\u00f6suunnan muutos nelikantav\u00e4\u00e4nti\u00f6n avulla<\/li>\n<li class=\"liste\">kaksoisasteikko Nm ja lbf\u2022ft jako tarkkaa asetusta varten<\/li>\n<li class=\"liste\">sis. tarkasti jaoteltavan Nm-mikrometriasteikon tarkkaa asetusta varten<\/li>\n<li class=\"liste\">kurkistusmahdollisuudella varustettu suuri ikkuna optimoi luettavuuden<\/li>\n<li class=\"liste\">selke\u00e4sti kuultava ja tunnettava v\u00e4\u00e4nt\u00f6momentin sammutus<\/li>\n<li class=\"liste\">vahvalla 30-hampaisella r\u00e4ikk\u00e4mekanismilla<\/li>\n<li class=\"liste\">v\u00e4\u00e4nt\u00f6momentin asetus nopeasti ja varmasti vet\u00e4m\u00e4ll\u00e4 kahvaa<\/li>\n<li class=\"liste\">varma lukitusmahdollisuus kahvasta<\/li>\n<li class=\"liste\">painike-pikairrotustoiminto r\u00e4ikk\u00e4p\u00e4\u00e4ss\u00e4<\/li>\n<li class=\"liste\">ergonominen kaksikomponenttikahva pehmusteella<\/li>\n<li class=\"liste\">nelikulmav\u00e4\u00e4nti\u00f6, DIN 3120 \/ ISO 1174, pallolukitus<\/li>\n<li class=\"liste\">yksik\u00f6llinen sarjanumero auttaa selke\u00e4ss\u00e4 tuotteen tunnistamisessa<\/li>\n<li class=\"liste\">sis. DIN EN ISO 6789:2017 (E) -sertifikaatin \u2013 j\u00e4ljitett\u00e4viss\u00e4 kansallisiin standardeihin<\/li>\n<\/ul>\n","protected":false},"excerpt":{"rendered":"<p>KSTOOLS ERGOTORQUE momenttiavain r\u00e4ikk\u00e4p\u00e4\u00e4ll\u00e4, suunnanvaihdolla ja kiertonupilla.<\/p>\n","protected":false},"featured_media":21570,"template":"","meta":{"_et_pb_use_builder":"off","_et_pb_old_content":"\u00a0\r\n<ul>\r\n \t<li class=\"liste\">toimintatarkkuus:\u00a0<span class=\"ROT\">\u00b13 %<\/span>\u00a0toleranssi asetetuille arvoille<\/li>\r\n \t<li class=\"liste\">toistettava ja tarkka v\u00e4hint\u00e4\u00e4n 5 000 kuormalle<\/li>\r\n \t<li class=\"liste\">hallittu siirto oikealle ja vasemmalle<\/li>\r\n \t<li class=\"liste\">sahareunainen nuppi, jolla arvoa voidaan s\u00e4\u00e4t\u00e4\u00e4 k\u00e4sin<\/li>\r\n \t<li class=\"liste\">k\u00e4ytt\u00f6suunnan muutos nelikantav\u00e4\u00e4nti\u00f6n avulla<\/li>\r\n \t<li class=\"liste\">kaksoisasteikko Nm ja lbf\u2022ft jako tarkkaa asetusta varten<\/li>\r\n \t<li class=\"liste\">sis. tarkasti jaoteltavan Nm-mikrometriasteikon tarkkaa asetusta varten<\/li>\r\n \t<li class=\"liste\">kurkistusmahdollisuudella varustettu suuri ikkuna optimoi luettavuuden<\/li>\r\n \t<li class=\"liste\">selke\u00e4sti kuultava ja tunnettava v\u00e4\u00e4nt\u00f6momentin sammutus<\/li>\r\n \t<li class=\"liste\">vahvalla 30-hampaisella r\u00e4ikk\u00e4mekanismilla<\/li>\r\n \t<li class=\"liste\">v\u00e4\u00e4nt\u00f6momentin asetus nopeasti ja varmasti vet\u00e4m\u00e4ll\u00e4 kahvaa<\/li>\r\n \t<li class=\"liste\">varma lukitusmahdollisuus kahvasta<\/li>\r\n \t<li class=\"liste\">painike-pikairrotustoiminto r\u00e4ikk\u00e4p\u00e4\u00e4ss\u00e4<\/li>\r\n \t<li class=\"liste\">ergonominen kaksikomponenttikahva pehmusteella<\/li>\r\n \t<li class=\"liste\">nelikulmav\u00e4\u00e4nti\u00f6, DIN 3120 \/ ISO 1174, pallolukitus<\/li>\r\n \t<li class=\"liste\">yksik\u00f6llinen sarjanumero auttaa selke\u00e4ss\u00e4 tuotteen tunnistamisessa<\/li>\r\n \t<li class=\"liste\">sis. DIN EN ISO 6789:2017 (E) -sertifikaatin \u2013 j\u00e4ljitett\u00e4viss\u00e4 kansallisiin standardeihin<\/li>\r\n<\/ul>","_et_gb_content_width":""},"pwb-brand":[1454],"product_brand":[],"product_cat":[784],"product_tag":[],"class_list":{"0":"post-21569","1":"product","2":"type-product","3":"status-publish","4":"has-post-thumbnail","6":"pwb-brand-kstools","7":"product_cat-momenttiavaimet","9":"first","10":"instock","11":"taxable","12":"shipping-taxable","13":"purchasable","14":"product-type-simple"},"brands":[{"id":1454,"name":"Kstools","slug":"kstools"}],"_links":{"self":[{"href":"https:\/\/silikotek.sapartners.site\/index.php\/wp-json\/wp\/v2\/product\/21569","targetHints":{"allow":["GET"]}}],"collection":[{"href":"https:\/\/silikotek.sapartners.site\/index.php\/wp-json\/wp\/v2\/product"}],"about":[{"href":"https:\/\/silikotek.sapartners.site\/index.php\/wp-json\/wp\/v2\/types\/product"}],"wp:featuredmedia":[{"embeddable":true,"href":"https:\/\/silikotek.sapartners.site\/index.php\/wp-json\/wp\/v2\/media\/21570"}],"wp:attachment":[{"href":"https:\/\/silikotek.sapartners.site\/index.php\/wp-json\/wp\/v2\/media?parent=21569"}],"wp:term":[{"taxonomy":"pwb-brand","embeddable":true,"href":"https:\/\/silikotek.sapartners.site\/index.php\/wp-json\/wp\/v2\/pwb-brand?post=21569"},{"taxonomy":"product_brand","embeddable":true,"href":"https:\/\/silikotek.sapartners.site\/index.php\/wp-json\/wp\/v2\/product_brand?post=21569"},{"taxonomy":"product_cat","embeddable":true,"href":"https:\/\/silikotek.sapartners.site\/index.php\/wp-json\/wp\/v2\/product_cat?post=21569"},{"taxonomy":"product_tag","embeddable":true,"href":"https:\/\/silikotek.sapartners.site\/index.php\/wp-json\/wp\/v2\/product_tag?post=21569"}],"curies":[{"name":"wp","href":"https:\/\/api.w.org\/{rel}","templated":true}]}}