{"id":21436,"date":"2019-11-26T10:41:40","date_gmt":"2019-11-26T08:41:40","guid":{"rendered":"https:\/\/www.silikotek.fi\/?post_type=product&#038;p=21436"},"modified":"2023-09-01T14:49:26","modified_gmt":"2023-09-01T11:49:26","slug":"kraftmann-129-osainen-tyokalusarja-alumiinilaukussa-2204","status":"publish","type":"product","link":"https:\/\/silikotek.sapartners.site\/index.php\/tuote\/kraftmann-129-osainen-tyokalusarja-alumiinilaukussa-2204\/","title":{"rendered":"Kraftmann 129-osainen Ty\u00f6kalusarja alumiinilaukussa 2204"},"content":{"rendered":"<p>Sis\u00e4lt\u00e4\u00e4 seuraavat osat:<\/p>\n<ul>\n<li>1 mattopuukko 155 mm, ter\u00e4 18 mm<\/li>\n<li>10 varater\u00e4\u00e4 mattopuukolle, 18 mm<\/li>\n<li>1 jakoavain-sarja, 200 mm<\/li>\n<li>1 siirtoleukapihdit, 250 mm<\/li>\n<li>1 yhdistelm\u00e4pihdit, 175 mm<\/li>\n<li>1 nokkapihdit, 200 mm<\/li>\n<li>1 vesivaaka, 230 mm<\/li>\n<li>1 rullamitta, 15 mm x 3 m<\/li>\n<li>1 r\u00e4ikk\u00e4v\u00e4\u00e4nnin, (1\/4&#8243;), 72 hammasta<\/li>\n<li>1 jatkovarsi, (1\/4&#8243;), 100 mm<\/li>\n<li>1 ruuvausk\u00e4rjenpidin, 6.3 mm (1\/4&#8243;), 150 mm<\/li>\n<li>13 hylsy\u00e4, (1\/4&#8243;) kiskossa, 4 &#8211; 4.5 &#8211; 5 &#8211; 5.5 &#8211; 6 &#8211; 7 &#8211; 8 &#8211; 9 &#8211; 10 &#8211; 11 &#8211; 12 &#8211; 13 &#8211; 14 mm<\/li>\n<li>1 bitsinpidin, (1\/4&#8243;)<\/li>\n<li>19 bitsi\u00e4, 6.3 mm (1\/4&#8243;) talttap\u00e4\u00e4 3 &#8211; 8 mm<\/li>\n<li>11 bitsi\u00e4, 6.3 mm (1\/4&#8243;) kuusiokolo 2 &#8211; 8 mm<\/li>\n<li>8 bitsi\u00e4, 6.3 mm (1\/4&#8243;) ristip\u00e4\u00e4 PZ0 &#8211; PZ3<\/li>\n<li>8 bitsi\u00e4, 6.3 mm (1\/4&#8243;) ristip\u00e4\u00e4 PH0 &#8211; PH3<\/li>\n<li>10 bitsi\u00e4, 6.3 mm (1\/4&#8243;) torx (Torx) T8 &#8211; T40<\/li>\n<li>4 bitsi\u00e4, 6.3 mm (1\/4&#8243;) neliskulmainen 2 &#8211; 3.5 mm<\/li>\n<li>1 bitsisovitin, ulkoinen\/sis\u00e4inen kuusikulmio 6.3 mm (1\/4&#8243;)<\/li>\n<li>1 ruuvimeisseli latta sl 2.5 x 50 mm<\/li>\n<li>1 ristip\u00e4\u00e4 ruuvimeisseli PH00 x 50 mm<\/li>\n<li>3 ruuvimeisseli\u00e4 latta sl 5.5 x 75 mm, 6.5 x 100 mm, 8 x 125 mm<\/li>\n<li>1 j\u00e4nnnitemittari 100 &#8211; 250 V<\/li>\n<li>2 ruuvimeisseli\u00e4 ristip\u00e4\u00e4 PH1 x 75 mm, PH2 x 100 mm<\/li>\n<li>1 ruuvausk\u00e4rjenpidin bitseille, 6.3 mm (1\/4&#8243;)<\/li>\n<li>1 rautasaha, 260 mm, sis. 7 sahanter\u00e4\u00e4<\/li>\n<li>9 L-malliset kuusiokoloavaimet1.5 &#8211; 2 &#8211; 2.5 &#8211; 3 &#8211; 4 &#8211; 5 &#8211; 6 &#8211; 8 &#8211; 10 mm<\/li>\n<li>8 avolenkkiavaimet, 6 x 7 &#8211; 8 x 9 &#8211; 10 x 11 &#8211; 12 x 13 &#8211; 14 x 15 &#8211; 16 x 17 &#8211; 18 x 19 &#8211; 20 x 22 mm<\/li>\n<li>1 pajavasara, 300 g<\/li>\n<\/ul>\n","protected":false},"excerpt":{"rendered":"<p>Monipuolinen 129-osainen ty\u00f6kalujen sarja, joka on pakattu upeaan lukittavaan alumiinisalkkuun. Mainio lahja nuorelle tai miksi ei vanhemmallekin, joka tarvitsee p\u00e4ivityst\u00e4 ty\u00f6kaluihinsa. Salkku kulkee k\u00e4tev\u00e4sti mukana, joten en\u00e4\u00e4 ei tarvitse murehtia sit\u00e4, ett\u00e4 oikea ty\u00f6kalu puuttuu tien p\u00e4\u00e4ll\u00e4.<\/p>\n","protected":false},"featured_media":21438,"template":"","meta":{"_et_pb_use_builder":"","_et_pb_old_content":"","_et_gb_content_width":""},"pwb-brand":[1456],"product_brand":[],"product_cat":[836],"product_tag":[],"class_list":{"0":"post-21436","1":"product","2":"type-product","3":"status-publish","4":"has-post-thumbnail","6":"pwb-brand-kraftmann","7":"product_cat-tyokalulaukut","9":"first","10":"instock","11":"taxable","12":"shipping-taxable","13":"purchasable","14":"product-type-simple"},"brands":[{"id":1456,"name":"Kraftmann","slug":"kraftmann"}],"_links":{"self":[{"href":"https:\/\/silikotek.sapartners.site\/index.php\/wp-json\/wp\/v2\/product\/21436","targetHints":{"allow":["GET"]}}],"collection":[{"href":"https:\/\/silikotek.sapartners.site\/index.php\/wp-json\/wp\/v2\/product"}],"about":[{"href":"https:\/\/silikotek.sapartners.site\/index.php\/wp-json\/wp\/v2\/types\/product"}],"wp:featuredmedia":[{"embeddable":true,"href":"https:\/\/silikotek.sapartners.site\/index.php\/wp-json\/wp\/v2\/media\/21438"}],"wp:attachment":[{"href":"https:\/\/silikotek.sapartners.site\/index.php\/wp-json\/wp\/v2\/media?parent=21436"}],"wp:term":[{"taxonomy":"pwb-brand","embeddable":true,"href":"https:\/\/silikotek.sapartners.site\/index.php\/wp-json\/wp\/v2\/pwb-brand?post=21436"},{"taxonomy":"product_brand","embeddable":true,"href":"https:\/\/silikotek.sapartners.site\/index.php\/wp-json\/wp\/v2\/product_brand?post=21436"},{"taxonomy":"product_cat","embeddable":true,"href":"https:\/\/silikotek.sapartners.site\/index.php\/wp-json\/wp\/v2\/product_cat?post=21436"},{"taxonomy":"product_tag","embeddable":true,"href":"https:\/\/silikotek.sapartners.site\/index.php\/wp-json\/wp\/v2\/product_tag?post=21436"}],"curies":[{"name":"wp","href":"https:\/\/api.w.org\/{rel}","templated":true}]}}