{"id":2120,"date":"2014-03-31T10:48:09","date_gmt":"2014-03-31T10:48:09","guid":{"rendered":"http:\/\/192.168.100.222\/target_carts\/wordpress\/wordpress495\/wordpress\/?product=kuulonsuojain-howard-leight-clarity-c1h"},"modified":"2014-05-16T15:32:48","modified_gmt":"2014-05-16T15:32:48","slug":"kuulonsuojain-howard-leight-clarity-c1h","status":"publish","type":"product","link":"https:\/\/silikotek.sapartners.site\/index.php\/tuote\/kuulonsuojain-howard-leight-clarity-c1h\/","title":{"rendered":"Kuulonsuojain Howard Leight Clarity C1H"},"content":{"rendered":"<p><strong>Mekaanisesti toimiva kuuleva kuulonsuojain. Kuulonsuojain luonnolliseen \u00e4\u00e4nentoistoon.<\/strong> Haitallisten \u00e4\u00e4nten vaimennus ei aina riit\u00e4, koska t\u00e4rke\u00e4t \u00e4\u00e4net, kuten h\u00e4lytys\u00e4\u00e4net, varoitussignaalit ja ihmisten \u00e4\u00e4net, on kuultava. Patentoitu ei elektroninen \u00e4\u00e4nentoistotekniikka mahdollistaa haitallisen melun suodattamisen pois ja t\u00e4rkeiden \u00e4\u00e4nten kuulemisen.<\/p>\n<p>Kyp\u00e4r\u00e4kiinnitteinen kuulonsuojain, joka antaa luonnollisen \u00e4\u00e4nentoiston. Vaimentaa melun, mutta p\u00e4\u00e4st\u00e4\u00e4 t\u00e4rke\u00e4t \u00e4\u00e4net, kuten puheen, varoitus\u00e4\u00e4net jne. l\u00e4pi. 3712 levykiinnike ja vaahtomuovit\u00e4ytteiset tiivisterenkaat.<\/p>\n<p>Paino: 177 g<br \/>SNR: 26<\/p>\n<p>\u00a0<\/p>\n","protected":false},"excerpt":{"rendered":"<p>Kuulonsuojain Howard Leight Clarity C1H<\/p>\n","protected":false},"featured_media":2119,"template":"","meta":{"_et_pb_use_builder":"","_et_pb_old_content":"","_et_gb_content_width":""},"pwb-brand":[],"product_brand":[],"product_cat":[317],"product_tag":[],"class_list":{"0":"post-2120","1":"product","2":"type-product","3":"status-publish","4":"has-post-thumbnail","6":"product_cat-kuulokkeet-ja-kuulonsuojaimet","8":"first","9":"instock","10":"sale","11":"taxable","12":"shipping-taxable","13":"purchasable","14":"product-type-simple"},"brands":[],"_links":{"self":[{"href":"https:\/\/silikotek.sapartners.site\/index.php\/wp-json\/wp\/v2\/product\/2120","targetHints":{"allow":["GET"]}}],"collection":[{"href":"https:\/\/silikotek.sapartners.site\/index.php\/wp-json\/wp\/v2\/product"}],"about":[{"href":"https:\/\/silikotek.sapartners.site\/index.php\/wp-json\/wp\/v2\/types\/product"}],"wp:featuredmedia":[{"embeddable":true,"href":"https:\/\/silikotek.sapartners.site\/index.php\/wp-json\/wp\/v2\/media\/2119"}],"wp:attachment":[{"href":"https:\/\/silikotek.sapartners.site\/index.php\/wp-json\/wp\/v2\/media?parent=2120"}],"wp:term":[{"taxonomy":"pwb-brand","embeddable":true,"href":"https:\/\/silikotek.sapartners.site\/index.php\/wp-json\/wp\/v2\/pwb-brand?post=2120"},{"taxonomy":"product_brand","embeddable":true,"href":"https:\/\/silikotek.sapartners.site\/index.php\/wp-json\/wp\/v2\/product_brand?post=2120"},{"taxonomy":"product_cat","embeddable":true,"href":"https:\/\/silikotek.sapartners.site\/index.php\/wp-json\/wp\/v2\/product_cat?post=2120"},{"taxonomy":"product_tag","embeddable":true,"href":"https:\/\/silikotek.sapartners.site\/index.php\/wp-json\/wp\/v2\/product_tag?post=2120"}],"curies":[{"name":"wp","href":"https:\/\/api.w.org\/{rel}","templated":true}]}}