{"id":2118,"date":"2014-03-31T10:48:09","date_gmt":"2014-03-31T10:48:09","guid":{"rendered":"http:\/\/192.168.100.222\/target_carts\/wordpress\/wordpress495\/wordpress\/?product=kuulonsuojain-peltor-tactical-xp-mt1h7f2"},"modified":"2020-10-13T10:20:08","modified_gmt":"2020-10-13T07:20:08","slug":"kuulonsuojain-peltor-tactical-xp-mt1h7f2","status":"publish","type":"product","link":"https:\/\/silikotek.sapartners.site\/index.php\/tuote\/kuulonsuojain-peltor-tactical-xp-mt1h7f2\/","title":{"rendered":"Peltor Tactical XP MT1H7F2 Kuulonsuojain"},"content":{"rendered":"<p>Hyvin vaimentava elektroninen kuulonsuojain ty\u00f6ymp\u00e4rist\u00f6ihin, joissa \u00e4killisen melun vuoksi tarvitaan hyv\u00e4\u00e4 suojausta ja turvallisuutta. Kuulonsuojaimien kuuntelutoiminto parantaa kommunikointimahdollisuuksia sek\u00e4 antaa tasaisen \u00e4\u00e4nenvoimakkuuden kupuihin ja yksil\u00f6llisen kaiuttimien \u00e4\u00e4nentasapainon s\u00e4\u00e4d\u00f6n. S\u00e4\u00e4dett\u00e4v\u00e4 \u00e4\u00e4nenvoimakkuuden s\u00e4\u00e4t\u00f6. Tiheiden \u00e4killisten impulssi\u00e4\u00e4nien takia palautumisaika on s\u00e4\u00e4dett\u00e4viss\u00e4. Equalizer toiminto suodattaa ymp\u00e4rist\u00f6n melua ja parantaa tai vahvistaa tietyll\u00e4 taajuudella olevia \u00e4\u00e4ni\u00e4. Mahdollisuus nostaa kuulonsuojaimeen liitetyn radiopuhelimen tai puhelimen \u00e4\u00e4nitason rajoitinta 82 dB:st\u00e4 89 dB:iin. \u00c4\u00e4niohjaus kertoo jokaisen s\u00e4\u00e4d\u00f6n. Paristot toimitetaan tuotteen mukana. Paristojen k\u00e4ytt\u00f6aika n. 1000 tuntia.<\/p>\n<p>Helpottaa yhteydenpitoa meluisessa ymp\u00e4rist\u00f6ss\u00e4. Headset mallit liitett\u00e4viss\u00e4 matka-, DECT- ja radiopuhelimiin.<\/p>\n<p>Vastaa PPE-direktiivin 89\/686\/EEC sek\u00e4 soveltuvin osin EN 352 vaatimuksia.<\/p>\n<p>Vaimennusarvot:<\/p>\n<p>H = 32<br \/>\nM = 29<br \/>\nL = 20<br \/>\nSNR = 31<\/p>\n","protected":false},"excerpt":{"rendered":"<p>Kuulonsuojain PELTOR Tactical XP &#8211; p\u00e4\u00e4lakisanka<\/p>\n","protected":false},"featured_media":2117,"template":"","meta":{"_et_pb_use_builder":"","_et_pb_old_content":"","_et_gb_content_width":""},"pwb-brand":[],"product_brand":[],"product_cat":[315],"product_tag":[],"class_list":{"0":"post-2118","1":"product","2":"type-product","3":"status-publish","4":"has-post-thumbnail","6":"product_cat-elektroniset-kuulonsuojaimet","8":"first","9":"instock","10":"taxable","11":"shipping-taxable","12":"purchasable","13":"product-type-simple"},"brands":[],"_links":{"self":[{"href":"https:\/\/silikotek.sapartners.site\/index.php\/wp-json\/wp\/v2\/product\/2118","targetHints":{"allow":["GET"]}}],"collection":[{"href":"https:\/\/silikotek.sapartners.site\/index.php\/wp-json\/wp\/v2\/product"}],"about":[{"href":"https:\/\/silikotek.sapartners.site\/index.php\/wp-json\/wp\/v2\/types\/product"}],"wp:featuredmedia":[{"embeddable":true,"href":"https:\/\/silikotek.sapartners.site\/index.php\/wp-json\/wp\/v2\/media\/2117"}],"wp:attachment":[{"href":"https:\/\/silikotek.sapartners.site\/index.php\/wp-json\/wp\/v2\/media?parent=2118"}],"wp:term":[{"taxonomy":"pwb-brand","embeddable":true,"href":"https:\/\/silikotek.sapartners.site\/index.php\/wp-json\/wp\/v2\/pwb-brand?post=2118"},{"taxonomy":"product_brand","embeddable":true,"href":"https:\/\/silikotek.sapartners.site\/index.php\/wp-json\/wp\/v2\/product_brand?post=2118"},{"taxonomy":"product_cat","embeddable":true,"href":"https:\/\/silikotek.sapartners.site\/index.php\/wp-json\/wp\/v2\/product_cat?post=2118"},{"taxonomy":"product_tag","embeddable":true,"href":"https:\/\/silikotek.sapartners.site\/index.php\/wp-json\/wp\/v2\/product_tag?post=2118"}],"curies":[{"name":"wp","href":"https:\/\/api.w.org\/{rel}","templated":true}]}}