{"id":21163,"date":"2019-10-25T08:36:22","date_gmt":"2019-10-25T05:36:22","guid":{"rendered":"https:\/\/www.silikotek.fi\/?post_type=product&#038;p=21163"},"modified":"2023-01-04T23:26:37","modified_gmt":"2023-01-04T21:26:37","slug":"kstools-162-0370-tuurnasarja-6-os","status":"publish","type":"product","link":"https:\/\/silikotek.sapartners.site\/index.php\/tuote\/kstools-162-0370-tuurnasarja-6-os\/","title":{"rendered":"Kstools 6-osainen Tuurnasarja 162.0370"},"content":{"rendered":"<ul>\n<li class=\"liste\">k\u00e4ytt\u00f6p\u00e4\u00e4t l\u00e4pikovetettu<\/li>\n<li class=\"liste\">korjattava ter\u00e4<\/li>\n<li class=\"liste\">varsi lakattu kullanv\u00e4riseksi<\/li>\n<li class=\"liste\">kiillotettu<\/li>\n<li class=\"liste\">kromimolybdeeni\u00e4<\/li>\n<li class=\"liste\">auki k\u00e4\u00e4nnett\u00e4v\u00e4 peltilaatikko<\/li>\n<\/ul>\n","protected":false},"excerpt":{"rendered":"<p>Tuurnasarja 150 mm pitk\u00e4t tuurnat. Koot: 3, 4, 5, 6, 8, 10 mm<\/p>\n","protected":false},"featured_media":22219,"template":"","meta":{"_et_pb_use_builder":"","_et_pb_old_content":"","_et_gb_content_width":""},"pwb-brand":[1454],"product_brand":[],"product_cat":[872],"product_tag":[],"class_list":{"0":"post-21163","1":"product","2":"type-product","3":"status-publish","4":"has-post-thumbnail","6":"pwb-brand-kstools","7":"product_cat-tuurnat-pistepuikot-ja-kylmameisselit","9":"first","10":"instock","11":"taxable","12":"shipping-taxable","13":"purchasable","14":"product-type-simple"},"brands":[{"id":1454,"name":"Kstools","slug":"kstools"}],"_links":{"self":[{"href":"https:\/\/silikotek.sapartners.site\/index.php\/wp-json\/wp\/v2\/product\/21163","targetHints":{"allow":["GET"]}}],"collection":[{"href":"https:\/\/silikotek.sapartners.site\/index.php\/wp-json\/wp\/v2\/product"}],"about":[{"href":"https:\/\/silikotek.sapartners.site\/index.php\/wp-json\/wp\/v2\/types\/product"}],"wp:featuredmedia":[{"embeddable":true,"href":"https:\/\/silikotek.sapartners.site\/index.php\/wp-json\/wp\/v2\/media\/22219"}],"wp:attachment":[{"href":"https:\/\/silikotek.sapartners.site\/index.php\/wp-json\/wp\/v2\/media?parent=21163"}],"wp:term":[{"taxonomy":"pwb-brand","embeddable":true,"href":"https:\/\/silikotek.sapartners.site\/index.php\/wp-json\/wp\/v2\/pwb-brand?post=21163"},{"taxonomy":"product_brand","embeddable":true,"href":"https:\/\/silikotek.sapartners.site\/index.php\/wp-json\/wp\/v2\/product_brand?post=21163"},{"taxonomy":"product_cat","embeddable":true,"href":"https:\/\/silikotek.sapartners.site\/index.php\/wp-json\/wp\/v2\/product_cat?post=21163"},{"taxonomy":"product_tag","embeddable":true,"href":"https:\/\/silikotek.sapartners.site\/index.php\/wp-json\/wp\/v2\/product_tag?post=21163"}],"curies":[{"name":"wp","href":"https:\/\/api.w.org\/{rel}","templated":true}]}}