{"id":2098,"date":"2014-03-31T10:48:09","date_gmt":"2014-03-31T10:48:09","guid":{"rendered":"http:\/\/192.168.100.222\/target_carts\/wordpress\/wordpress495\/wordpress\/?product=kuulonsuojain-howard-leight-clarity-c2"},"modified":"2014-05-16T15:39:46","modified_gmt":"2014-05-16T15:39:46","slug":"kuulonsuojain-howard-leight-clarity-c2","status":"publish","type":"product","link":"https:\/\/silikotek.sapartners.site\/index.php\/tuote\/kuulonsuojain-howard-leight-clarity-c2\/","title":{"rendered":"Kuulonsuojain Howard Leight Clarity C2"},"content":{"rendered":"<p>Clarity \u00e4\u00e4nenhallintatekniikka sulkee melun pois, mutta p\u00e4\u00e4st\u00e4\u00e4 t\u00e4rke\u00e4t \u00e4\u00e4net kuten puhe\u00e4\u00e4net l\u00e4pi. Hengitt\u00e4v\u00e4st\u00e4 materiaalista valmistettu p\u00e4\u00e4panta ja tiivisterenkaat takaavat k\u00e4ytt\u00f6mukavuuden my\u00f6s pitk\u00e4aikaisessa k\u00e4yt\u00f6ss\u00e4. P\u00e4\u00e4lakisangassa useita korkeudens\u00e4\u00e4t\u00f6mahdollisuuksia<\/p>\n<p>Paino: 208 g<br \/>SNR: 30, H 30, M 29, L 25<\/p>\n","protected":false},"excerpt":{"rendered":"<p>Kuulonsuojain Howard Leight Clarity C2<\/p>\n","protected":false},"featured_media":2097,"template":"","meta":{"_et_pb_use_builder":"","_et_pb_old_content":"","_et_gb_content_width":""},"pwb-brand":[],"product_brand":[],"product_cat":[317],"product_tag":[],"class_list":{"0":"post-2098","1":"product","2":"type-product","3":"status-publish","4":"has-post-thumbnail","6":"product_cat-kuulokkeet-ja-kuulonsuojaimet","8":"first","9":"instock","10":"sale","11":"taxable","12":"shipping-taxable","13":"purchasable","14":"product-type-simple"},"brands":[],"_links":{"self":[{"href":"https:\/\/silikotek.sapartners.site\/index.php\/wp-json\/wp\/v2\/product\/2098","targetHints":{"allow":["GET"]}}],"collection":[{"href":"https:\/\/silikotek.sapartners.site\/index.php\/wp-json\/wp\/v2\/product"}],"about":[{"href":"https:\/\/silikotek.sapartners.site\/index.php\/wp-json\/wp\/v2\/types\/product"}],"wp:featuredmedia":[{"embeddable":true,"href":"https:\/\/silikotek.sapartners.site\/index.php\/wp-json\/wp\/v2\/media\/2097"}],"wp:attachment":[{"href":"https:\/\/silikotek.sapartners.site\/index.php\/wp-json\/wp\/v2\/media?parent=2098"}],"wp:term":[{"taxonomy":"pwb-brand","embeddable":true,"href":"https:\/\/silikotek.sapartners.site\/index.php\/wp-json\/wp\/v2\/pwb-brand?post=2098"},{"taxonomy":"product_brand","embeddable":true,"href":"https:\/\/silikotek.sapartners.site\/index.php\/wp-json\/wp\/v2\/product_brand?post=2098"},{"taxonomy":"product_cat","embeddable":true,"href":"https:\/\/silikotek.sapartners.site\/index.php\/wp-json\/wp\/v2\/product_cat?post=2098"},{"taxonomy":"product_tag","embeddable":true,"href":"https:\/\/silikotek.sapartners.site\/index.php\/wp-json\/wp\/v2\/product_tag?post=2098"}],"curies":[{"name":"wp","href":"https:\/\/api.w.org\/{rel}","templated":true}]}}