{"id":2094,"date":"2014-03-31T10:48:09","date_gmt":"2014-03-31T10:48:09","guid":{"rendered":"http:\/\/192.168.100.222\/target_carts\/wordpress\/wordpress495\/wordpress\/?product=kuulonsuojain-howard-leightning-l1h"},"modified":"2014-05-16T10:53:46","modified_gmt":"2014-05-16T10:53:46","slug":"kuulonsuojain-howard-leightning-l1h","status":"publish","type":"product","link":"https:\/\/silikotek.sapartners.site\/index.php\/tuote\/kuulonsuojain-howard-leightning-l1h\/","title":{"rendered":"Kuulonsuojain Howard Leightning L1H"},"content":{"rendered":"<p>Kyp\u00e4r\u00e4\u00e4n kiinnitett\u00e4v\u00e4 kupumallinen kuulonsuojain<br \/>Helposti vaihdettavat tiivisterenkaat varmistavat hyv\u00e4n hygienian ja k\u00e4ytt\u00f6mukavuuden. <\/p>\n<p>sopii mm. seuraaviin kyp\u00e4r\u00e4malleihin: Protector Style 300, 600, 615 ja 650 (3721) Balance ABS\/AC, MSA V-Gard, Protector Tuffmaster HC710, JSP Executive (3712) <br \/>My\u00f6s muita sovitteita saatavana.<\/p>\n<p>T\u00e4ytt\u00e4\u00e4 standardin EN352-1<br \/>Vaimennusarvot <br \/>SNR = 28<br \/>H = 31 M = 25 L = 19<\/p>\n<p>Paino 290 g.<\/p>\n","protected":false},"excerpt":{"rendered":"<p>Kuulonsuojain Howard Leightning L1H<\/p>\n","protected":false},"featured_media":2093,"template":"","meta":{"_et_pb_use_builder":"","_et_pb_old_content":"","_et_gb_content_width":""},"pwb-brand":[],"product_brand":[],"product_cat":[317],"product_tag":[],"class_list":{"0":"post-2094","1":"product","2":"type-product","3":"status-publish","4":"has-post-thumbnail","6":"product_cat-kuulokkeet-ja-kuulonsuojaimet","8":"first","9":"instock","10":"sale","11":"taxable","12":"shipping-taxable","13":"purchasable","14":"product-type-simple"},"brands":[],"_links":{"self":[{"href":"https:\/\/silikotek.sapartners.site\/index.php\/wp-json\/wp\/v2\/product\/2094","targetHints":{"allow":["GET"]}}],"collection":[{"href":"https:\/\/silikotek.sapartners.site\/index.php\/wp-json\/wp\/v2\/product"}],"about":[{"href":"https:\/\/silikotek.sapartners.site\/index.php\/wp-json\/wp\/v2\/types\/product"}],"wp:featuredmedia":[{"embeddable":true,"href":"https:\/\/silikotek.sapartners.site\/index.php\/wp-json\/wp\/v2\/media\/2093"}],"wp:attachment":[{"href":"https:\/\/silikotek.sapartners.site\/index.php\/wp-json\/wp\/v2\/media?parent=2094"}],"wp:term":[{"taxonomy":"pwb-brand","embeddable":true,"href":"https:\/\/silikotek.sapartners.site\/index.php\/wp-json\/wp\/v2\/pwb-brand?post=2094"},{"taxonomy":"product_brand","embeddable":true,"href":"https:\/\/silikotek.sapartners.site\/index.php\/wp-json\/wp\/v2\/product_brand?post=2094"},{"taxonomy":"product_cat","embeddable":true,"href":"https:\/\/silikotek.sapartners.site\/index.php\/wp-json\/wp\/v2\/product_cat?post=2094"},{"taxonomy":"product_tag","embeddable":true,"href":"https:\/\/silikotek.sapartners.site\/index.php\/wp-json\/wp\/v2\/product_tag?post=2094"}],"curies":[{"name":"wp","href":"https:\/\/api.w.org\/{rel}","templated":true}]}}