{"id":20896,"date":"2019-09-19T10:23:34","date_gmt":"2019-09-19T07:23:34","guid":{"rendered":"https:\/\/www.silikotek.fi\/?post_type=product&#038;p=20896"},"modified":"2024-09-30T09:53:04","modified_gmt":"2024-09-30T06:53:04","slug":"kstools-the-devil-1-2-tuuman-suurtehoinen-paineilmamutterinvaannin-1600-nm","status":"publish","type":"product","link":"https:\/\/silikotek.sapartners.site\/index.php\/tuote\/kstools-the-devil-1-2-tuuman-suurtehoinen-paineilmamutterinvaannin-1600-nm\/","title":{"rendered":"Kstools The Devil 1\/2 Tuuman Suurtehoinen Paineilmamutterinv\u00e4\u00e4nnin 1600 nm"},"content":{"rendered":"<table class=\"product--properties-table\">\n<tbody>\n<tr class=\"product--properties-item\">\n<td class=\"product--properties-label\">Materiaali1:<\/td>\n<td><span class=\"product--properties-value\">Alumiini<\/span><\/td>\n<\/tr>\n<tr class=\"product--properties-item\">\n<td class=\"product--properties-label\">Tyhj\u00e4k\u00e4yntikierrosluku, r\/min:<\/td>\n<td><span class=\"product--properties-value\">8500<\/span><\/td>\n<\/tr>\n<tr class=\"product--properties-item\">\n<td class=\"product--properties-label\">Leveys B:<\/td>\n<td><span class=\"product--properties-value\">170.0<\/span><\/td>\n<\/tr>\n<tr class=\"product--properties-item\">\n<td class=\"product--properties-label\">\u00c4\u00e4nen tehotaso (dbA):<\/td>\n<td><span class=\"product--properties-value\">100.9<\/span><\/td>\n<\/tr>\n<tr class=\"product--properties-item\">\n<td class=\"product--properties-label\">\u00c4\u00e4nen painetaso (dbA):<\/td>\n<td><span class=\"product--properties-value\">89.9<\/span><\/td>\n<\/tr>\n<tr class=\"product--properties-item\">\n<td class=\"product--properties-label\">Enimm\u00e4iskiristysmomentti oikealle 3:<\/td>\n<td><span class=\"product--properties-value\">3 = 870 Nm<\/span><\/td>\n<\/tr>\n<tr class=\"product--properties-item\">\n<td class=\"product--properties-label\">Enimm\u00e4iskiristysmomentti oikealle 2:<\/td>\n<td><span class=\"product--properties-value\">2 = 660 Nm<\/span><\/td>\n<\/tr>\n<tr class=\"product--properties-item\">\n<td class=\"product--properties-label\">Enimm\u00e4iskiristysmomentti oikealle:<\/td>\n<td><span class=\"product--properties-value\">1 = 490 Nm<\/span><\/td>\n<\/tr>\n<tr class=\"product--properties-item\">\n<td class=\"product--properties-label\">Enimm\u00e4isavausmomentti:<\/td>\n<td><span class=\"product--properties-value\">1600 Nm<\/span><\/td>\n<\/tr>\n<tr class=\"product--properties-item\">\n<td class=\"product--properties-label\">Ilmankulutus, l\/min:<\/td>\n<td><span class=\"product--properties-value\">169<\/span><\/td>\n<\/tr>\n<tr class=\"product--properties-item\">\n<td class=\"product--properties-label\">Suositeltu kiristysmomentti:<\/td>\n<td><span class=\"product--properties-value\">550 Nm<\/span><\/td>\n<\/tr>\n<tr class=\"product--properties-item\">\n<td class=\"product--properties-label\">Liitoskierre:<\/td>\n<td><span class=\"product--properties-value\">1\/4&#8243;PT<\/span><\/td>\n<\/tr>\n<tr class=\"product--properties-item\">\n<td class=\"product--properties-label\">Paino g:<\/td>\n<td><span class=\"product--properties-value\">2100<\/span><\/td>\n<\/tr>\n<tr class=\"product--properties-item\">\n<td class=\"product--properties-label\">Nelikantav\u00e4\u00e4nti\u00f6:<\/td>\n<td><span class=\"product--properties-value\">1\/2<\/span><\/td>\n<\/tr>\n<tr class=\"product--properties-item\">\n<td class=\"product--properties-label\">Kokonaispituus L (mm):<\/td>\n<td><span class=\"product--properties-value\">185.0<\/span><\/td>\n<\/tr>\n<tr class=\"product--properties-item\">\n<td class=\"product--properties-label\">Kiinnitys (mitta) tuumina:<\/td>\n<td><span class=\"product--properties-value\">1\/2<\/span><\/td>\n<\/tr>\n<tr class=\"product--properties-item\">\n<td class=\"product--properties-label\">Pakkauksen sis\u00e4lt\u00f6:<\/td>\n<td><span class=\"product--properties-value\">1<\/span><\/td>\n<\/tr>\n<tr class=\"product--properties-item\">\n<td class=\"product--properties-label\">Kahva:<\/td>\n<td><span class=\"product--properties-value\">Kylm\u00e4eristetty kahva<\/span><\/td>\n<\/tr>\n<tr class=\"product--properties-item\">\n<td class=\"product--properties-label\">Letkun v\u00e4himm\u00e4isl\u00e4pimitta:<\/td>\n<td><span class=\"product--properties-value\">3\/8&#8243; &#8211; 10 mm<\/span><\/td>\n<\/tr>\n<tr class=\"product--properties-item\">\n<td class=\"product--properties-label\">K\u00e4ytt\u00f6paine, bar:<\/td>\n<td><span class=\"product--properties-value\">6,3 bar (90 psi)<\/span><\/td>\n<\/tr>\n<tr class=\"product--properties-item\">\n<td class=\"product--properties-label\">T\u00e4rin\u00e4nnopeutus:<\/td>\n<td><span class=\"product--properties-value\">17,5<\/span><\/td>\n<\/tr>\n<\/tbody>\n<\/table>\n","protected":false},"excerpt":{"rendered":"<div class=\"product--description\">\n<p>Varsinainen paholainen v\u00e4\u00e4nt\u00e4m\u00e4\u00e4n muttereita. The Deviliss\u00e4 on pirusti voimaa!<\/p>\n<ul>\n<li class=\"liste\">liukumaton, pehme\u00e4 kahva<\/li>\n<li class=\"liste\">ilmanpoisto alla olevan kahvan kautta<\/li>\n<li class=\"liste\">k\u00e4yt\u00e4nn\u00f6llisell\u00e4 suunnanvaihtovivulla (vasen\/oikea)<\/li>\n<li class=\"liste\">kevyt k\u00e4ytt\u00e4\u00e4<\/li>\n<li class=\"liste\">3-vaiheinen v\u00e4\u00e4nt\u00f6momentin esivalinta<\/li>\n<li class=\"liste\">suurtehoinen kaksoisvasara-iskumekanismi<\/li>\n<li class=\"liste\">pitk\u00e4 k\u00e4ytt\u00f6ik\u00e4<\/li>\n<li class=\"liste\">kylm\u00e4eristetty kahva<\/li>\n<li class=\"liste\">sis. 1\/4 tuuman pistokkeen<\/li>\n<li class=\"liste\">ultrakevyt alumiinikotelo<\/li>\n<\/ul>\n<\/div>\n","protected":false},"featured_media":20899,"template":"","meta":{"_et_pb_use_builder":"","_et_pb_old_content":"","_et_gb_content_width":""},"pwb-brand":[1454],"product_brand":[],"product_cat":[878],"product_tag":[],"class_list":{"0":"post-20896","1":"product","2":"type-product","3":"status-publish","4":"has-post-thumbnail","6":"pwb-brand-kstools","7":"product_cat-mutterinvaannin","9":"first","10":"instock","11":"taxable","12":"shipping-taxable","13":"purchasable","14":"product-type-simple"},"brands":[{"id":1454,"name":"Kstools","slug":"kstools"}],"_links":{"self":[{"href":"https:\/\/silikotek.sapartners.site\/index.php\/wp-json\/wp\/v2\/product\/20896","targetHints":{"allow":["GET"]}}],"collection":[{"href":"https:\/\/silikotek.sapartners.site\/index.php\/wp-json\/wp\/v2\/product"}],"about":[{"href":"https:\/\/silikotek.sapartners.site\/index.php\/wp-json\/wp\/v2\/types\/product"}],"wp:featuredmedia":[{"embeddable":true,"href":"https:\/\/silikotek.sapartners.site\/index.php\/wp-json\/wp\/v2\/media\/20899"}],"wp:attachment":[{"href":"https:\/\/silikotek.sapartners.site\/index.php\/wp-json\/wp\/v2\/media?parent=20896"}],"wp:term":[{"taxonomy":"pwb-brand","embeddable":true,"href":"https:\/\/silikotek.sapartners.site\/index.php\/wp-json\/wp\/v2\/pwb-brand?post=20896"},{"taxonomy":"product_brand","embeddable":true,"href":"https:\/\/silikotek.sapartners.site\/index.php\/wp-json\/wp\/v2\/product_brand?post=20896"},{"taxonomy":"product_cat","embeddable":true,"href":"https:\/\/silikotek.sapartners.site\/index.php\/wp-json\/wp\/v2\/product_cat?post=20896"},{"taxonomy":"product_tag","embeddable":true,"href":"https:\/\/silikotek.sapartners.site\/index.php\/wp-json\/wp\/v2\/product_tag?post=20896"}],"curies":[{"name":"wp","href":"https:\/\/api.w.org\/{rel}","templated":true}]}}